{"id":3676,"date":"2024-12-02T11:20:37","date_gmt":"2024-12-02T08:20:37","guid":{"rendered":"http:\/\/wordpress.aydersan.com\/ana-sayfa\/?post_type=product&#038;p=3676"},"modified":"2024-12-12T14:33:12","modified_gmt":"2024-12-12T11:33:12","slug":"prodexy-erkek-tabani-degisebilir-tam-anatomik-gunluk-terlik-56","status":"publish","type":"product","link":"https:\/\/www.aydersan.com\/tr\/urun\/prodexy-erkek-tabani-degisebilir-tam-anatomik-gunluk-terlik-56\/","title":{"rendered":"Prodexy Erkek Taban\u0131 De\u011fi\u015febilir Tam Anatomik G\u00fcnl\u00fck Terlik"},"content":{"rendered":"<p><b>Prodexy Erkek Taban\u0131 De\u011fi\u015febilir Tam Anatomik <\/b><a href=\"https:\/\/www.aydersan.com\/product-category\/terlikler\/gunluk-terlikler\/\"><b>G\u00fcnl\u00fck Terlik<\/b><b><\/b><\/a><\/p>\n<p>Prodexy markal\u0131 g\u00fcnl\u00fck terliklerimiz, kullan\u0131c\u0131ya maksimum seviyede konfor sa\u011flamak amac\u0131yla Tam Anatomik <a href=\"https:\/\/www.aydersan.com\/product-category\/terlikler\/gunluk-terlikler\/\"><b>G\u00fcnl\u00fck Terlik<\/b><\/a><b> <\/b>tasar\u0131m\u0131yla \u00fcretilmi\u015ftir. \u0130nsan hatas\u0131n\u0131 minimuma indirecek \u015fekilde tamamen otomasyon sistemlerde \u00fcretilen Prodexy g\u00fcnl\u00fck terliklerimiz, \u00fcretimde sa\u011flad\u0131\u011f\u0131m\u0131z kalite kontrol sistemleri ile her \u00e7iftte hatas\u0131z \u00fcretimi sa\u011flar. T\u00fcm Prodexy markal\u0131 \u00fcr\u00fcnlerimiz yerli \u00fcretimdir.<\/p>\n<p><b>\u00dcst Saya:<\/b> Y\u00fcksek kaliteli malzemelerden \u00fcretilen Prodexy g\u00fcnl\u00fck terliklerimiz, \u00f6zel \u00fcst saya malzemesi sayesinde suya kar\u015f\u0131 dayan\u0131kl\u0131d\u0131r.Tam Anatomik <a href=\"https:\/\/www.eceform.com.tr\/\"><b>G\u00fcnl\u00fck Terlik<\/b><\/a> kullan\u0131m\u0131nda, plaj ve sahillerde rahatl\u0131kla kullan\u0131ma uygundur. Ekstra dayan\u0131kl\u0131l\u0131k i\u00e7in g\u00fc\u00e7lendirici i\u00e7 diki\u015fler kullan\u0131larak tam koruma sa\u011flanm\u0131\u015ft\u0131r.<\/p>\n<p><b>\u0130\u00e7 Taban:<\/b> Bubble Comfort Plus fuspet teknolojimiz,Tam Anatomik <b>G\u00fcnl\u00fck Terlik<\/b> i\u00e7 taban\u0131 ile v\u00fccut denge a\u011f\u0131rl\u0131\u011f\u0131n\u0131n homojen olarak da\u011f\u0131lmas\u0131n\u0131 sa\u011flar. Bu, post\u00fcr bozuklu\u011fundan kaynakl\u0131 kamburlu\u011fun olu\u015fmas\u0131n\u0131n \u00f6n\u00fcne ge\u00e7er. Ortopedik ark deste\u011fi ve y\u00fczlerce noktadan olu\u015fan hava kabarc\u0131kl\u0131 tabanl\u0131k tasar\u0131m\u0131m\u0131z, aya\u011f\u0131n\u0131za maksimum konfor sa\u011flay\u0131p her ad\u0131m\u0131n\u0131zda aya\u011f\u0131n\u0131za masaj etkisi yaparak g\u00fcn sonu yorgunlu\u011funuzun azalmas\u0131na yard\u0131mc\u0131 olur.<\/p>\n<p><b>De\u011fi\u015ftirebilir \u0130\u00e7 Tabanl\u0131k:<\/b> Prodexy g\u00fcnl\u00fck terliklerimizin i\u00e7 tabanl\u0131klar\u0131,Tam Anatomik <b>G\u00fcnl\u00fck Terlik<\/b> tasar\u0131m\u0131na uygun olarak de\u011fi\u015ftirebilir \u015fekilde \u00fcretilmi\u015ftir. Prodexy terliklerinin i\u00e7 tabanl\u0131klar\u0131n\u0131, ister farkl\u0131 renk se\u00e7enekleriyle ister aya\u011f\u0131n\u0131za \u00f6zel yap\u0131m tabanl\u0131klarla de\u011fi\u015ftirerek kullanabilirsiniz.<\/p>\n<p><b>Taban:<\/b> Tam otomasyon \u00fcretim parkurunda enjeksiyon sisteminde \u00fcretilen tabanlar\u0131m\u0131z, do\u011fada \u00e7\u00f6z\u00fcnebilen poli\u00fcretan malzemeden \u00fcretilmi\u015ftir. Hafif ve dayan\u0131kl\u0131 yap\u0131s\u0131yla aya\u011f\u0131n\u0131z\u0131 yormaz ve uzun kullan\u0131m \u00f6mr\u00fcne sahiptir. Enjeksiyon sistemde \u00fcretilen terliklerimizde yap\u0131\u015ft\u0131rma i\u015flemi el de\u011fmeden, otomatik bilgisayarl\u0131 makinelerde yap\u0131l\u0131r.<\/p>\n<p><b>\u00dcr\u00fcn Kullan\u0131m K\u0131lavuzu:<\/b><b><\/b><\/p>\n<ul>\n<li>Prodexy markal\u0131 terliklerinizi elde ya da makinede y\u0131kamay\u0131n\u0131z. Kimyasal malzemeler ile temizlemeyiniz.<\/li>\n<li>Islanan veya nemlenen Prodexy \u00fcr\u00fcnlerini l\u00fctfen kalorifer alt\u0131na ya da soba yan\u0131na koymay\u0131n\u0131z. H\u0131zl\u0131 kurutucular ile kurutmaya \u00e7al\u0131\u015fmay\u0131n\u0131z. Kuru bezle nemini alarak kendi kendine kurumas\u0131n\u0131 bekleyiniz.<\/li>\n<li>\u00dcr\u00fcnlerimiz taban k\u0131r\u0131lmas\u0131na, i\u015f\u00e7ilik ve malzeme hatalar\u0131na kar\u015f\u0131 6 ay garantilidir.<\/li>\n<li>\u00c7arpma, darbe, s\u00fcrt\u00fcnme ve y\u0131rt\u0131lma gibi kullan\u0131m s\u0131ras\u0131nda ortaya \u00e7\u0131kan a\u015f\u0131nmalar garanti kapsam\u0131 d\u0131\u015f\u0131ndad\u0131r.<\/li>\n<\/ul>\n","protected":false},"excerpt":{"rendered":"<p>Prodexy\u00a0markal\u0131\u00a0g\u00fcnl\u00fck terliklerimiz\u00a0kullan\u0131c\u0131ya maksimum seviyede konfor sa\u011flamak amac\u0131yla tasarlanm\u0131\u015ft\u0131r. \u0130nsan hatas\u0131n\u0131 minimuma indirecek \u015fekilde tamamen otomasyon sistemlerde \u00fcretilen\u00a0Prodexy g\u00fcnl\u00fck terliklerimiz \u00fcretimde sa\u011flad\u0131\u011f\u0131m\u0131z kalite kontrol sistemleri ile her \u00e7iftte hatas\u0131z \u00fcretimi sa\u011flar. T\u00fcm\u00a0Prodexy\u00a0markal\u0131 \u00fcr\u00fcnlerimiz\u00a0yerli \u00fcretimdir.<\/p>\n","protected":false},"featured_media":3669,"template":"","meta":[],"product_brand":[],"product_cat":[145,169],"product_tag":[],"class_list":{"0":"post-3676","1":"product","2":"type-product","3":"status-publish","4":"has-post-thumbnail","6":"product_cat-terlikler","7":"product_cat-gunluk-terlikler","9":"first","10":"instock","11":"shipping-taxable","12":"product-type-simple"},"_links":{"self":[{"href":"https:\/\/www.aydersan.com\/tr\/wp-json\/wp\/v2\/product\/3676","targetHints":{"allow":["GET"]}}],"collection":[{"href":"https:\/\/www.aydersan.com\/tr\/wp-json\/wp\/v2\/product"}],"about":[{"href":"https:\/\/www.aydersan.com\/tr\/wp-json\/wp\/v2\/types\/product"}],"wp:featuredmedia":[{"embeddable":true,"href":"https:\/\/www.aydersan.com\/tr\/wp-json\/wp\/v2\/media\/3669"}],"wp:attachment":[{"href":"https:\/\/www.aydersan.com\/tr\/wp-json\/wp\/v2\/media?parent=3676"}],"wp:term":[{"taxonomy":"product_brand","embeddable":true,"href":"https:\/\/www.aydersan.com\/tr\/wp-json\/wp\/v2\/product_brand?post=3676"},{"taxonomy":"product_cat","embeddable":true,"href":"https:\/\/www.aydersan.com\/tr\/wp-json\/wp\/v2\/product_cat?post=3676"},{"taxonomy":"product_tag","embeddable":true,"href":"https:\/\/www.aydersan.com\/tr\/wp-json\/wp\/v2\/product_tag?post=3676"}],"curies":[{"name":"wp","href":"https:\/\/api.w.org\/{rel}","templated":true}]}}