{"id":3581,"date":"2024-12-02T10:09:33","date_gmt":"2024-12-02T07:09:33","guid":{"rendered":"http:\/\/wordpress.aydersan.com\/ana-sayfa\/?post_type=product&#038;p=3581"},"modified":"2024-12-16T09:17:58","modified_gmt":"2024-12-16T06:17:58","slug":"prodexy-erkek-tam-anatomik-gunluk-terlik-69","status":"publish","type":"product","link":"https:\/\/www.aydersan.com\/tr\/urun\/prodexy-erkek-tam-anatomik-gunluk-terlik-69\/","title":{"rendered":"Prodexy Erkek Tam Anatomik G\u00fcnl\u00fck Terlik"},"content":{"rendered":"<p><b>Prodexy G\u00fcnl\u00fck Terlik: Konfor ve Dayan\u0131kl\u0131l\u0131k Bir Arada<\/b><b><\/b><\/p>\n<p>Prodexy markal\u0131 g\u00fcnl\u00fck terliklerimiz, kullan\u0131c\u0131ya maksimum seviyede konfor sa\u011flamak amac\u0131yla tasarlanm\u0131\u015ft\u0131r. \u0130nsan hatas\u0131n\u0131 minimuma indirecek \u015fekilde tamamen otomasyon sistemlerde \u00fcretilen Tam Anatomik Prodexy <a href=\"https:\/\/www.aydersan.com\/product-category\/terlikler\/gunluk-terlikler\/\"><b>G\u00fcnl\u00fck Terlik<\/b><\/a>, kalite kontrol sistemleri sayesinde her \u00e7iftte hatas\u0131z \u00fcretimi garanti eder. \u00dcstelik t\u00fcm Prodexy \u00fcr\u00fcnleri yerli \u00fcretimdir. Prodexy\u2019nin kalite standartlar\u0131na uygun \u00fcretimi ve yenilik\u00e7i tasar\u0131m\u0131 hakk\u0131nda daha fazla bilgi almak i\u00e7in <a href=\"https:\/\/www.eceform.com.tr\/\">Eceform<\/a> adresini ziyaret edebilirsiniz.<\/p>\n<p><b>\u00dcst Saya<\/b><\/p>\n<p>Y\u00fcksek kaliteli malzemelerden \u00fcretilen Prodexy g\u00fcnl\u00fck terliklerimiz, \u00f6zel \u00fcst saya malzemesi ile suya kar\u015f\u0131 dayan\u0131kl\u0131d\u0131r. Bu dayan\u0131kl\u0131l\u0131k, plaj ve sahillerde g\u00fcvenle kullan\u0131m sa\u011flar. Ayr\u0131ca ekstra koruma i\u00e7in g\u00fc\u00e7lendirici i\u00e7 diki\u015fler eklenmi\u015ftir.<\/p>\n<p><b>\u0130\u00e7 Taban<\/b><\/p>\n<p>Bubble Comfort Plus fuspet teknolojimiz ile tasarlanan i\u00e7 taban, v\u00fccut a\u011f\u0131rl\u0131\u011f\u0131n\u0131 homojen olarak da\u011f\u0131tarak post\u00fcr bozuklu\u011funun ve kamburlu\u011fun \u00f6n\u00fcne ge\u00e7er. Ortopedik ark deste\u011fi ve y\u00fczlerce noktadan olu\u015fan hava kabarc\u0131kl\u0131 tabanl\u0131k, aya\u011f\u0131n\u0131za her ad\u0131mda masaj etkisi yapar ve g\u00fcn sonu yorgunlu\u011funuzu azalt\u0131r.<\/p>\n<p><b>Taban<\/b><\/p>\n<p>Tam otomasyon \u00fcretim parkurunda enjeksiyon sistemiyle \u00fcretilen tabanlar\u0131m\u0131z, do\u011fada \u00e7\u00f6z\u00fcnebilen poli\u00fcretan malzemeden yap\u0131lm\u0131\u015ft\u0131r. Hafif ve dayan\u0131kl\u0131 yap\u0131s\u0131yla aya\u011f\u0131n\u0131z\u0131 yormaz, uzun kullan\u0131m \u00f6mr\u00fc sunar. Enjeksiyon sistemi sayesinde yap\u0131\u015ft\u0131rma i\u015flemi el de\u011fmeden otomatik makinelerde yap\u0131l\u0131r.<\/p>\n<p><b>\u00dcr\u00fcn Kullan\u0131m K\u0131lavuzu<\/b><\/p>\n<ul>\n<li>Prodexy markal\u0131 terliklerinizi elde ya da makinede y\u0131kamay\u0131n\u0131z. Kimyasal malzemeler ile temizlemeyiniz.<\/li>\n<li>Islanan veya nemlenen \u00fcr\u00fcnleri kalorifer alt\u0131na ya da soba yan\u0131na koymay\u0131n\u0131z. H\u0131zl\u0131 kurutucularla kurutmaya \u00e7al\u0131\u015fmay\u0131n\u0131z. Kuru bezle nemini alarak kendi kendine kurumas\u0131n\u0131 bekleyiniz.<\/li>\n<li>\u00dcr\u00fcnlerimiz, taban k\u0131r\u0131lmas\u0131na, i\u015f\u00e7ilik ve malzeme hatalar\u0131na kar\u015f\u0131 6 ay garantilidir.<\/li>\n<\/ul>\n<p>\u2022\u2022\u00c7arpma, darbe, s\u00fcrt\u00fcnme ve y\u0131rt\u0131lma gibi a\u015f\u0131nmalar garanti kapsam\u0131 d\u0131\u015f\u0131ndad\u0131r.<\/p>\n","protected":false},"excerpt":{"rendered":"<p>Prodexy\u00a0markal\u0131\u00a0g\u00fcnl\u00fck terliklerimiz\u00a0kullan\u0131c\u0131ya maksimum seviyede konfor sa\u011flamak amac\u0131yla tasarlanm\u0131\u015ft\u0131r. \u0130nsan hatas\u0131n\u0131 minimuma indirecek \u015fekilde tamamen otomasyon sistemlerde \u00fcretilen\u00a0Prodexy g\u00fcnl\u00fck terliklerimiz \u00fcretimde sa\u011flad\u0131\u011f\u0131m\u0131z kalite kontrol sistemleri ile her \u00e7iftte hatas\u0131z \u00fcretimi sa\u011flar. T\u00fcm\u00a0Prodexy\u00a0markal\u0131 \u00fcr\u00fcnlerimiz\u00a0yerli \u00fcretimdir.<\/p>\n<p>&nbsp;<\/p>\n","protected":false},"featured_media":3574,"template":"","meta":[],"product_brand":[],"product_cat":[145,169],"product_tag":[],"class_list":{"0":"post-3581","1":"product","2":"type-product","3":"status-publish","4":"has-post-thumbnail","6":"product_cat-terlikler","7":"product_cat-gunluk-terlikler","9":"first","10":"instock","11":"shipping-taxable","12":"product-type-simple"},"_links":{"self":[{"href":"https:\/\/www.aydersan.com\/tr\/wp-json\/wp\/v2\/product\/3581","targetHints":{"allow":["GET"]}}],"collection":[{"href":"https:\/\/www.aydersan.com\/tr\/wp-json\/wp\/v2\/product"}],"about":[{"href":"https:\/\/www.aydersan.com\/tr\/wp-json\/wp\/v2\/types\/product"}],"wp:featuredmedia":[{"embeddable":true,"href":"https:\/\/www.aydersan.com\/tr\/wp-json\/wp\/v2\/media\/3574"}],"wp:attachment":[{"href":"https:\/\/www.aydersan.com\/tr\/wp-json\/wp\/v2\/media?parent=3581"}],"wp:term":[{"taxonomy":"product_brand","embeddable":true,"href":"https:\/\/www.aydersan.com\/tr\/wp-json\/wp\/v2\/product_brand?post=3581"},{"taxonomy":"product_cat","embeddable":true,"href":"https:\/\/www.aydersan.com\/tr\/wp-json\/wp\/v2\/product_cat?post=3581"},{"taxonomy":"product_tag","embeddable":true,"href":"https:\/\/www.aydersan.com\/tr\/wp-json\/wp\/v2\/product_tag?post=3581"}],"curies":[{"name":"wp","href":"https:\/\/api.w.org\/{rel}","templated":true}]}}