{"id":1774,"date":"2024-10-25T13:42:38","date_gmt":"2024-10-25T10:42:38","guid":{"rendered":"http:\/\/wordpress.aydersan.com\/ana-sayfa\/?post_type=product&#038;p=1774"},"modified":"2024-12-10T09:17:46","modified_gmt":"2024-12-10T06:17:46","slug":"celik-tabanlik","status":"publish","type":"product","link":"https:\/\/www.aydersan.com\/tr\/urun\/celik-tabanlik\/","title":{"rendered":"\u00c7elik Tabanl\u0131k"},"content":{"rendered":"<table id=\"table9\" cellpadding=\"0\" align=\"left\">\n<tbody>\n<tr>\n<td>\u00dcr\u00fcn \u00d6zellikleri<\/td>\n<\/tr>\n<tr>\n<td>\n<div>\u00a0\u2022 Bu tabanl\u0131klar \u00e7elik ark\u0131 sayesinde pes planus ve pes cavus vakalar\u0131nda sert destek vermesi<\/div>\n<div>\u00a0 \u00a0 amac\u0131yla tasarlanm\u0131\u015ft\u0131r.<\/div>\n<div>\u00a0\u2022 \u00c7elik konstr\u00fcksiyonun \u00fcst k\u0131sm\u0131 hakiki deri ile kaplanm\u0131\u015ft\u0131r.<\/div>\n<\/td>\n<\/tr>\n<tr>\n<td>\u00dcr\u00fcn\u00fcn Uygulanmas\u0131<\/td>\n<\/tr>\n<tr>\n<td>\n<address>\u00a0\u2022 \u00dcr\u00fcn bedeninin \u00f6l\u00e7\u00fcn\u00fcze uygun oldu\u011fundan emin olunuz.<\/address>\n<div>\u00a0\u2022 Ayakkab\u0131n\u0131z\u0131n ark k\u0131sm\u0131na yerle\u015ftiriniz.<\/div>\n<div>\u00a0\u2022 Ayakkab\u0131n\u0131z\u0131 giyiniz.<\/div>\n<\/td>\n<\/tr>\n<tr>\n<td>\u00d6nemli Bilgiler ve Uyar\u0131lar<\/td>\n<\/tr>\n<tr>\n<td>\n<address>\u00a0\u2022\u00a0Bu \u00fcr\u00fcn yanmaz de\u011fildir. Y\u00fcksek \u0131s\u0131da \u00f6zelli\u011fini yitirir. Bu y\u00fczden 120&#8217;C \u00fczerinde \u0131s\u0131ya maruz<\/address>\n<div>\u00a0 \u00a0 b\u0131rakmay\u0131n\u0131z.<\/div>\n<div>\u00a0\u2022 \u00dcr\u00fcn \u00fczerinde konfor ya da kullan\u0131m kolayl\u0131\u011f\u0131 ad\u0131na k\u00fc\u00e7\u00fck de\u011fi\u015fiklikler yapmak isterseniz l\u00fctfen<\/div>\n<div>\u00a0 \u00a0 doktorunuzdan ya da \u00fcr\u00fcn\u00fc\u00a0 ald\u0131\u011f\u0131n\u0131z firmadan teknik destek al\u0131n\u0131z.<\/div>\n<div>\u00a0\u2022 Bu \u00fcr\u00fcn kullan\u0131m amac\u0131 d\u0131\u015f\u0131nda kullan\u0131lamaz veya ba\u015fka \u00fcr\u00fcnle kombine edilemez, sadece orjinal<\/div>\n<div>\u00a0 \u00a0 endikasyonlar\u0131 i\u00e7in kullan\u0131labilir.<\/div>\n<address>\u00a0\u2022\u00a0Latex ve lasti\u011fe kar\u015f\u0131 alerjiniz varsa kullanmadan \u00f6nce \u00fcr\u00fcn\u00fcn materyal muhteviyat\u0131n\u0131 kontrol ediniz<\/address>\n<div>\u00a0 \u00a0 ve bu durumda \u00fcr\u00fcnle\u00a0 cildiniz aras\u0131nda teri ve nemi alacak bir giysi kullan\u0131n\u0131z.<\/div>\n<address>\u00a0\u2022 MED\u0130FORM \u00fcr\u00fcn \u015fekil, tasar\u0131m ve i\u015f\u00e7ili\u011finde \u00f6nceden bilgi vermeden de\u011fi\u015fiklik yapabilir.<\/address>\n<\/td>\n<\/tr>\n<tr>\n<td>Y\u0131kama, Temizleme, Bak\u0131m Talimat\u0131<\/td>\n<\/tr>\n<tr>\n<td>\n<p align=\"center\">\u00a0Bu \u00fcr\u00fcn\u00fc kesinlikle elde ya da makinede y\u0131kamay\u0131n\u0131z!<\/p>\n<\/td>\n<\/tr>\n<tr>\n<td>\n<div>\u00a0\u2022 \u00dcr\u00fcn\u00fc ayakkab\u0131 i\u00e7inden \u00e7\u0131kart\u0131n\u0131z.<\/div>\n<div>\u00a0\u2022 Var ise \u00fcr\u00fcn \u00fczerindeki kiri sert bir temizleme f\u0131r\u00e7as\u0131 ile f\u0131r\u00e7alayabilirsiniz.<\/div>\n<address>\u00a0\u2022 Renksiz krem boya ile \u00fcr\u00fcn\u00fcn y\u00fczeyini boyayabilirsiniz.<\/address>\n<\/td>\n<\/tr>\n<\/tbody>\n<\/table>\n","protected":false},"excerpt":{"rendered":"<p>\u00c7elik Tabanl\u0131k<\/p>\n","protected":false},"featured_media":1775,"template":"","meta":[],"product_brand":[],"product_cat":[149,178,231],"product_tag":[],"class_list":{"0":"post-1774","1":"product","2":"type-product","3":"status-publish","4":"has-post-thumbnail","6":"product_cat-ayak-saglik-urunleri","7":"product_cat-tabanliklar-ve-topukluklar","8":"product_cat-medikal-ortopedi-urunleri","10":"first","11":"instock","12":"shipping-taxable","13":"product-type-simple"},"_links":{"self":[{"href":"https:\/\/www.aydersan.com\/tr\/wp-json\/wp\/v2\/product\/1774","targetHints":{"allow":["GET"]}}],"collection":[{"href":"https:\/\/www.aydersan.com\/tr\/wp-json\/wp\/v2\/product"}],"about":[{"href":"https:\/\/www.aydersan.com\/tr\/wp-json\/wp\/v2\/types\/product"}],"wp:featuredmedia":[{"embeddable":true,"href":"https:\/\/www.aydersan.com\/tr\/wp-json\/wp\/v2\/media\/1775"}],"wp:attachment":[{"href":"https:\/\/www.aydersan.com\/tr\/wp-json\/wp\/v2\/media?parent=1774"}],"wp:term":[{"taxonomy":"product_brand","embeddable":true,"href":"https:\/\/www.aydersan.com\/tr\/wp-json\/wp\/v2\/product_brand?post=1774"},{"taxonomy":"product_cat","embeddable":true,"href":"https:\/\/www.aydersan.com\/tr\/wp-json\/wp\/v2\/product_cat?post=1774"},{"taxonomy":"product_tag","embeddable":true,"href":"https:\/\/www.aydersan.com\/tr\/wp-json\/wp\/v2\/product_tag?post=1774"}],"curies":[{"name":"wp","href":"https:\/\/api.w.org\/{rel}","templated":true}]}}