{"id":1741,"date":"2024-10-25T12:27:25","date_gmt":"2024-10-25T09:27:25","guid":{"rendered":"http:\/\/wordpress.aydersan.com\/ana-sayfa\/?post_type=product&#038;p=1741"},"modified":"2024-12-10T09:15:43","modified_gmt":"2024-12-10T06:15:43","slug":"standart-ayak-bilekligi","status":"publish","type":"product","link":"https:\/\/www.aydersan.com\/tr\/urun\/standart-ayak-bilekligi\/","title":{"rendered":"Standart Ayak Bilekli\u011fi"},"content":{"rendered":"<table id=\"table3\" style=\"height: 748px;\" width=\"890\" cellpadding=\"0\" align=\"left\">\n<tbody>\n<tr>\n<td colspan=\"6\">Beden Se\u00e7imi<\/td>\n<\/tr>\n<tr>\n<td rowspan=\"2\" align=\"center\" width=\"75\"><img decoding=\"async\" src=\"https:\/\/www.eceform.com.tr\/class\/INNOVAEditor\/assets\/gallery1\/ayak_bilegi7566.jpg\" alt=\"Ayak Bile\u011fi \u00d6l\u00e7\u00fcs\u00fc\" align=\"center\" border=\"0\" \/><\/td>\n<td align=\"center\" width=\"99\">S<\/td>\n<td align=\"center\" width=\"99\">M<\/td>\n<td align=\"center\" width=\"99\">L<\/td>\n<td align=\"center\" width=\"99\">XL<\/td>\n<td align=\"center\" width=\"99\">XXL<\/td>\n<\/tr>\n<tr>\n<td align=\"center\" width=\"99\">24\/26 Cm<\/td>\n<td align=\"center\" width=\"99\">26\/28 Cm<\/td>\n<td align=\"center\" width=\"99\">28\/31 Cm<\/td>\n<td align=\"center\" width=\"99\">31\/34 Cm<\/td>\n<td align=\"center\" width=\"99\">34\/37 Cm<\/td>\n<\/tr>\n<tr>\n<td colspan=\"6\">\u00dcr\u00fcn \u00d6zellikleri<\/td>\n<\/tr>\n<tr>\n<td colspan=\"6\">\n<div>\u00a0\u2022\u00a0Ayak bile\u011finin hafif burkulmalar\u0131nda burkulma sonras\u0131 \u00f6demi da\u011f\u0131tmak amac\u0131yla s\u00fcrekli\u00a0 kompres<\/div>\n<div>\u00a0 \u00a0 sa\u011flar.<\/div>\n<div>\u00a0\u2022\u00a0\u00dcr\u00fcnle birlikte gelen extra bandaj, ayak bile\u011fine extra destek sa\u011flar.<\/div>\n<div>\u00a0\u2022 3 mm kal\u0131nl\u0131\u011f\u0131nda \u00f6zel dizayn edilmi\u015f hava g\u00f6zeneklerine sahip, i\u00e7 ve d\u0131\u015f y\u00fczeyine elastik jarse<\/div>\n<div>\u00a0 \u00a0 kuma\u015f lamine edilmi\u015f neopren kuma\u015ftan imal edilmi\u015ftir.<\/div>\n<div>\u00a0\u2022 Neopren kuma\u015f muhteviyat\u0131; &#8220;Yapay Kau\u00e7uk&#8221; % 70 Polyester % 30 dur.<\/div>\n<\/td>\n<\/tr>\n<tr>\n<td colspan=\"6\">\u00dcr\u00fcn\u00fcn Uygulanmas\u0131<\/td>\n<\/tr>\n<tr>\n<td colspan=\"6\">\n<address>\u00a0\u2022 \u00dcr\u00fcn bedeninin \u00f6l\u00e7\u00fcn\u00fcze uygun oldu\u011fundan emin olunuz.<\/address>\n<address>\u00a0\u2022 C\u0131rt bantlar\u0131n\u0131 a\u00e7\u0131n\u0131z.<\/address>\n<address>\u00a0\u2022 Topu\u011fun a\u00e7\u0131kta b\u0131rak\u0131ld\u0131\u011f\u0131ndan emin olunuz.<\/address>\n<address>\u00a0\u2022 \u00dcr\u00fcn\u00fc uygulad\u0131ktan sonra c\u0131rt bantlar\u0131n\u0131 kapat\u0131n\u0131z.<\/address>\n<\/td>\n<\/tr>\n<tr>\n<td colspan=\"6\">\u00d6nemli Bilgiler ve Uyar\u0131lar<\/td>\n<\/tr>\n<tr>\n<td colspan=\"6\">\n<address>\u00a0\u2022 Bu \u00fcr\u00fcn doktor tavsiyesi ile kullan\u0131l\u0131r.<\/address>\n<div>\u00a0\u2022 Bu \u00fcr\u00fcn yanmaz de\u011fildir. Y\u00fcksek \u0131s\u0131da \u00f6zelli\u011fini yitirir. Bu y\u00fczden 120&#8217;C \u00fczerinde \u0131s\u0131ya maruz<\/div>\n<div>\u00a0 \u00a0 b\u0131rakmay\u0131n\u0131z.<\/div>\n<div>\u00a0\u2022 \u00dcr\u00fcn \u00fczerinde konfor ya da kullan\u0131m kolayl\u0131\u011f\u0131 ad\u0131na k\u00fc\u00e7\u00fck de\u011fi\u015fiklikler yapmak isterseniz l\u00fctfen<\/div>\n<div>\u00a0 \u00a0 doktorunuzdan ya da \u00fcr\u00fcn\u00fc\u00a0 ald\u0131\u011f\u0131n\u0131z firmadan teknik destek al\u0131n\u0131z.<\/div>\n<div>\u00a0\u2022 Bu \u00fcr\u00fcn kullan\u0131m amac\u0131 d\u0131\u015f\u0131nda kullan\u0131lamaz veya ba\u015fka \u00fcr\u00fcnle kombine edilemez, sadece orjinal<\/div>\n<div>\u00a0 \u00a0 endikasyonlar\u0131 i\u00e7in kullan\u0131labilir.<\/div>\n<address>\u00a0\u2022 Bu \u00fcr\u00fcn\u00fcn kullan\u0131m s\u00fcresi doktor tavsiyesi d\u0131\u015f\u0131nda g\u00fcn i\u00e7inde aral\u0131ks\u0131z 4 saati ge\u00e7memelidir.<\/address>\n<div>\u00a0\u2022 Latex ve lasti\u011fe kar\u015f\u0131 alerjiniz varsa kullanmadan \u00f6nce \u00fcr\u00fcn\u00fcn materyal muhteviyat\u0131n\u0131 kontrol ediniz<\/div>\n<div>\u00a0 \u00a0 ve bu durumda \u00fcr\u00fcnle\u00a0 cildiniz aras\u0131nda teri ve nemi alacak bir giysi kullan\u0131n\u0131z.<\/div>\n<address>\u00a0\u2022 MED\u0130FORM \u00fcr\u00fcn \u015fekil, tasar\u0131m ve i\u015f\u00e7ili\u011finde \u00f6nceden bilgi vermeden de\u011fi\u015fiklik yapabilir.<\/address>\n<\/td>\n<\/tr>\n<tr>\n<td colspan=\"6\">Y\u0131kama Talimat\u0131<\/td>\n<\/tr>\n<tr>\n<td colspan=\"6\">\n<p align=\"center\"><img decoding=\"async\" src=\"https:\/\/www.eceform.com.tr\/class\/INNOVAEditor\/assets\/gallery1\/yikama_talimatiJPG.jpg\" alt=\"Y\u0131kama Talimat\u0131\" border=\"0\" \/><\/p>\n<\/td>\n<\/tr>\n<tr>\n<td colspan=\"6\">\n<address>\u00a0\u2022 Var ise c\u0131rt bantlar\u0131n\u0131 kapat\u0131n\u0131z.<\/address>\n<address>\u00a0\u2022 \u00c7\u0131kar\u0131labilir plastik destekleri \u00e7\u0131kart\u0131n\u0131z.<\/address>\n<address>\u00a0\u2022 M\u00fcmk\u00fcnse y\u0131kama \u00e7antas\u0131n\u0131 kullan\u0131n\u0131z.<\/address>\n<address>\u00a0\u2022 30\u00b0C&#8217;nin alt\u0131nda elde y\u0131kay\u0131n\u0131z.<\/address>\n<address>\u00a0\u2022 Y\u0131kand\u0131ktan sonra \u00fcr\u00fcn\u00fcn tamamen kurudu\u011funa emin olduktan sonra tak\u0131n\u0131z.<\/address>\n<\/td>\n<\/tr>\n<\/tbody>\n<\/table>\n","protected":false},"excerpt":{"rendered":"<p>Standart Ayak Bilekli\u011fi<\/p>\n","protected":false},"featured_media":1742,"template":"","meta":[],"product_brand":[],"product_cat":[148,177,231],"product_tag":[],"class_list":{"0":"post-1741","1":"product","2":"type-product","3":"status-publish","4":"has-post-thumbnail","6":"product_cat-ayak-bileklikleri-ve-ortezleri","7":"product_cat-ayak-bileklikleri","8":"product_cat-medikal-ortopedi-urunleri","10":"first","11":"instock","12":"shipping-taxable","13":"product-type-simple"},"_links":{"self":[{"href":"https:\/\/www.aydersan.com\/tr\/wp-json\/wp\/v2\/product\/1741","targetHints":{"allow":["GET"]}}],"collection":[{"href":"https:\/\/www.aydersan.com\/tr\/wp-json\/wp\/v2\/product"}],"about":[{"href":"https:\/\/www.aydersan.com\/tr\/wp-json\/wp\/v2\/types\/product"}],"wp:featuredmedia":[{"embeddable":true,"href":"https:\/\/www.aydersan.com\/tr\/wp-json\/wp\/v2\/media\/1742"}],"wp:attachment":[{"href":"https:\/\/www.aydersan.com\/tr\/wp-json\/wp\/v2\/media?parent=1741"}],"wp:term":[{"taxonomy":"product_brand","embeddable":true,"href":"https:\/\/www.aydersan.com\/tr\/wp-json\/wp\/v2\/product_brand?post=1741"},{"taxonomy":"product_cat","embeddable":true,"href":"https:\/\/www.aydersan.com\/tr\/wp-json\/wp\/v2\/product_cat?post=1741"},{"taxonomy":"product_tag","embeddable":true,"href":"https:\/\/www.aydersan.com\/tr\/wp-json\/wp\/v2\/product_tag?post=1741"}],"curies":[{"name":"wp","href":"https:\/\/api.w.org\/{rel}","templated":true}]}}