{"id":1684,"date":"2024-10-24T17:30:18","date_gmt":"2024-10-24T14:30:18","guid":{"rendered":"http:\/\/wordpress.aydersan.com\/ana-sayfa\/?post_type=product&#038;p=1684"},"modified":"2024-12-10T09:22:44","modified_gmt":"2024-12-10T06:22:44","slug":"butoniyer-splinti-ateli","status":"publish","type":"product","link":"https:\/\/www.aydersan.com\/tr\/urun\/butoniyer-splinti-ateli\/","title":{"rendered":"Butonier Splinti &#8211; Ateli"},"content":{"rendered":"<table id=\"table7\" style=\"height: 365px;\" width=\"657\" cellpadding=\"0\" align=\"left\">\n<tbody>\n<tr>\n<td>Beden Se\u00e7imi<\/td>\n<\/tr>\n<tr>\n<td align=\"center\" width=\"570\">\n<p align=\"left\">\u00a0Bu \u00fcr\u00fcn 3 boy olarak \u00fcretilmi\u015ftir. Standart bir \u00f6l\u00e7\u00fc sistemi mevcut olmad\u0131\u011f\u0131ndan deneme yan\u0131lma<\/p>\n<p align=\"left\">\u00a0yoluyla boy ve bedeni tespit edilmelidir.<\/p>\n<\/td>\n<\/tr>\n<tr>\n<td>\u00dcr\u00fcn \u00d6zellikleri<\/td>\n<\/tr>\n<tr>\n<td>\n<div>\u00a0\u2022 Bu atel genellikle parma\u011f\u0131n tamamen d\u00fczle\u015fmesine engel olan, parmak tendonlar\u0131na gelen<\/div>\n<div>\u00a0 \u00a0 yaralanmalarla\u00a0ortaya \u00e7\u0131kan Butoniyer deformitesini tedavi etmek amac\u0131yla tasarlanm\u0131\u015ft\u0131r.<\/div>\n<\/td>\n<\/tr>\n<tr>\n<td>\u00dcr\u00fcn\u00fcn Uygulanmas\u0131<\/td>\n<\/tr>\n<tr>\n<td>\n<address>\u00a0\u2022\u00a0Bu \u00fcr\u00fcn\u00fc \u00f6l\u00e7\u00fcn\u00fcze uygun bir boy ile direk uygulay\u0131n.<\/address>\n<\/td>\n<\/tr>\n<tr>\n<td>\u00d6nemli Bilgiler ve Uyar\u0131lar<\/td>\n<\/tr>\n<tr>\n<td>\n<address>\u00a0\u2022 Bu \u00fcr\u00fcn doktor tavsiyesi ile kullan\u0131l\u0131r.<\/address>\n<div>\u00a0\u2022 Bu \u00fcr\u00fcn yanmaz de\u011fildir. Y\u00fcksek \u0131s\u0131da \u00f6zelli\u011fini yitirir. Bu y\u00fczden 120&#8217;C \u00fczerinde \u0131s\u0131ya maruz<\/div>\n<div>\u00a0 \u00a0 b\u0131rakmay\u0131n\u0131z.<\/div>\n<div>\u00a0\u2022 \u00dcr\u00fcn \u00fczerinde konfor ya da kullan\u0131m kolayl\u0131\u011f\u0131 ad\u0131na k\u00fc\u00e7\u00fck de\u011fi\u015fiklikler yapmak isterseniz l\u00fctfen<\/div>\n<div>\u00a0 \u00a0 doktorunuzdan ya da \u00fcr\u00fcn\u00fc\u00a0 ald\u0131\u011f\u0131n\u0131z firmadan teknik destek al\u0131n\u0131z.<\/div>\n<div>\u00a0\u2022 Bu \u00fcr\u00fcn kullan\u0131m amac\u0131 d\u0131\u015f\u0131nda kullan\u0131lamaz veya ba\u015fka \u00fcr\u00fcnle kombine edilemez, sadece orjinal<\/div>\n<div>\u00a0 \u00a0 endikasyonlar\u0131 i\u00e7in kullan\u0131labilir.<\/div>\n<address>\u00a0\u2022 Bu \u00fcr\u00fcn\u00fcn kullan\u0131m s\u00fcresi doktor tavsiyesi ile belirlenir ve bu s\u00fcre a\u015f\u0131lmamal\u0131d\u0131r.<\/address>\n<div>\u00a0\u2022 Latex ve lasti\u011fe kar\u015f\u0131 alerjiniz varsa kullanmadan \u00f6nce \u00fcr\u00fcn\u00fcn materyal muhteviyat\u0131n\u0131 kontrol ediniz<\/div>\n<div>\u00a0 \u00a0 ve bu durumda \u00fcr\u00fcnle\u00a0 cildiniz aras\u0131nda teri ve nemi alacak bir giysi kullan\u0131n\u0131z.<\/div>\n<address>\u00a0\u2022 MED\u0130FORM \u00fcr\u00fcn \u015fekil, tasar\u0131m ve i\u015f\u00e7ili\u011finde \u00f6nceden bilgi vermeden de\u011fi\u015fiklik yapabilir.<\/address>\n<\/td>\n<\/tr>\n<\/tbody>\n<\/table>\n","protected":false},"excerpt":{"rendered":"<p>Butonier Splinti &#8211; Ateli<\/p>\n","protected":false},"featured_media":1685,"template":"","meta":[],"product_brand":[],"product_cat":[146,173,231],"product_tag":[],"class_list":{"0":"post-1684","1":"product","2":"type-product","3":"status-publish","4":"has-post-thumbnail","6":"product_cat-dirseklik-ve-el-bilek-atelleri","7":"product_cat-parmak-destekleri","8":"product_cat-medikal-ortopedi-urunleri","10":"first","11":"instock","12":"shipping-taxable","13":"product-type-simple"},"_links":{"self":[{"href":"https:\/\/www.aydersan.com\/tr\/wp-json\/wp\/v2\/product\/1684","targetHints":{"allow":["GET"]}}],"collection":[{"href":"https:\/\/www.aydersan.com\/tr\/wp-json\/wp\/v2\/product"}],"about":[{"href":"https:\/\/www.aydersan.com\/tr\/wp-json\/wp\/v2\/types\/product"}],"wp:featuredmedia":[{"embeddable":true,"href":"https:\/\/www.aydersan.com\/tr\/wp-json\/wp\/v2\/media\/1685"}],"wp:attachment":[{"href":"https:\/\/www.aydersan.com\/tr\/wp-json\/wp\/v2\/media?parent=1684"}],"wp:term":[{"taxonomy":"product_brand","embeddable":true,"href":"https:\/\/www.aydersan.com\/tr\/wp-json\/wp\/v2\/product_brand?post=1684"},{"taxonomy":"product_cat","embeddable":true,"href":"https:\/\/www.aydersan.com\/tr\/wp-json\/wp\/v2\/product_cat?post=1684"},{"taxonomy":"product_tag","embeddable":true,"href":"https:\/\/www.aydersan.com\/tr\/wp-json\/wp\/v2\/product_tag?post=1684"}],"curies":[{"name":"wp","href":"https:\/\/api.w.org\/{rel}","templated":true}]}}