{"id":1665,"date":"2024-10-24T12:57:07","date_gmt":"2024-10-24T09:57:07","guid":{"rendered":"http:\/\/wordpress.aydersan.com\/ana-sayfa\/?post_type=product&#038;p=1665"},"modified":"2024-12-10T09:25:12","modified_gmt":"2024-12-10T06:25:12","slug":"luks-kol-askisi-ekstra-bel-kemerli","status":"publish","type":"product","link":"https:\/\/www.aydersan.com\/tr\/urun\/luks-kol-askisi-ekstra-bel-kemerli\/","title":{"rendered":"L\u00fcks Kol Ask\u0131s\u0131 &#8211; Ekstra Bel Kemerli"},"content":{"rendered":"<table id=\"table7\" style=\"height: 730px;\" width=\"907\" cellpadding=\"0\" align=\"left\">\n<tbody>\n<tr>\n<td colspan=\"6\">Beden Se\u00e7imi<\/td>\n<\/tr>\n<tr>\n<td rowspan=\"2\" align=\"center\" width=\"75\"><img decoding=\"async\" src=\"https:\/\/www.eceform.com.tr\/class\/INNOVAEditor\/assets\/gallery1\/koluzunlugu.jpg\" alt=\"Kol Uzunlu\u011fu \u00d6l\u00e7\u00fcs\u00fc\" border=\"0\" \/><\/td>\n<td align=\"center\" width=\"99\">S<\/td>\n<td align=\"center\" width=\"99\">M<\/td>\n<td align=\"center\" width=\"99\">L<\/td>\n<td align=\"center\" width=\"99\">XL<\/td>\n<td align=\"center\" width=\"99\">XXL<\/td>\n<\/tr>\n<tr>\n<td align=\"center\" width=\"99\">34 \/ 38 Cm<\/td>\n<td align=\"center\" width=\"99\">38 \/ 44 Cm<\/td>\n<td align=\"center\" width=\"99\">44 \/ 50 Cm<\/td>\n<td align=\"center\" width=\"99\">50 \/ 58 Cm<\/td>\n<td align=\"center\" width=\"99\">58 \/ 66 Cm<\/td>\n<\/tr>\n<tr>\n<td colspan=\"6\">\u00dcr\u00fcn \u00d6zellikleri<\/td>\n<\/tr>\n<tr>\n<td colspan=\"6\">\n<div>\u00a0\u2022 Omuz \u00e7\u0131k\u0131klar\u0131 ve post-operatif istirahat d\u00f6nemlerinde kol ve omuzu istenen pozisyonda sabitler.<\/div>\n<div>\u00a0\u2022 S\u00fcnger lamine edilmi\u015f, i\u00e7i havlu kuma\u015f kapl\u0131 \u00f6zel c\u0131rt tutan kuma\u015ftan imal edilmi\u015ftir.<\/div>\n<div>\u00a0\u2022\u00a0Ekstra bel kemeri i\u00e7erir.<\/div>\n<\/td>\n<\/tr>\n<tr>\n<td colspan=\"6\">\u00dcr\u00fcn\u00fcn Uygulanmas\u0131<\/td>\n<\/tr>\n<tr>\n<td colspan=\"6\">\n<address>\u00a0\u2022 \u00dcr\u00fcn bedeninin \u00f6l\u00e7\u00fcn\u00fcze uygun oldu\u011fundan emin olunuz.<\/address>\n<div>\u00a0\u2022 C\u0131rt bantlar\u0131n\u0131 a\u00e7\u0131n\u0131z<\/div>\n<address>\u00a0\u2022 \u00dcr\u00fcn takt\u0131ktan sonra c\u0131rt bantlar\u0131n\u0131 kapat\u0131n\u0131z.<\/address>\n<\/td>\n<\/tr>\n<tr>\n<td colspan=\"6\">\u00d6nemli Bilgiler ve Uyar\u0131lar<\/td>\n<\/tr>\n<tr>\n<td colspan=\"6\">\n<address>\u00a0\u2022 Bu \u00fcr\u00fcn doktor tavsiyesi ile kullan\u0131l\u0131r.<\/address>\n<div>\u00a0\u2022 Bu \u00fcr\u00fcn yanmaz de\u011fildir. Y\u00fcksek \u0131s\u0131da \u00f6zelli\u011fini yitirir. Bu y\u00fczden 120&#8217;C \u00fczerinde \u0131s\u0131ya maruz<\/div>\n<div>\u00a0 \u00a0 b\u0131rakmay\u0131n\u0131z.<\/div>\n<div>\u00a0\u2022 \u00dcr\u00fcn \u00fczerinde konfor ya da kullan\u0131m kolayl\u0131\u011f\u0131 ad\u0131na k\u00fc\u00e7\u00fck de\u011fi\u015fiklikler yapmak isterseniz l\u00fctfen<\/div>\n<div>\u00a0 \u00a0 doktorunuzdan ya da \u00fcr\u00fcn\u00fc\u00a0 ald\u0131\u011f\u0131n\u0131z firmadan teknik destek al\u0131n\u0131z.<\/div>\n<div>\u00a0\u2022 Bu \u00fcr\u00fcn kullan\u0131m amac\u0131 d\u0131\u015f\u0131nda kullan\u0131lamaz veya ba\u015fka \u00fcr\u00fcnle kombine edilemez, sadece orjinal<\/div>\n<div>\u00a0 \u00a0 endikasyonlar\u0131 i\u00e7in kullan\u0131labilir.<\/div>\n<address>\u00a0\u2022\u00a0Latex ve lasti\u011fe kar\u015f\u0131 alerjiniz varsa kullanmadan \u00f6nce \u00fcr\u00fcn\u00fcn materyal muhteviyat\u0131n\u0131 kontrol ediniz<\/address>\n<div>\u00a0 \u00a0 ve bu durumda \u00fcr\u00fcnle\u00a0 cildiniz aras\u0131nda teri ve nemi alacak bir giysi kullan\u0131n\u0131z.<\/div>\n<address>\u00a0\u2022 MED\u0130FORM \u00fcr\u00fcn \u015fekil, tasar\u0131m ve i\u015f\u00e7ili\u011finde \u00f6nceden bilgi vermeden de\u011fi\u015fiklik yapabilir.<\/address>\n<\/td>\n<\/tr>\n<tr>\n<td colspan=\"6\">Y\u0131kama Talimat\u0131<\/td>\n<\/tr>\n<tr>\n<td colspan=\"6\">\n<p align=\"center\"><img decoding=\"async\" src=\"https:\/\/www.eceform.com.tr\/class\/INNOVAEditor\/assets\/gallery1\/yikama_talimatiJPG.jpg\" alt=\"Y\u0131kama Talimat\u0131\" border=\"0\" \/><\/p>\n<\/td>\n<\/tr>\n<tr>\n<td colspan=\"6\">\n<address>\u00a0\u2022 Var ise c\u0131rt bantlar\u0131n\u0131 kapat\u0131n\u0131z.<\/address>\n<address>\u00a0\u2022 M\u00fcmk\u00fcnse y\u0131kama \u00e7antas\u0131n\u0131 kullan\u0131n\u0131z.<\/address>\n<address>\u00a0\u2022 40\u00b0C&#8217;nin alt\u0131nda elde yada makinede y\u0131kay\u0131n\u0131z.<\/address>\n<address>\u00a0\u2022 Y\u0131kand\u0131ktan sonra \u00fcr\u00fcn\u00fcn tamamen kurudu\u011funa emin olduktan sonra tak\u0131n\u0131z.<\/address>\n<\/td>\n<\/tr>\n<\/tbody>\n<\/table>\n","protected":false},"excerpt":{"rendered":"<p>L\u00fcks Kol Ask\u0131s\u0131 &#8211; Ekstra Bel Kemerli<\/p>\n","protected":false},"featured_media":1666,"template":"","meta":[],"product_brand":[],"product_cat":[152,180,231],"product_tag":[],"class_list":{"0":"post-1665","1":"product","2":"type-product","3":"status-publish","4":"has-post-thumbnail","6":"product_cat-kol-ve-omuz-sabitleyiciler","7":"product_cat-kol-askilari","8":"product_cat-medikal-ortopedi-urunleri","10":"first","11":"instock","12":"shipping-taxable","13":"product-type-simple"},"_links":{"self":[{"href":"https:\/\/www.aydersan.com\/tr\/wp-json\/wp\/v2\/product\/1665","targetHints":{"allow":["GET"]}}],"collection":[{"href":"https:\/\/www.aydersan.com\/tr\/wp-json\/wp\/v2\/product"}],"about":[{"href":"https:\/\/www.aydersan.com\/tr\/wp-json\/wp\/v2\/types\/product"}],"wp:featuredmedia":[{"embeddable":true,"href":"https:\/\/www.aydersan.com\/tr\/wp-json\/wp\/v2\/media\/1666"}],"wp:attachment":[{"href":"https:\/\/www.aydersan.com\/tr\/wp-json\/wp\/v2\/media?parent=1665"}],"wp:term":[{"taxonomy":"product_brand","embeddable":true,"href":"https:\/\/www.aydersan.com\/tr\/wp-json\/wp\/v2\/product_brand?post=1665"},{"taxonomy":"product_cat","embeddable":true,"href":"https:\/\/www.aydersan.com\/tr\/wp-json\/wp\/v2\/product_cat?post=1665"},{"taxonomy":"product_tag","embeddable":true,"href":"https:\/\/www.aydersan.com\/tr\/wp-json\/wp\/v2\/product_tag?post=1665"}],"curies":[{"name":"wp","href":"https:\/\/api.w.org\/{rel}","templated":true}]}}