{"id":1641,"date":"2024-10-24T12:15:11","date_gmt":"2024-10-24T09:15:11","guid":{"rendered":"http:\/\/wordpress.aydersan.com\/ana-sayfa\/?post_type=product&#038;p=1641"},"modified":"2024-12-10T09:30:12","modified_gmt":"2024-12-10T06:30:12","slug":"anatomik-sirt-minderi-bel-destegi","status":"publish","type":"product","link":"https:\/\/www.aydersan.com\/tr\/urun\/anatomik-sirt-minderi-bel-destegi\/","title":{"rendered":"Anatomik S\u0131rt Minderi &#8211; Bel deste\u011fi"},"content":{"rendered":"<table id=\"table11\" style=\"height: 560px;\" width=\"930\" cellpadding=\"0\" align=\"left\">\n<tbody>\n<tr>\n<td>Beden Se\u00e7imi<\/td>\n<\/tr>\n<tr>\n<td align=\"center\" width=\"570\">\u00a0 Bu \u00fcr\u00fcn t\u00fcm \u00f6l\u00e7\u00fcler i\u00e7in uygun \u00f6zellikte ve standarttad\u0131r.<\/td>\n<\/tr>\n<tr>\n<td>\u00dcr\u00fcn \u00d6zellikleri<\/td>\n<\/tr>\n<tr>\n<td>\n<div>\u00a0\u2022 Bu \u00fcr\u00fcn anatomik dizayn\u0131yla lombar b\u00f6lgeyi desteklemek amac\u0131yla tasarlanm\u0131\u015ft\u0131r.<\/div>\n<div>\u00a0\u2022 Oturu\u015f pozisyonunda konfor ve rahatlama sa\u011flar.<\/div>\n<div>\u00a0\u2022 \u00d6zel tasar\u0131ml\u0131 poli\u00fcretan materyalden \u00fcretilmi\u015ftir.<\/div>\n<div>\u00a0\u2022 \u00c7\u0131kart\u0131labilir fermuarl\u0131 bir k\u0131l\u0131f\u0131 bulunmaktad\u0131r.<\/div>\n<\/td>\n<\/tr>\n<tr>\n<td>\u00d6nemli Bilgiler ve Uyar\u0131lar<\/td>\n<\/tr>\n<tr>\n<td>\n<div>\u00a0\u2022 Bu \u00fcr\u00fcn yanmaz de\u011fildir. Y\u00fcksek \u0131s\u0131da \u00f6zelli\u011fini yitirir. Bu y\u00fczden 120&#8217;C \u00fczerinde \u0131s\u0131ya maruz<\/div>\n<div>\u00a0 \u00a0 b\u0131rakmay\u0131n\u0131z.<\/div>\n<div>\u00a0\u2022 \u00dcr\u00fcn \u00fczerinde konfor ya da kullan\u0131m kolayl\u0131\u011f\u0131 ad\u0131na k\u00fc\u00e7\u00fck de\u011fi\u015fiklikler yapmak isterseniz l\u00fctfen<\/div>\n<div>\u00a0 \u00a0 doktorunuzdan ya da \u00fcr\u00fcn\u00fc\u00a0 ald\u0131\u011f\u0131n\u0131z firmadan teknik destek al\u0131n\u0131z.<\/div>\n<div>\u00a0\u2022 Bu \u00fcr\u00fcn kullan\u0131m amac\u0131 d\u0131\u015f\u0131nda kullan\u0131lamaz veya ba\u015fka \u00fcr\u00fcnle kombine edilemez, sadece orjinal<\/div>\n<div>\u00a0 \u00a0 endikasyonlar\u0131 i\u00e7in kullan\u0131labilir.<\/div>\n<div>\u00a0\u2022 Latex ve lasti\u011fe kar\u015f\u0131 alerjiniz varsa kullanmadan \u00f6nce \u00fcr\u00fcn\u00fcn materyal muhteviyat\u0131n\u0131 kontrol ediniz<\/div>\n<div>\u00a0 \u00a0 ve bu durumda \u00fcr\u00fcnle\u00a0 cildiniz aras\u0131nda teri ve nemi alacak bir giysi kullan\u0131n\u0131z.<\/div>\n<address>\u00a0\u2022 MED\u0130FORM \u00fcr\u00fcn \u015fekil, tasar\u0131m ve i\u015f\u00e7ili\u011finde \u00f6nceden bilgi vermeden de\u011fi\u015fiklik yapabilir.<\/address>\n<\/td>\n<\/tr>\n<tr>\n<td>Y\u0131kama Talimat\u0131<\/td>\n<\/tr>\n<tr>\n<td>\n<p align=\"center\"><img decoding=\"async\" class=\"\" src=\"https:\/\/www.eceform.com.tr\/class\/INNOVAEditor\/assets\/gallery1\/yikama_talimatiJPG.jpg\" alt=\"Y\u0131kama Talimat\u0131\" width=\"481\" height=\"84\" border=\"0\" \/><\/p>\n<\/td>\n<\/tr>\n<tr>\n<td>\n<address>\u00a0\u2022 \u00dcr\u00fcn\u00fcn fermuarl\u0131 k\u0131l\u0131f\u0131n\u0131 \u00e7\u0131kart\u0131n\u0131z.<\/address>\n<address>\u00a0\u2022 M\u00fcmk\u00fcnse y\u0131kama \u00e7antas\u0131n\u0131 kullan\u0131n\u0131z.<\/address>\n<address>\u00a0\u2022 40\u00b0C&#8217;nin alt\u0131nda elde ya da makinede y\u0131kay\u0131n\u0131z.<\/address>\n<address>\u00a0\u2022 Y\u0131kand\u0131ktan sonra \u00fcr\u00fcn\u00fcn tamamen kurudu\u011funa emin olduktan sonra tak\u0131n\u0131z.<\/address>\n<\/td>\n<\/tr>\n<\/tbody>\n<\/table>\n","protected":false},"excerpt":{"rendered":"<p>Anatomik S\u0131rt Minderi &#8211; Bel deste\u011fi<\/p>\n","protected":false},"featured_media":1642,"template":"","meta":[],"product_brand":[],"product_cat":[153,231],"product_tag":[],"class_list":{"0":"post-1641","1":"product","2":"type-product","3":"status-publish","4":"has-post-thumbnail","6":"product_cat-yastiklar-ve-minderler","7":"product_cat-medikal-ortopedi-urunleri","9":"first","10":"instock","11":"shipping-taxable","12":"product-type-simple"},"_links":{"self":[{"href":"https:\/\/www.aydersan.com\/tr\/wp-json\/wp\/v2\/product\/1641","targetHints":{"allow":["GET"]}}],"collection":[{"href":"https:\/\/www.aydersan.com\/tr\/wp-json\/wp\/v2\/product"}],"about":[{"href":"https:\/\/www.aydersan.com\/tr\/wp-json\/wp\/v2\/types\/product"}],"wp:featuredmedia":[{"embeddable":true,"href":"https:\/\/www.aydersan.com\/tr\/wp-json\/wp\/v2\/media\/1642"}],"wp:attachment":[{"href":"https:\/\/www.aydersan.com\/tr\/wp-json\/wp\/v2\/media?parent=1641"}],"wp:term":[{"taxonomy":"product_brand","embeddable":true,"href":"https:\/\/www.aydersan.com\/tr\/wp-json\/wp\/v2\/product_brand?post=1641"},{"taxonomy":"product_cat","embeddable":true,"href":"https:\/\/www.aydersan.com\/tr\/wp-json\/wp\/v2\/product_cat?post=1641"},{"taxonomy":"product_tag","embeddable":true,"href":"https:\/\/www.aydersan.com\/tr\/wp-json\/wp\/v2\/product_tag?post=1641"}],"curies":[{"name":"wp","href":"https:\/\/api.w.org\/{rel}","templated":true}]}}