{"id":1620,"date":"2024-10-24T11:45:41","date_gmt":"2024-10-24T08:45:41","guid":{"rendered":"http:\/\/wordpress.aydersan.com\/ana-sayfa\/?post_type=product&#038;p=1620"},"modified":"2024-12-10T09:30:59","modified_gmt":"2024-12-10T06:30:59","slug":"koltuk-alti-degnegi-aluminyum","status":"publish","type":"product","link":"https:\/\/www.aydersan.com\/tr\/urun\/koltuk-alti-degnegi-aluminyum\/","title":{"rendered":"Koltuk alt\u0131 de\u011fne\u011fi (Al\u00fcminyum)"},"content":{"rendered":"<table id=\"table13\" cellpadding=\"0\" align=\"left\">\n<tbody>\n<tr>\n<td colspan=\"3\">Beden Se\u00e7imi<\/td>\n<\/tr>\n<tr>\n<td align=\"center\" width=\"190\">S<\/td>\n<td align=\"center\" width=\"190\">M<\/td>\n<td align=\"center\" width=\"190\">L<\/td>\n<\/tr>\n<tr>\n<td align=\"center\" width=\"190\">101 &#8211; 118 Cm<\/td>\n<td align=\"center\" width=\"190\">116 &#8211; 133 Cm<\/td>\n<td align=\"center\" width=\"190\">130 &#8211; 147 Cm<\/td>\n<\/tr>\n<tr>\n<td colspan=\"3\">\u00dcr\u00fcn \u00d6zellikleri<\/td>\n<\/tr>\n<tr>\n<td colspan=\"3\">\n<div>\u00a0\u2022 22 ve 19 mm eloksall\u0131 yuvarlak al\u00fcminyum borudan imal edilir.<\/div>\n<div>\u00a0\u2022 Y\u00fcksekli\u011fi tek butonla kolayca ayarlanabilir.<\/div>\n<div>\u00a0\u2022 Gri, Lacivert ve k\u0131rm\u0131z\u0131 renk se\u00e7enekleri mevcuttur.<\/div>\n<div>\u00a0\u2022 \u00c7ift halindedir. 1 adet sipari\u015finizde 2 adet ayn\u0131 \u00fcr\u00fcn gelir.<br \/>\n\u2022\u00a0Kaymayan PVC dip lasti\u011fi ile kullan\u0131m s\u0131ras\u0131nda ekstra g\u00fcvenlik sa\u011flar.<\/div>\n<\/td>\n<\/tr>\n<tr>\n<td colspan=\"3\">\u00d6nemli Bilgiler ve Uyar\u0131lar<\/td>\n<\/tr>\n<tr>\n<td colspan=\"3\">\n<address>\u00a0\u2022 Bu \u00fcr\u00fcn doktor tavsiyesi ile kullan\u0131l\u0131r.<\/address>\n<div>\u00a0\u2022 Bu \u00fcr\u00fcn yanmaz de\u011fildir. Y\u00fcksek \u0131s\u0131da \u00f6zelli\u011fini yitirir. Bu y\u00fczden 120&#8217;C \u00fczerinde \u0131s\u0131ya maruz<\/div>\n<div>\u00a0 \u00a0 b\u0131rakmay\u0131n\u0131z.<\/div>\n<div>\u00a0\u2022 \u00dcr\u00fcn \u00fczerinde konfor ya da kullan\u0131m kolayl\u0131\u011f\u0131 ad\u0131na k\u00fc\u00e7\u00fck de\u011fi\u015fiklikler yapmak isterseniz l\u00fctfen<\/div>\n<div>\u00a0 \u00a0 doktorunuzdan ya da \u00fcr\u00fcn\u00fc\u00a0 ald\u0131\u011f\u0131n\u0131z firmadan teknik destek al\u0131n\u0131z.<\/div>\n<div>\u00a0\u2022 Bu \u00fcr\u00fcn kullan\u0131m amac\u0131 d\u0131\u015f\u0131nda kullan\u0131lamaz veya ba\u015fka \u00fcr\u00fcnle kombine edilemez, sadece orjinal<\/div>\n<div>\u00a0 \u00a0 endikasyonlar\u0131 i\u00e7in kullan\u0131labilir.<\/div>\n<div>\u00a0\u2022 Latex ve lasti\u011fe kar\u015f\u0131 alerjiniz varsa kullanmadan \u00f6nce \u00fcr\u00fcn\u00fcn materyal muhteviyat\u0131n\u0131 kontrol ediniz<\/div>\n<div>\u00a0 \u00a0 ve bu durumda \u00fcr\u00fcnle\u00a0 cildiniz aras\u0131nda teri ve nemi alacak bir giysi kullan\u0131n\u0131z.<\/div>\n<address>\u00a0\u2022 MED\u0130FORM \u00fcr\u00fcn \u015fekil, tasar\u0131m ve i\u015f\u00e7ili\u011finde \u00f6nceden bilgi vermeden de\u011fi\u015fiklik yapabilir.<\/address>\n<\/td>\n<\/tr>\n<\/tbody>\n<\/table>\n","protected":false},"excerpt":{"rendered":"<p>Koltuk alt\u0131 de\u011fne\u011fi (Al\u00fcminyum)<\/p>\n","protected":false},"featured_media":1621,"template":"","meta":[],"product_brand":[],"product_cat":[154,231],"product_tag":[],"class_list":{"0":"post-1620","1":"product","2":"type-product","3":"status-publish","4":"has-post-thumbnail","6":"product_cat-yurume-yardimcilari","7":"product_cat-medikal-ortopedi-urunleri","9":"first","10":"instock","11":"shipping-taxable","12":"product-type-simple"},"_links":{"self":[{"href":"https:\/\/www.aydersan.com\/tr\/wp-json\/wp\/v2\/product\/1620","targetHints":{"allow":["GET"]}}],"collection":[{"href":"https:\/\/www.aydersan.com\/tr\/wp-json\/wp\/v2\/product"}],"about":[{"href":"https:\/\/www.aydersan.com\/tr\/wp-json\/wp\/v2\/types\/product"}],"wp:featuredmedia":[{"embeddable":true,"href":"https:\/\/www.aydersan.com\/tr\/wp-json\/wp\/v2\/media\/1621"}],"wp:attachment":[{"href":"https:\/\/www.aydersan.com\/tr\/wp-json\/wp\/v2\/media?parent=1620"}],"wp:term":[{"taxonomy":"product_brand","embeddable":true,"href":"https:\/\/www.aydersan.com\/tr\/wp-json\/wp\/v2\/product_brand?post=1620"},{"taxonomy":"product_cat","embeddable":true,"href":"https:\/\/www.aydersan.com\/tr\/wp-json\/wp\/v2\/product_cat?post=1620"},{"taxonomy":"product_tag","embeddable":true,"href":"https:\/\/www.aydersan.com\/tr\/wp-json\/wp\/v2\/product_tag?post=1620"}],"curies":[{"name":"wp","href":"https:\/\/api.w.org\/{rel}","templated":true}]}}