{"id":1584,"date":"2024-10-24T10:29:25","date_gmt":"2024-10-24T07:29:25","guid":{"rendered":"http:\/\/wordpress.aydersan.com\/ana-sayfa\/?post_type=product&#038;p=1584"},"modified":"2024-11-27T09:42:26","modified_gmt":"2024-11-27T06:42:26","slug":"desenli-pamuklu-kumas-medikal-bone-16","status":"publish","type":"product","link":"https:\/\/www.aydersan.com\/tr\/urun\/desenli-pamuklu-kumas-medikal-bone-16\/","title":{"rendered":"Desenli Pamuklu Kuma\u015f Medikal Bone"},"content":{"rendered":"<p style=\"text-align: left;\" align=\"center\">Hem\u015fire Doktor A\u015f\u00e7\u0131 Bonesi Desenli Pamuklu Kuma\u015f Medikal Bone<\/p>\n<p style=\"text-align: left;\" align=\"center\">Medikal Bone Terletme Yapmaz Kaliteli &#8211; Kuma\u015f &#8211; S\u00fcper H\u0131zl\u0131 Kargo<\/p>\n<p style=\"text-align: left;\">-Ayarlanabilir bedenlidir her bedene uygundur.<\/p>\n<p style=\"text-align: left;\">-Pamuklu Terry Cotton kuma\u015ft\u0131r terletme yapmaz hava ge\u00e7irgenli\u011fi y\u00fcksektir.<\/p>\n<p style=\"text-align: left;\">&#8211; Bonelerimiz Hastane ve Mutfaklarda Doktor, Hem\u015fire gibi sa\u011fl\u0131k \u00e7al\u0131\u015fanlar\u0131 ve Mutfak personelleri i\u00e7in \u00e7ok uygun bir bone modelidir.<\/p>\n","protected":false},"excerpt":{"rendered":"<h1>Desenli Pamuklu Kuma\u015f Medikal Bone<\/h1>\n<div class=\"product-comments-container\" data-selector=\"add-comment\">\n<div class=\"product-comment-rating jq-ry-container\" data-rank=\"0.00\">\n<div class=\"jq-ry-group-wrapper\">\n<div class=\"jq-ry-normal-group jq-ry-group\"><\/div>\n<div class=\"jq-ry-rated-group jq-ry-group\"><\/div>\n<\/div>\n<\/div>\n<\/div>\n","protected":false},"featured_media":1585,"template":"","meta":[],"product_brand":[],"product_cat":[144,157],"product_tag":[],"class_list":{"0":"post-1584","1":"product","2":"type-product","3":"status-publish","4":"has-post-thumbnail","6":"product_cat-saglik-personel-kiyafetleri","7":"product_cat-boneler","9":"first","10":"instock","11":"shipping-taxable","12":"product-type-simple"},"_links":{"self":[{"href":"https:\/\/www.aydersan.com\/tr\/wp-json\/wp\/v2\/product\/1584","targetHints":{"allow":["GET"]}}],"collection":[{"href":"https:\/\/www.aydersan.com\/tr\/wp-json\/wp\/v2\/product"}],"about":[{"href":"https:\/\/www.aydersan.com\/tr\/wp-json\/wp\/v2\/types\/product"}],"wp:featuredmedia":[{"embeddable":true,"href":"https:\/\/www.aydersan.com\/tr\/wp-json\/wp\/v2\/media\/1585"}],"wp:attachment":[{"href":"https:\/\/www.aydersan.com\/tr\/wp-json\/wp\/v2\/media?parent=1584"}],"wp:term":[{"taxonomy":"product_brand","embeddable":true,"href":"https:\/\/www.aydersan.com\/tr\/wp-json\/wp\/v2\/product_brand?post=1584"},{"taxonomy":"product_cat","embeddable":true,"href":"https:\/\/www.aydersan.com\/tr\/wp-json\/wp\/v2\/product_cat?post=1584"},{"taxonomy":"product_tag","embeddable":true,"href":"https:\/\/www.aydersan.com\/tr\/wp-json\/wp\/v2\/product_tag?post=1584"}],"curies":[{"name":"wp","href":"https:\/\/api.w.org\/{rel}","templated":true}]}}