{"id":1555,"date":"2024-10-24T09:29:24","date_gmt":"2024-10-24T06:29:24","guid":{"rendered":"http:\/\/wordpress.aydersan.com\/ana-sayfa\/?post_type=product&#038;p=1555"},"modified":"2024-11-27T11:58:19","modified_gmt":"2024-11-27T08:58:19","slug":"bay-yesil-cerrahi-nobet-forma-takim","status":"publish","type":"product","link":"https:\/\/www.aydersan.com\/tr\/urun\/bay-yesil-cerrahi-nobet-forma-takim\/","title":{"rendered":"Bay Ye\u015fil Cerrahi N\u00f6bet Forma Tak\u0131m"},"content":{"rendered":"<table id=\"table1\" cellspacing=\"2\" cellpadding=\"5\" align=\"left\">\n<tbody>\n<tr>\n<td colspan=\"2\"><strong>\u00dcr\u00fcn Hakk\u0131nda Genel A\u00e7\u0131klamalar<\/strong><\/td>\n<\/tr>\n<tr>\n<td colspan=\"2\">Ameliyathane, acil servis, do\u011fumhane, yo\u011fun bak\u0131m, yeni do\u011fan v.b. b\u00f6l\u00fcmlerde \u00e7al\u0131\u015fan sa\u011fl\u0131k personelleri i\u00e7in s\u0131cak ortamlarda rahatl\u0131k sa\u011flayan bir k\u0131yafettir. Kuma\u015f i\u00e7eri\u011findeki do\u011fal pamuk ile viskon kar\u0131\u015f\u0131m\u0131, v\u00fccutta statik elektriklenme yapmaz. V\u00fccuttaki nemi emerek d\u0131\u015far\u0131 atar, v\u00fccudu serin ve ferah tutar.<\/td>\n<\/tr>\n<tr>\n<td><strong>\u00d6zellik<\/strong><\/td>\n<td><strong>De\u011fer<\/strong><\/td>\n<\/tr>\n<tr>\n<td valign=\"center\">BEDEN SE\u00c7ENEKLER\u0130<\/td>\n<td valign=\"center\">XS, S, M, L, XL, XXL<\/td>\n<\/tr>\n<tr>\n<td valign=\"center\">KUMA\u015e C\u0130NS\u0130<\/td>\n<td valign=\"center\">TERRY COTTON<\/td>\n<\/tr>\n<tr>\n<td valign=\"center\">KUMA\u015e KARI\u015eIMI<\/td>\n<td valign=\"center\">%\u00a035\u00a0PAMUK % 65 V\u0130SKON<\/td>\n<\/tr>\n<tr>\n<td valign=\"center\">KUMA\u015e GRAMAJI<\/td>\n<td valign=\"center\">115\u00a0GR.<\/td>\n<\/tr>\n<tr>\n<td valign=\"center\">YIKAMA DERECES\u0130<\/td>\n<td valign=\"center\">PAMUKLU\u00a030-40 DERECE<\/td>\n<\/tr>\n<tr>\n<td valign=\"center\">BEDEN YAPISI<\/td>\n<td valign=\"center\">BAY KLAS\u0130K BEDEN<\/td>\n<\/tr>\n<tr>\n<td valign=\"center\">PANTOLON<\/td>\n<td valign=\"center\">KOMPLE LAST\u0130KL\u0130<\/td>\n<\/tr>\n<tr>\n<td valign=\"center\" height=\"30\">MEVS\u0130M<\/td>\n<td valign=\"center\" height=\"30\">YAZLIK<\/td>\n<\/tr>\n<\/tbody>\n<\/table>\n","protected":false},"excerpt":{"rendered":"<p>Bay Ye\u015fil Cerrahi N\u00f6bet Forma Tak\u0131m<\/p>\n","protected":false},"featured_media":1556,"template":"","meta":[],"product_brand":[],"product_cat":[144,163],"product_tag":[],"class_list":{"0":"post-1555","1":"product","2":"type-product","3":"status-publish","4":"has-post-thumbnail","6":"product_cat-saglik-personel-kiyafetleri","7":"product_cat-bay-cerrahi-nobet-forma-takimlar","9":"first","10":"instock","11":"shipping-taxable","12":"product-type-simple"},"_links":{"self":[{"href":"https:\/\/www.aydersan.com\/tr\/wp-json\/wp\/v2\/product\/1555","targetHints":{"allow":["GET"]}}],"collection":[{"href":"https:\/\/www.aydersan.com\/tr\/wp-json\/wp\/v2\/product"}],"about":[{"href":"https:\/\/www.aydersan.com\/tr\/wp-json\/wp\/v2\/types\/product"}],"wp:featuredmedia":[{"embeddable":true,"href":"https:\/\/www.aydersan.com\/tr\/wp-json\/wp\/v2\/media\/1556"}],"wp:attachment":[{"href":"https:\/\/www.aydersan.com\/tr\/wp-json\/wp\/v2\/media?parent=1555"}],"wp:term":[{"taxonomy":"product_brand","embeddable":true,"href":"https:\/\/www.aydersan.com\/tr\/wp-json\/wp\/v2\/product_brand?post=1555"},{"taxonomy":"product_cat","embeddable":true,"href":"https:\/\/www.aydersan.com\/tr\/wp-json\/wp\/v2\/product_cat?post=1555"},{"taxonomy":"product_tag","embeddable":true,"href":"https:\/\/www.aydersan.com\/tr\/wp-json\/wp\/v2\/product_tag?post=1555"}],"curies":[{"name":"wp","href":"https:\/\/api.w.org\/{rel}","templated":true}]}}