{"id":1526,"date":"2024-10-24T08:49:27","date_gmt":"2024-10-24T05:49:27","guid":{"rendered":"http:\/\/wordpress.aydersan.com\/ana-sayfa\/?post_type=product&#038;p=1526"},"modified":"2024-11-27T16:16:54","modified_gmt":"2024-11-27T13:16:54","slug":"klasik-yaka-orta-boy-uzun-kol-bay-onluk","status":"publish","type":"product","link":"https:\/\/www.aydersan.com\/tr\/urun\/klasik-yaka-orta-boy-uzun-kol-bay-onluk\/","title":{"rendered":"Klasik Yaka Orta Boy Uzun Kol Bay \u00d6nl\u00fck"},"content":{"rendered":"<table style=\"height: 192px;\" width=\"857\" cellspacing=\"2\" cellpadding=\"5\" align=\"left\">\n<tbody>\n<tr>\n<td><strong>\u00d6zellik<\/strong><\/td>\n<td><strong>De\u011fer<\/strong><\/td>\n<\/tr>\n<tr>\n<td>KUMA\u015e C\u0130NS\u0130<\/td>\n<td>ALPAKA<\/td>\n<\/tr>\n<tr>\n<td>KUMA\u015e KARI\u015eIMI<\/td>\n<td>% 35 POLY. % 65 V\u0130SKON<\/td>\n<\/tr>\n<tr>\n<td>KUMA\u015e GRAMAJI<\/td>\n<td>210 GR.<\/td>\n<\/tr>\n<tr>\n<td>YIKAMA DERECES\u0130<\/td>\n<td>SENTET\u0130K 30-40 DERECE<\/td>\n<\/tr>\n<\/tbody>\n<\/table>\n","protected":false},"excerpt":{"rendered":"<p>Klasik Yaka Orta Boy Uzun Kol Bay \u00d6nl\u00fck<\/p>\n","protected":false},"featured_media":1527,"template":"","meta":[],"product_brand":[],"product_cat":[144,185],"product_tag":[],"class_list":{"0":"post-1526","1":"product","2":"type-product","3":"status-publish","4":"has-post-thumbnail","6":"product_cat-saglik-personel-kiyafetleri","7":"product_cat-bay-alpaka-onlukler","9":"first","10":"instock","11":"shipping-taxable","12":"product-type-simple"},"_links":{"self":[{"href":"https:\/\/www.aydersan.com\/tr\/wp-json\/wp\/v2\/product\/1526","targetHints":{"allow":["GET"]}}],"collection":[{"href":"https:\/\/www.aydersan.com\/tr\/wp-json\/wp\/v2\/product"}],"about":[{"href":"https:\/\/www.aydersan.com\/tr\/wp-json\/wp\/v2\/types\/product"}],"wp:featuredmedia":[{"embeddable":true,"href":"https:\/\/www.aydersan.com\/tr\/wp-json\/wp\/v2\/media\/1527"}],"wp:attachment":[{"href":"https:\/\/www.aydersan.com\/tr\/wp-json\/wp\/v2\/media?parent=1526"}],"wp:term":[{"taxonomy":"product_brand","embeddable":true,"href":"https:\/\/www.aydersan.com\/tr\/wp-json\/wp\/v2\/product_brand?post=1526"},{"taxonomy":"product_cat","embeddable":true,"href":"https:\/\/www.aydersan.com\/tr\/wp-json\/wp\/v2\/product_cat?post=1526"},{"taxonomy":"product_tag","embeddable":true,"href":"https:\/\/www.aydersan.com\/tr\/wp-json\/wp\/v2\/product_tag?post=1526"}],"curies":[{"name":"wp","href":"https:\/\/api.w.org\/{rel}","templated":true}]}}