{"id":1502,"date":"2024-10-23T17:30:08","date_gmt":"2024-10-23T14:30:08","guid":{"rendered":"http:\/\/wordpress.aydersan.com\/ana-sayfa\/?post_type=product&#038;p=1502"},"modified":"2024-11-27T11:28:54","modified_gmt":"2024-11-27T08:28:54","slug":"klasik-yaka-uzun-kol-uzun-boy-bayan-onluk","status":"publish","type":"product","link":"https:\/\/www.aydersan.com\/tr\/urun\/klasik-yaka-uzun-kol-uzun-boy-bayan-onluk\/","title":{"rendered":"Klasik Yaka Uzun Kol Uzun Boy Bayan \u00d6nl\u00fck"},"content":{"rendered":"<table style=\"height: 117px;\" width=\"807\" cellspacing=\"2\" cellpadding=\"5\" align=\"left\">\n<tbody>\n<tr>\n<td><strong>\u00d6zellik<\/strong><\/td>\n<td><strong>De\u011fer<\/strong><\/td>\n<\/tr>\n<tr>\n<td>KUMA\u015e C\u0130NS\u0130<\/td>\n<td>ALPAKA<\/td>\n<\/tr>\n<tr>\n<td>KUMA\u015e KARI\u015eIMI<\/td>\n<td>% 35 POLY. % 65 V\u0130SKON<\/td>\n<\/tr>\n<tr>\n<td>KUMA\u015e GRAMAJI<\/td>\n<td>210 GR.<\/td>\n<\/tr>\n<tr>\n<td>YIKAMA DERECES\u0130<\/td>\n<td>SENTET\u0130K 30-40 DERECE<\/td>\n<\/tr>\n<tr>\n<td>BEDEN YAPISI<\/td>\n<td>BELDEN OTURTMALI<\/td>\n<\/tr>\n<\/tbody>\n<\/table>\n","protected":false},"excerpt":{"rendered":"<p>Klasik Yaka Uzun Kol Uzun Boy Bayan \u00d6nl\u00fck<\/p>\n","protected":false},"featured_media":1503,"template":"","meta":[],"product_brand":[],"product_cat":[144,165],"product_tag":[],"class_list":{"0":"post-1502","1":"product","2":"type-product","3":"status-publish","4":"has-post-thumbnail","6":"product_cat-saglik-personel-kiyafetleri","7":"product_cat-bayan-alpaka-onlukler","9":"first","10":"instock","11":"shipping-taxable","12":"product-type-simple"},"_links":{"self":[{"href":"https:\/\/www.aydersan.com\/tr\/wp-json\/wp\/v2\/product\/1502","targetHints":{"allow":["GET"]}}],"collection":[{"href":"https:\/\/www.aydersan.com\/tr\/wp-json\/wp\/v2\/product"}],"about":[{"href":"https:\/\/www.aydersan.com\/tr\/wp-json\/wp\/v2\/types\/product"}],"wp:featuredmedia":[{"embeddable":true,"href":"https:\/\/www.aydersan.com\/tr\/wp-json\/wp\/v2\/media\/1503"}],"wp:attachment":[{"href":"https:\/\/www.aydersan.com\/tr\/wp-json\/wp\/v2\/media?parent=1502"}],"wp:term":[{"taxonomy":"product_brand","embeddable":true,"href":"https:\/\/www.aydersan.com\/tr\/wp-json\/wp\/v2\/product_brand?post=1502"},{"taxonomy":"product_cat","embeddable":true,"href":"https:\/\/www.aydersan.com\/tr\/wp-json\/wp\/v2\/product_cat?post=1502"},{"taxonomy":"product_tag","embeddable":true,"href":"https:\/\/www.aydersan.com\/tr\/wp-json\/wp\/v2\/product_tag?post=1502"}],"curies":[{"name":"wp","href":"https:\/\/api.w.org\/{rel}","templated":true}]}}