{"id":1480,"date":"2024-10-23T16:45:20","date_gmt":"2024-10-23T13:45:20","guid":{"rendered":"http:\/\/wordpress.aydersan.com\/ana-sayfa\/?post_type=product&#038;p=1480"},"modified":"2024-11-27T12:02:56","modified_gmt":"2024-11-27T09:02:56","slug":"boru-paca-utu-dikisli-bayan-pantolon","status":"publish","type":"product","link":"https:\/\/www.aydersan.com\/tr\/urun\/boru-paca-utu-dikisli-bayan-pantolon\/","title":{"rendered":"Boru Pa\u00e7a \u00dct\u00fc Diki\u015fli Bayan Pantolon"},"content":{"rendered":"<table style=\"height: 172px;\" width=\"1052\" cellspacing=\"2\" cellpadding=\"5\" align=\"left\">\n<tbody>\n<tr>\n<td><strong>\u00d6zellik<\/strong><\/td>\n<td><strong>De\u011fer<\/strong><\/td>\n<\/tr>\n<tr>\n<td>KUMA\u015e C\u0130NS\u0130<\/td>\n<td>ALPAKA<\/td>\n<\/tr>\n<tr>\n<td>KUMA\u015e KARI\u015eIMI<\/td>\n<td>% 35 POLY. % 65 V\u0130SKON<\/td>\n<\/tr>\n<tr>\n<td>KUMA\u015e GRAMAJI<\/td>\n<td>210 GR.<\/td>\n<\/tr>\n<tr>\n<td>YIKAMA DERECES\u0130<\/td>\n<td>SENTET\u0130K 30-40 DERECE<\/td>\n<\/tr>\n<tr>\n<td>KEMER KAPISI<\/td>\n<td>\u0130K\u0130 YANDAN LAST\u0130KL\u0130 \u00d6NDEN FERMUARLI<\/td>\n<\/tr>\n<\/tbody>\n<\/table>\n","protected":false},"excerpt":{"rendered":"<p>Boru Pa\u00e7a \u00dct\u00fc Diki\u015fli Bayan Pantolon<\/p>\n","protected":false},"featured_media":1481,"template":"","meta":[],"product_brand":[],"product_cat":[144,164],"product_tag":[],"class_list":{"0":"post-1480","1":"product","2":"type-product","3":"status-publish","4":"has-post-thumbnail","6":"product_cat-saglik-personel-kiyafetleri","7":"product_cat-bayan-alpaka-pantolonlar","9":"first","10":"instock","11":"shipping-taxable","12":"product-type-simple"},"_links":{"self":[{"href":"https:\/\/www.aydersan.com\/tr\/wp-json\/wp\/v2\/product\/1480","targetHints":{"allow":["GET"]}}],"collection":[{"href":"https:\/\/www.aydersan.com\/tr\/wp-json\/wp\/v2\/product"}],"about":[{"href":"https:\/\/www.aydersan.com\/tr\/wp-json\/wp\/v2\/types\/product"}],"wp:featuredmedia":[{"embeddable":true,"href":"https:\/\/www.aydersan.com\/tr\/wp-json\/wp\/v2\/media\/1481"}],"wp:attachment":[{"href":"https:\/\/www.aydersan.com\/tr\/wp-json\/wp\/v2\/media?parent=1480"}],"wp:term":[{"taxonomy":"product_brand","embeddable":true,"href":"https:\/\/www.aydersan.com\/tr\/wp-json\/wp\/v2\/product_brand?post=1480"},{"taxonomy":"product_cat","embeddable":true,"href":"https:\/\/www.aydersan.com\/tr\/wp-json\/wp\/v2\/product_cat?post=1480"},{"taxonomy":"product_tag","embeddable":true,"href":"https:\/\/www.aydersan.com\/tr\/wp-json\/wp\/v2\/product_tag?post=1480"}],"curies":[{"name":"wp","href":"https:\/\/api.w.org\/{rel}","templated":true}]}}