{"id":1447,"date":"2024-10-23T15:56:00","date_gmt":"2024-10-23T12:56:00","guid":{"rendered":"http:\/\/wordpress.aydersan.com\/ana-sayfa\/?post_type=product&#038;p=1447"},"modified":"2024-11-27T11:24:48","modified_gmt":"2024-11-27T08:24:48","slug":"kare-yaka-bayan-forma-ust","status":"publish","type":"product","link":"https:\/\/www.aydersan.com\/tr\/urun\/kare-yaka-bayan-forma-ust\/","title":{"rendered":"Kare Yaka Bayan Forma \u00dcst"},"content":{"rendered":"<table style=\"height: 219px;\" width=\"792\" cellspacing=\"2\" cellpadding=\"5\" align=\"left\">\n<tbody>\n<tr>\n<td><strong>\u00d6zellik<\/strong><\/td>\n<td><strong>De\u011fer<\/strong><\/td>\n<\/tr>\n<tr>\n<td>KUMA\u015e C\u0130NS\u0130<\/td>\n<td>ALPAKA<\/td>\n<\/tr>\n<tr>\n<td>KUMA\u015e KARI\u015eIMI<\/td>\n<td>% 35 POLY. % 65 V\u0130SKON<\/td>\n<\/tr>\n<tr>\n<td>KUMA\u015e GRAMAJI<\/td>\n<td>210 GR.<\/td>\n<\/tr>\n<tr>\n<td>YIKAMA DERECES\u0130<\/td>\n<td>SENTET\u0130K 30-40 DERECE<\/td>\n<\/tr>\n<tr>\n<td>BEDEN YAPISI<\/td>\n<td>BELDEN OTURTMALI<\/td>\n<\/tr>\n<\/tbody>\n<\/table>\n","protected":false},"excerpt":{"rendered":"<h1>Kare Yaka Bayan Forma \u00dcst<\/h1>\n<div class=\"product-comments-container\" data-selector=\"add-comment\">\n<div class=\"product-comment-rating jq-ry-container\" data-rank=\"0.00\">\n<div class=\"jq-ry-group-wrapper\">\n<div class=\"jq-ry-normal-group jq-ry-group\"><\/div>\n<div class=\"jq-ry-rated-group jq-ry-group\"><\/div>\n<\/div>\n<\/div>\n<\/div>\n","protected":false},"featured_media":1439,"template":"","meta":[],"product_brand":[],"product_cat":[144,158],"product_tag":[],"class_list":{"0":"post-1447","1":"product","2":"type-product","3":"status-publish","4":"has-post-thumbnail","6":"product_cat-saglik-personel-kiyafetleri","7":"product_cat-bayan-alpaka-formalar","9":"first","10":"instock","11":"shipping-taxable","12":"product-type-simple"},"_links":{"self":[{"href":"https:\/\/www.aydersan.com\/tr\/wp-json\/wp\/v2\/product\/1447","targetHints":{"allow":["GET"]}}],"collection":[{"href":"https:\/\/www.aydersan.com\/tr\/wp-json\/wp\/v2\/product"}],"about":[{"href":"https:\/\/www.aydersan.com\/tr\/wp-json\/wp\/v2\/types\/product"}],"wp:featuredmedia":[{"embeddable":true,"href":"https:\/\/www.aydersan.com\/tr\/wp-json\/wp\/v2\/media\/1439"}],"wp:attachment":[{"href":"https:\/\/www.aydersan.com\/tr\/wp-json\/wp\/v2\/media?parent=1447"}],"wp:term":[{"taxonomy":"product_brand","embeddable":true,"href":"https:\/\/www.aydersan.com\/tr\/wp-json\/wp\/v2\/product_brand?post=1447"},{"taxonomy":"product_cat","embeddable":true,"href":"https:\/\/www.aydersan.com\/tr\/wp-json\/wp\/v2\/product_cat?post=1447"},{"taxonomy":"product_tag","embeddable":true,"href":"https:\/\/www.aydersan.com\/tr\/wp-json\/wp\/v2\/product_tag?post=1447"}],"curies":[{"name":"wp","href":"https:\/\/api.w.org\/{rel}","templated":true}]}}