{"id":1384,"date":"2024-10-22T17:41:24","date_gmt":"2024-10-22T14:41:24","guid":{"rendered":"http:\/\/wordpress.aydersan.com\/ana-sayfa\/?post_type=product&#038;p=1384"},"modified":"2024-11-27T16:19:59","modified_gmt":"2024-11-27T13:19:59","slug":"prodexy-kadin-ic-tabanligi-degisebilir-tam-anatomik-gunluk-terlik","status":"publish","type":"product","link":"https:\/\/www.aydersan.com\/tr\/urun\/prodexy-kadin-ic-tabanligi-degisebilir-tam-anatomik-gunluk-terlik\/","title":{"rendered":"Prodexy Kad\u0131n \u0130\u00e7 Tabanl\u0131\u011f\u0131 De\u011fi\u015febilir Tam Anatomik G\u00fcnl\u00fck Terlik"},"content":{"rendered":"<p>Prodexy\u00a0markal\u0131\u00a0g\u00fcnl\u00fck terliklerimiz\u00a0kullan\u0131c\u0131ya maksimum seviyede konfor sa\u011flamak amac\u0131yla tasarlanm\u0131\u015ft\u0131r. \u0130nsan hatas\u0131n\u0131 minimuma indirecek \u015fekilde tamamen otomasyon sistemlerde \u00fcretilen\u00a0Prodexy g\u00fcnl\u00fck terliklerimiz \u00fcretimde sa\u011flad\u0131\u011f\u0131m\u0131z kalite kontrol sistemleri ile her \u00e7iftte hatas\u0131z \u00fcretimi sa\u011flar. T\u00fcm\u00a0Prodexy\u00a0markal\u0131 \u00fcr\u00fcnlerimiz\u00a0yerli \u00fcretimdir.<\/p>\n<p>\u00dcst Saya:\u00a0Y\u00fcksek kaliteli malzemelerden \u00fcretilen\u00a0Prodexy g\u00fcnl\u00fck terliklerimiz \u00f6zel \u00fcst saya malzemesi sayesinde suya kar\u015f\u0131 dayan\u0131kl\u0131d\u0131r. Plaj ve sahillerde kullan\u0131ma uygundur. Ekstra dayan\u0131kl\u0131l\u0131k i\u00e7in g\u00fc\u00e7lendirici i\u00e7 diki\u015fler kullan\u0131larak tam koruma sa\u011flanm\u0131\u015ft\u0131r.<\/p>\n<p>\u0130\u00e7 Taban:\u00a0Bubble Comfort Plus\u00a0fuspet teknolojimiz tam anatomik yap\u0131s\u0131yla v\u00fccut denge a\u011f\u0131rl\u0131\u011f\u0131n\u0131n homojen olarak da\u011f\u0131lmas\u0131n\u0131 sa\u011flar post\u00fcr bozuklu\u011fundan kaynakl\u0131 kamburlu\u011fun olu\u015fmas\u0131n\u0131n \u00f6n\u00fcne ge\u00e7er. Ortopedik ark deste\u011fi ve y\u00fczlerce noktadan olu\u015fan hava kabarc\u0131kl\u0131 tabanl\u0131k tasar\u0131m\u0131m\u0131z aya\u011f\u0131n\u0131za maksimum konfor sa\u011flay\u0131p her ad\u0131m\u0131n\u0131zda aya\u011f\u0131n\u0131za masaj etkisi yaparak g\u00fcn sonu yorgunlu\u011funuzun azalmas\u0131na yard\u0131mc\u0131 olur.<\/p>\n<p>De\u011fi\u015ftirebilir \u0130\u00e7 Tabanl\u0131k:\u00a0Prodexy\u00a0g\u00fcnl\u00fck terliklerimizin i\u00e7 tabanl\u0131\u011f\u0131 de\u011fi\u015ftirebilir olarak tasarland\u0131.\u00a0Prodexy\u00a0terliklerimizin i\u00e7 tabanl\u0131klar\u0131n\u0131 ister farkl\u0131 renk se\u00e7enekleri ister aya\u011f\u0131n\u0131za \u00f6zel yap\u0131m tabanl\u0131klar\u0131n\u0131zla de\u011fi\u015ftirerek kullanabilirsiniz.<\/p>\n<p>Taban:\u00a0Tam otomasyon \u00fcretim parkurunda enjeksiyon sistemde \u00fcretilen tabanlar\u0131m\u0131z do\u011fada \u00e7\u00f6z\u00fcnebilir poli\u00fcretan malzemeden \u00fcretilmi\u015ftir. Hafif ve dayan\u0131kl\u0131 yap\u0131s\u0131yla aya\u011f\u0131n\u0131z\u0131 yormaz, uzun kullan\u0131m \u00f6mr\u00fcne sahiptir. Enjeksiyon sistemde \u00fcretilen\u00a0terliklerimizde yap\u0131\u015ft\u0131rma i\u015flemi el de\u011fmeden otomatik bilgisayarl\u0131 makinelerde yap\u0131l\u0131r.<\/p>\n<p>&nbsp;<\/p>\n<p>\u00dcr\u00fcn Kullan\u0131m K\u0131lavuzu:<\/p>\n<p>\u00b7Prodexy markal\u0131 terliklerinizi elde ya da makinede y\u0131kamay\u0131n\u0131z. Kimyasal malzemeler ile temizlemeyiniz.<\/p>\n<p>\u00b7Islanan veya nemlenen Prodexy \u00fcr\u00fcnlerini l\u00fctfen kalorifer alt\u0131na ya da soba yan\u0131na koymay\u0131n\u0131z. H\u0131zl\u0131 kurutucular ile kurutmaya \u00e7al\u0131\u015fmay\u0131n\u0131z. Kuru bezle nemini alarak kendi kendine kurumas\u0131n\u0131 bekleyiniz.<\/p>\n<p>\u00b7\u00dcr\u00fcnlerimiz taban k\u0131r\u0131lmas\u0131na, i\u015f\u00e7ilik ve malzeme hatalar\u0131na kar\u015f\u0131 6 ay garantilidir.<\/p>\n<p>\u00b7\u00c7arpma, darbe, s\u00fcrt\u00fcnme ve y\u0131rt\u0131lma gibi kullan\u0131m s\u0131ras\u0131nda ortaya \u00e7\u0131kan a\u015f\u0131nmalar garanti kapsam\u0131 d\u0131\u015f\u0131ndad\u0131r.<\/p>\n","protected":false},"excerpt":{"rendered":"<p>Prodexy\u00a0markal\u0131\u00a0g\u00fcnl\u00fck terliklerimiz\u00a0kullan\u0131c\u0131ya maksimum seviyede konfor sa\u011flamak amac\u0131yla tasarlanm\u0131\u015ft\u0131r. \u0130nsan hatas\u0131n\u0131 minimuma indirecek \u015fekilde tamamen otomasyon sistemlerde \u00fcretilen\u00a0Prodexy g\u00fcnl\u00fck terliklerimiz \u00fcretimde sa\u011flad\u0131\u011f\u0131m\u0131z kalite kontrol sistemleri ile her \u00e7iftte hatas\u0131z \u00fcretimi sa\u011flar. T\u00fcm\u00a0Prodexy\u00a0markal\u0131 \u00fcr\u00fcnlerimiz\u00a0yerli \u00fcretimdir.<\/p>\n","protected":false},"featured_media":1385,"template":"","meta":[],"product_brand":[],"product_cat":[145,169],"product_tag":[],"class_list":{"0":"post-1384","1":"product","2":"type-product","3":"status-publish","4":"has-post-thumbnail","6":"product_cat-terlikler","7":"product_cat-gunluk-terlikler","9":"first","10":"instock","11":"shipping-taxable","12":"product-type-simple"},"_links":{"self":[{"href":"https:\/\/www.aydersan.com\/tr\/wp-json\/wp\/v2\/product\/1384","targetHints":{"allow":["GET"]}}],"collection":[{"href":"https:\/\/www.aydersan.com\/tr\/wp-json\/wp\/v2\/product"}],"about":[{"href":"https:\/\/www.aydersan.com\/tr\/wp-json\/wp\/v2\/types\/product"}],"wp:featuredmedia":[{"embeddable":true,"href":"https:\/\/www.aydersan.com\/tr\/wp-json\/wp\/v2\/media\/1385"}],"wp:attachment":[{"href":"https:\/\/www.aydersan.com\/tr\/wp-json\/wp\/v2\/media?parent=1384"}],"wp:term":[{"taxonomy":"product_brand","embeddable":true,"href":"https:\/\/www.aydersan.com\/tr\/wp-json\/wp\/v2\/product_brand?post=1384"},{"taxonomy":"product_cat","embeddable":true,"href":"https:\/\/www.aydersan.com\/tr\/wp-json\/wp\/v2\/product_cat?post=1384"},{"taxonomy":"product_tag","embeddable":true,"href":"https:\/\/www.aydersan.com\/tr\/wp-json\/wp\/v2\/product_tag?post=1384"}],"curies":[{"name":"wp","href":"https:\/\/api.w.org\/{rel}","templated":true}]}}