{"id":1382,"date":"2024-10-22T17:33:11","date_gmt":"2024-10-22T14:33:11","guid":{"rendered":"http:\/\/wordpress.aydersan.com\/ana-sayfa\/?post_type=product&#038;p=1382"},"modified":"2024-11-27T12:13:12","modified_gmt":"2024-11-27T09:13:12","slug":"anatomik-epinli-beyaz-terlik-2","status":"publish","type":"product","link":"https:\/\/www.aydersan.com\/tr\/urun\/anatomik-epinli-beyaz-terlik-2\/","title":{"rendered":"Anatomik Epinli Beyaz Terlik"},"content":{"rendered":"<div>Sabo Terliklerimiz, son derece ortopedik ve ayak anatomisine uygun olan bir terlik modelidir. Bu terlik modeli, kullan\u0131ld\u0131k\u00e7a aya\u011f\u0131n\u0131z\u0131n \u015feklini alarak son derece\u00a0ergonomik\u00a0bir g\u00f6r\u00fcn\u00fcm sergiler. Ayn\u0131 zamanda ayaklar\u0131n\u0131z\u0131 koruyan kapal\u0131 bir \u00f6n k\u0131sma sahiptir.<\/div>\n<p>&#8211; Kapal\u0131 \u00f6n k\u0131s\u0131m, \u00fczerindeki g\u00f6zenekler sayesinde ayak parmaklar\u0131 k\u0131sm\u0131 nefes al\u0131r ve ayaklar\u0131 tehdit eden bakterilerin olu\u015fmas\u0131n\u0131 engeller.<\/p>\n<p>&#8211; \u00d6zel olarak tasarlanan\u00a0sabo terlikler, \u00f6zel i\u00e7yap\u0131s\u0131, deri taban\u0131, ayak yap\u0131s\u0131na uygun tasarlanan topuk \u015fekli ve kapal\u0131 \u00f6n yap\u0131s\u0131 ile aya\u011f\u0131 koruyan ve rahatl\u0131k sa\u011flayan formdad\u0131r. Aya\u011f\u0131 yormayan, aya\u011f\u0131 s\u0131cak ve kuru tutan, anti bakteriyel yap\u0131s\u0131 ile\u00a0egzama\u00a0mantar\u00a0gibi ayak rahats\u0131zl\u0131klar\u0131na neden olmayan terlik tipidir.<\/p>\n<p>&#8211; \u0130nsanlar\u0131n ayaklar\u0131nda olu\u015fan rahats\u0131zl\u0131klar genellikle\u00a0viraldir\u00a0ve bakteri k\u00f6kenlidir. Bu da ayakta k\u00f6t\u00fc bir kokunun olu\u015fmas\u0131n\u0131n yan\u0131nda \u00f6zellikle cilt hastal\u0131klar\u0131na davetiye \u00e7\u0131kar\u0131r.<\/p>\n<p>&#8211; Her bir aya\u011f\u0131n\u0131zda 250.000&#8217;in \u00fczerinde ter bezi bulunur. Ter bezi, bakterilerin olu\u015fumuna sebep olur ve ayaklar\u0131n\u0131z\u0131n\u00a0hijyenine\u00a0dikkat etmedi\u011finizde ve onlar\u0131 havaland\u0131rmad\u0131\u011f\u0131n\u0131zda ayaklar\u0131n\u0131zda kolayca bakteri olu\u015fabilir. Bu da her t\u00fcr rahats\u0131zl\u0131\u011f\u0131n sebebidir.<\/p>\n<p>&#8211; Bu terlikler ayaklarda s\u0131kl\u0131kla meydana gelen bir problem olan\u00a0varisleri\u00a0engeller.<\/p>\n<p>&#8211; Ergonomik yap\u0131s\u0131 ve \u00fcst\u00fcn \u00f6zellikleri ile uzun saatler ayakta hareketli olarak \u00e7al\u0131\u015fan ki\u015filer i\u00e7in en iyi kullan\u0131m olanaklar\u0131n\u0131 sunar.<\/p>\n<p>-G\u0131da ve sa\u011fl\u0131k sekt\u00f6r\u00fc gibi ayakta ve harekeli bir \u00e7al\u0131\u015fma gerektiren sekt\u00f6rlerde sabo terlikler tercih edilir. \u0130\u015f sahipleri personeli i\u00e7in toptan\u00a0sabo terlik\u00a0al\u0131m\u0131 sa\u011flayarak sa\u011fl\u0131kl\u0131 bir i\u015f ya\u015fam\u0131 hedeflerler.<\/p>\n<p>-Kalite standartlar\u0131nda \u00fcretilen personel terliklerimiz sa\u011flam ve dayan\u0131kl\u0131 malzemeler ile \u00fcretildi\u011finden olduk\u00e7a uzun \u00f6m\u00fcrl\u00fcd\u00fcr.<\/p>\n","protected":false},"excerpt":{"rendered":"<p>Sabo Terliklerimiz, son derece ortopedik ve ayak anatomisine uygun olan bir terlik modelidir. Bu terlik modeli, kullan\u0131ld\u0131k\u00e7a aya\u011f\u0131n\u0131z\u0131n \u015feklini alarak son derece\u00a0ergonomik\u00a0bir g\u00f6r\u00fcn\u00fcm sergiler. Ayn\u0131 zamanda ayaklar\u0131n\u0131z\u0131 koruyan kapal\u0131 bir \u00f6n k\u0131sma sahiptir.<\/p>\n","protected":false},"featured_media":1383,"template":"","meta":[],"product_brand":[],"product_cat":[145,167],"product_tag":[],"class_list":{"0":"post-1382","1":"product","2":"type-product","3":"status-publish","4":"has-post-thumbnail","6":"product_cat-terlikler","7":"product_cat-epinli-terlikler","9":"first","10":"instock","11":"shipping-taxable","12":"product-type-simple"},"_links":{"self":[{"href":"https:\/\/www.aydersan.com\/tr\/wp-json\/wp\/v2\/product\/1382","targetHints":{"allow":["GET"]}}],"collection":[{"href":"https:\/\/www.aydersan.com\/tr\/wp-json\/wp\/v2\/product"}],"about":[{"href":"https:\/\/www.aydersan.com\/tr\/wp-json\/wp\/v2\/types\/product"}],"wp:featuredmedia":[{"embeddable":true,"href":"https:\/\/www.aydersan.com\/tr\/wp-json\/wp\/v2\/media\/1383"}],"wp:attachment":[{"href":"https:\/\/www.aydersan.com\/tr\/wp-json\/wp\/v2\/media?parent=1382"}],"wp:term":[{"taxonomy":"product_brand","embeddable":true,"href":"https:\/\/www.aydersan.com\/tr\/wp-json\/wp\/v2\/product_brand?post=1382"},{"taxonomy":"product_cat","embeddable":true,"href":"https:\/\/www.aydersan.com\/tr\/wp-json\/wp\/v2\/product_cat?post=1382"},{"taxonomy":"product_tag","embeddable":true,"href":"https:\/\/www.aydersan.com\/tr\/wp-json\/wp\/v2\/product_tag?post=1382"}],"curies":[{"name":"wp","href":"https:\/\/api.w.org\/{rel}","templated":true}]}}