{"id":1338,"date":"2024-10-22T16:41:48","date_gmt":"2024-10-22T13:41:48","guid":{"rendered":"http:\/\/wordpress.aydersan.com\/ana-sayfa\/?post_type=product&#038;p=1338"},"modified":"2024-11-27T12:27:17","modified_gmt":"2024-11-27T09:27:17","slug":"epinli-hallux-valgus-terlik-pembe","status":"publish","type":"product","link":"https:\/\/www.aydersan.com\/tr\/urun\/epinli-hallux-valgus-terlik-pembe\/","title":{"rendered":"Epinli Hallux Valgus Terlik Pembe"},"content":{"rendered":"<p>Prodexy Hallux Valgus Yast\u0131kl\u0131 Epinli Terlik<\/p>\n<p>Prodexy kalitesiyle \u00fcretilen terli\u011fimiz, hem hallux valgus problemi ya\u015fayanlar i\u00e7in hem de epin calcanei (topuk dikeni) rahats\u0131zl\u0131\u011f\u0131 \u00e7ekenler i\u00e7in \u00f6zel olarak tasarlanm\u0131\u015ft\u0131r. \u00dcr\u00fcn, ayak sa\u011fl\u0131\u011f\u0131n\u0131z\u0131 destekleyerek g\u00fcnl\u00fck konforunuzu art\u0131rmay\u0131 hedefler.<\/p>\n<p>\u00dcretim Teknolojisi: Enjeksiyon sistemiyle \u00fcretilen bu prodexy topuk dikeni terli\u011fimiz, y\u00fcksek dayan\u0131kl\u0131l\u0131\u011fa sahip olup, uzun s\u00fcreli kullan\u0131m sa\u011flar.<\/p>\n<p>\u00dcst\u00fcn Konfor: Hallux valgus yast\u0131\u011f\u0131 sayesinde parma\u011f\u0131n\u0131za uygulanan bask\u0131 minimuma indirilir ve rahatl\u0131k sa\u011flan\u0131r.<\/p>\n<p>Hafif ve Esnek: Poli\u00fcretan malzeme kullan\u0131larak tasarlanan hafif yap\u0131s\u0131, aya\u011f\u0131n\u0131za ekstra bir y\u00fck getirmeden rahat hareket etmenizi sa\u011flar.<\/p>\n<p>H\u0131zl\u0131 Kuruyan Mikrofiber Deri : Nefes alabilir yap\u0131s\u0131yla ayaklar\u0131n\u0131z\u0131n kuru kalmas\u0131n\u0131 sa\u011flar ve uzun s\u00fcreli kullan\u0131mda bile maksimum konfor sunar. Suya kar\u015f\u0131 dayan\u0131kl\u0131d\u0131r.<\/p>\n<p>Estetik ve \u015e\u0131k Tasar\u0131m: \u015e\u0131k g\u00f6r\u00fcn\u00fcm\u00fcyle hem evde hem de d\u0131\u015f mekanda rahatl\u0131kla kullan\u0131labilir.<\/p>\n<p>Aya\u011f\u0131n\u0131z\u0131 destekleyen, konforlu ve sa\u011fl\u0131kl\u0131 bir tercih ar\u0131yorsan\u0131z, Prodexy hallux valgus yast\u0131kl\u0131 epinli terlik tam size g\u00f6re!<\/p>\n<p>Kullan\u0131m Ko\u015fullar\u0131 : \u00fcr\u00fcn\u00fc makinede y\u0131kamay\u0131n\u0131z hafif nemle bezle yada parlat\u0131c\u0131 s\u00fcnger ile temizlenebilir. Taban k\u0131r\u0131lmas\u0131na kar\u015f\u0131 6 ay garantilidir.<\/p>\n","protected":false},"excerpt":{"rendered":"<p>Prodexy kalitesiyle \u00fcretilen terli\u011fimiz, hem hallux valgus problemi ya\u015fayanlar i\u00e7in hem de epin calcanei (topuk dikeni) rahats\u0131zl\u0131\u011f\u0131 \u00e7ekenler i\u00e7in \u00f6zel olarak tasarlanm\u0131\u015ft\u0131r. \u00dcr\u00fcn, ayak sa\u011fl\u0131\u011f\u0131n\u0131z\u0131 destekleyerek g\u00fcnl\u00fck konforunuzu art\u0131rmay\u0131 hedefler.<\/p>\n","protected":false},"featured_media":1339,"template":"","meta":[],"product_brand":[],"product_cat":[145,167],"product_tag":[],"class_list":{"0":"post-1338","1":"product","2":"type-product","3":"status-publish","4":"has-post-thumbnail","6":"product_cat-terlikler","7":"product_cat-epinli-terlikler","9":"first","10":"instock","11":"shipping-taxable","12":"product-type-simple"},"_links":{"self":[{"href":"https:\/\/www.aydersan.com\/tr\/wp-json\/wp\/v2\/product\/1338","targetHints":{"allow":["GET"]}}],"collection":[{"href":"https:\/\/www.aydersan.com\/tr\/wp-json\/wp\/v2\/product"}],"about":[{"href":"https:\/\/www.aydersan.com\/tr\/wp-json\/wp\/v2\/types\/product"}],"wp:featuredmedia":[{"embeddable":true,"href":"https:\/\/www.aydersan.com\/tr\/wp-json\/wp\/v2\/media\/1339"}],"wp:attachment":[{"href":"https:\/\/www.aydersan.com\/tr\/wp-json\/wp\/v2\/media?parent=1338"}],"wp:term":[{"taxonomy":"product_brand","embeddable":true,"href":"https:\/\/www.aydersan.com\/tr\/wp-json\/wp\/v2\/product_brand?post=1338"},{"taxonomy":"product_cat","embeddable":true,"href":"https:\/\/www.aydersan.com\/tr\/wp-json\/wp\/v2\/product_cat?post=1338"},{"taxonomy":"product_tag","embeddable":true,"href":"https:\/\/www.aydersan.com\/tr\/wp-json\/wp\/v2\/product_tag?post=1338"}],"curies":[{"name":"wp","href":"https:\/\/api.w.org\/{rel}","templated":true}]}}