{"id":1326,"date":"2024-10-22T16:28:48","date_gmt":"2024-10-22T13:28:48","guid":{"rendered":"http:\/\/wordpress.aydersan.com\/ana-sayfa\/?post_type=product&#038;p=1326"},"modified":"2024-11-27T16:23:08","modified_gmt":"2024-11-27T13:23:08","slug":"byguru-alci-terligi","status":"publish","type":"product","link":"https:\/\/www.aydersan.com\/tr\/urun\/byguru-alci-terligi\/","title":{"rendered":"ByGuru Al\u00e7\u0131 Terli\u011fi"},"content":{"rendered":"<div>\u00d6ZELL\u0130KLER<\/div>\n<div>&#8211; Al\u00e7\u0131ya al\u0131nm\u0131\u015f ayakta, y\u00fcr\u00fcme esnas\u0131nda al\u00e7\u0131l\u0131 b\u00f6lgeyi korumak ama\u00e7l\u0131 kullan\u0131l\u0131r.<\/div>\n<div>&#8211; Al\u00e7\u0131 \u00fcst\u00fcne giyilir.<\/div>\n<div>&#8211; Y\u00fcr\u00fcmede rahat basmay\u0131 sa\u011flar ve ayak parmaklar\u0131n\u0131 korur.<\/div>\n<div>&#8211; Eva malzemeden \u00fcretilmi\u015ftir.<\/div>\n<div>&#8211; Ultra Hafiftir.<\/div>\n<div>&#8211; \u00dcst k\u0131s\u0131m c\u0131rtl\u0131 kilit sistemlidir.<\/div>\n<div>&#8211; Ayak ebatlar\u0131na g\u00f6re bedeni belirlenir.<\/div>\n","protected":false},"excerpt":{"rendered":"<div>\u00d6ZELL\u0130KLER<\/div>\n<div>&#8211; Al\u00e7\u0131ya al\u0131nm\u0131\u015f ayakta, y\u00fcr\u00fcme esnas\u0131nda al\u00e7\u0131l\u0131 b\u00f6lgeyi korumak ama\u00e7l\u0131 kullan\u0131l\u0131r.<\/div>\n","protected":false},"featured_media":1327,"template":"","meta":[],"product_brand":[],"product_cat":[145,171],"product_tag":[],"class_list":{"0":"post-1326","1":"product","2":"type-product","3":"status-publish","4":"has-post-thumbnail","6":"product_cat-terlikler","7":"product_cat-alci-terlikleri","9":"first","10":"instock","11":"shipping-taxable","12":"product-type-simple"},"_links":{"self":[{"href":"https:\/\/www.aydersan.com\/tr\/wp-json\/wp\/v2\/product\/1326","targetHints":{"allow":["GET"]}}],"collection":[{"href":"https:\/\/www.aydersan.com\/tr\/wp-json\/wp\/v2\/product"}],"about":[{"href":"https:\/\/www.aydersan.com\/tr\/wp-json\/wp\/v2\/types\/product"}],"wp:featuredmedia":[{"embeddable":true,"href":"https:\/\/www.aydersan.com\/tr\/wp-json\/wp\/v2\/media\/1327"}],"wp:attachment":[{"href":"https:\/\/www.aydersan.com\/tr\/wp-json\/wp\/v2\/media?parent=1326"}],"wp:term":[{"taxonomy":"product_brand","embeddable":true,"href":"https:\/\/www.aydersan.com\/tr\/wp-json\/wp\/v2\/product_brand?post=1326"},{"taxonomy":"product_cat","embeddable":true,"href":"https:\/\/www.aydersan.com\/tr\/wp-json\/wp\/v2\/product_cat?post=1326"},{"taxonomy":"product_tag","embeddable":true,"href":"https:\/\/www.aydersan.com\/tr\/wp-json\/wp\/v2\/product_tag?post=1326"}],"curies":[{"name":"wp","href":"https:\/\/api.w.org\/{rel}","templated":true}]}}