{"id":1306,"date":"2024-10-22T16:00:38","date_gmt":"2024-10-22T13:00:38","guid":{"rendered":"http:\/\/wordpress.aydersan.com\/ana-sayfa\/?post_type=product&#038;p=1306"},"modified":"2024-11-27T12:31:03","modified_gmt":"2024-11-27T09:31:03","slug":"klasik-siyah-delikli-unisex-eko-sabo","status":"publish","type":"product","link":"https:\/\/www.aydersan.com\/tr\/urun\/klasik-siyah-delikli-unisex-eko-sabo\/","title":{"rendered":"Klasik Siyah Delikli Unisex Eko Sabo"},"content":{"rendered":"<p><strong>Prodexy Patentli 7 Nokta Sabo Terlik<\/strong><\/p>\n<p><strong>Prodexy Eko model sabo terliklerimiz delikli \u00fcst saya tasar\u0131m\u0131 ile g\u00fcn boyu ayaklar\u0131n\u0131z\u0131n hava almas\u0131n\u0131 sa\u011flar terleme ve nemden dolay\u0131 olu\u015fabilecek bakteri ve mantar olu\u015fumunun \u00f6n\u00fcne ge\u00e7er.<\/strong><\/p>\n<p><strong>T\u00fcrkiye?de tek patentli 7 Nokta tabanl\u0131\u011f\u0131 ile kullan\u0131c\u0131ya maksimum konfor sa\u011flar yorgunluktan dolay\u0131 olu\u015fabilecek ayak a\u011fr\u0131lar\u0131n\u0131 minimuma indirir ve ba\u015fka hi\u00e7bir sabo terlik modelinde olmayan benzersiz bir rahatl\u0131k sunar.<\/strong><\/p>\n<p><strong>Y\u00fcksek kaliteli do\u011fa dostu poli\u00fcretan malzemeden \u00fcretilen tabanlar\u0131m\u0131z k\u0131r\u0131lmaya kar\u015f\u0131 dayan\u0131kl\u0131d\u0131r ve olduk\u00e7a hafiftir. Tabanlar\u0131m\u0131z tamamen do\u011fada \u00e7\u00f6z\u00fcnebilir malzemelerden \u00fcretilmi\u015ftir.<\/strong><\/p>\n<p><strong>Sabo TErliklerimiz hastane ve mutfaklarda kullan\u0131ma uygundur.<\/strong><\/p>\n","protected":false},"excerpt":{"rendered":"<p><strong>Prodexy Patentli 7 Nokta Sabo Terlik<\/strong><\/p>\n<p><strong>Prodexy Eko model sabo terliklerimiz delikli \u00fcst saya tasar\u0131m\u0131 ile g\u00fcn boyu ayaklar\u0131n\u0131z\u0131n hava almas\u0131n\u0131 sa\u011flar terleme ve nemden dolay\u0131 olu\u015fabilecek bakteri ve mantar olu\u015fumunun \u00f6n\u00fcne ge\u00e7er.<\/strong><\/p>\n","protected":false},"featured_media":1307,"template":"","meta":[],"product_brand":[],"product_cat":[145,168],"product_tag":[],"class_list":{"0":"post-1306","1":"product","2":"type-product","3":"status-publish","4":"has-post-thumbnail","6":"product_cat-terlikler","7":"product_cat-anatomik-sabo-terlikler","9":"first","10":"instock","11":"shipping-taxable","12":"product-type-simple"},"_links":{"self":[{"href":"https:\/\/www.aydersan.com\/tr\/wp-json\/wp\/v2\/product\/1306","targetHints":{"allow":["GET"]}}],"collection":[{"href":"https:\/\/www.aydersan.com\/tr\/wp-json\/wp\/v2\/product"}],"about":[{"href":"https:\/\/www.aydersan.com\/tr\/wp-json\/wp\/v2\/types\/product"}],"wp:featuredmedia":[{"embeddable":true,"href":"https:\/\/www.aydersan.com\/tr\/wp-json\/wp\/v2\/media\/1307"}],"wp:attachment":[{"href":"https:\/\/www.aydersan.com\/tr\/wp-json\/wp\/v2\/media?parent=1306"}],"wp:term":[{"taxonomy":"product_brand","embeddable":true,"href":"https:\/\/www.aydersan.com\/tr\/wp-json\/wp\/v2\/product_brand?post=1306"},{"taxonomy":"product_cat","embeddable":true,"href":"https:\/\/www.aydersan.com\/tr\/wp-json\/wp\/v2\/product_cat?post=1306"},{"taxonomy":"product_tag","embeddable":true,"href":"https:\/\/www.aydersan.com\/tr\/wp-json\/wp\/v2\/product_tag?post=1306"}],"curies":[{"name":"wp","href":"https:\/\/api.w.org\/{rel}","templated":true}]}}