{"id":1271,"date":"2024-10-22T15:06:11","date_gmt":"2024-10-22T12:06:11","guid":{"rendered":"http:\/\/wordpress.aydersan.com\/ana-sayfa\/?post_type=product&#038;p=1271"},"modified":"2024-11-27T09:47:35","modified_gmt":"2024-11-27T06:47:35","slug":"desenli-pamuklu-kumas-medikal-bone","status":"publish","type":"product","link":"https:\/\/www.aydersan.com\/tr\/urun\/desenli-pamuklu-kumas-medikal-bone\/","title":{"rendered":"Desenli Pamuklu Kuma\u015f Medikal Bone"},"content":{"rendered":"<p align=\"center\">Hem\u015fire Doktor A\u015f\u00e7\u0131 Bonesi Desenli Pamuklu Kuma\u015f Medikal Bone Medikal Bone Terletme Yapmaz Kaliteli &#8211; Kuma\u015f &#8211; S\u00fcper H\u0131zl\u0131 Kargo<\/p>\n<p align=\"center\">\n<p>-Ayarlanabilir bedenlidir her bedene uygundur.<\/p>\n<p>&nbsp;<\/p>\n<p>-Pamuklu Terry Cotton kuma\u015ft\u0131r terletme yapmaz hava ge\u00e7irgenli\u011fi y\u00fcksektir.<\/p>\n<p>&nbsp;<\/p>\n<p>&#8211; Bonelerimiz Hastane ve Mutfaklarda Doktor, Hem\u015fire gibi sa\u011fl\u0131k \u00e7al\u0131\u015fanlar\u0131 ve Mutfak personelleri i\u00e7in \u00e7ok uygun bir bone modelidir.<\/p>\n","protected":false},"excerpt":{"rendered":"<p>Hem\u015fire Doktor A\u015f\u00e7\u0131 Bonesi Desenli Pamuklu Kuma\u015f<br \/>\nMedikal Bone Medikal Bone Terletme Yapmaz Kaliteli &#8211; Kuma\u015f &#8211; S\u00fcper H\u0131zl\u0131 Kargo<\/p>\n","protected":false},"featured_media":1272,"template":"","meta":[],"product_brand":[],"product_cat":[144,157],"product_tag":[],"class_list":{"0":"post-1271","1":"product","2":"type-product","3":"status-publish","4":"has-post-thumbnail","6":"product_cat-saglik-personel-kiyafetleri","7":"product_cat-boneler","9":"first","10":"instock","11":"shipping-taxable","12":"product-type-simple"},"_links":{"self":[{"href":"https:\/\/www.aydersan.com\/tr\/wp-json\/wp\/v2\/product\/1271","targetHints":{"allow":["GET"]}}],"collection":[{"href":"https:\/\/www.aydersan.com\/tr\/wp-json\/wp\/v2\/product"}],"about":[{"href":"https:\/\/www.aydersan.com\/tr\/wp-json\/wp\/v2\/types\/product"}],"wp:featuredmedia":[{"embeddable":true,"href":"https:\/\/www.aydersan.com\/tr\/wp-json\/wp\/v2\/media\/1272"}],"wp:attachment":[{"href":"https:\/\/www.aydersan.com\/tr\/wp-json\/wp\/v2\/media?parent=1271"}],"wp:term":[{"taxonomy":"product_brand","embeddable":true,"href":"https:\/\/www.aydersan.com\/tr\/wp-json\/wp\/v2\/product_brand?post=1271"},{"taxonomy":"product_cat","embeddable":true,"href":"https:\/\/www.aydersan.com\/tr\/wp-json\/wp\/v2\/product_cat?post=1271"},{"taxonomy":"product_tag","embeddable":true,"href":"https:\/\/www.aydersan.com\/tr\/wp-json\/wp\/v2\/product_tag?post=1271"}],"curies":[{"name":"wp","href":"https:\/\/api.w.org\/{rel}","templated":true}]}}