{"id":1216,"date":"2024-10-22T12:36:10","date_gmt":"2024-10-22T09:36:10","guid":{"rendered":"http:\/\/wordpress.aydersan.com\/ana-sayfa\/?post_type=product&#038;p=1216"},"modified":"2024-11-27T12:46:48","modified_gmt":"2024-11-27T09:46:48","slug":"beyaz-delikli-bayan-sabo","status":"publish","type":"product","link":"https:\/\/www.aydersan.com\/tr\/urun\/beyaz-delikli-bayan-sabo\/","title":{"rendered":"Beyaz Delikli Bayan Sabo"},"content":{"rendered":"<p>ByGuru Kad\u0131n Lamine Deri Sabo Terlik<\/p>\n<p>&nbsp;<\/p>\n<p>T\u00fcm ByGuru markal\u0131 sabo terlik \u00e7e\u015fitlerimiz 1968 y\u0131l\u0131ndan bu yana sa\u011fl\u0131k \u00e7al\u0131\u015fanlar\u0131n\u0131n istek ve ihtiya\u00e7lar\u0131 do\u011frultusunda \u00f6zenle tasarlan\u0131p \u00fcretilmektedir. Sabo terliklerimiz hakiki lamine deriden imal edilmi\u015f olup ayakta koku ve terleme yapmaz\u00a0boya gerektirmeden\u00a0kolayca silinerek temizlenebilir. Y\u0131rt\u0131lma ve k\u0131r\u0131lmalara kar\u015f\u0131 ekstra dayan\u0131kl\u0131d\u0131r.<\/p>\n<p>&nbsp;<\/p>\n<p>Delikli modelimiz aya\u011f\u0131n\u0131z\u0131n hava almas\u0131n\u0131 sa\u011flar<\/p>\n<p>&nbsp;<\/p>\n<p>Tam anatomik Bounce i\u00e7 tabanl\u0131\u011f\u0131m\u0131z ba\u015fka hi\u00e7bir terlikte ya\u015fayamayaca\u011f\u0131n\u0131z konforu g\u00fcn boyu size sunar. Bounce i\u00e7 tabanl\u0131\u011f\u0131m\u0131z ayak anatomisine tam uygun olarak tasarlanm\u0131\u015ft\u0131r ad\u0131mlar\u0131n\u0131zda sizi destekleyerek daha rahat ad\u0131m atman\u0131z\u0131 sa\u011flar.<\/p>\n<p>&nbsp;<\/p>\n<p>&nbsp;<\/p>\n<p>&nbsp;<\/p>\n<table align=\"center\">\n<tbody>\n<tr>\n<td>\u00a0\u00d6zellik<\/td>\n<td>\u00a0De\u011fer<\/td>\n<\/tr>\n<tr>\n<td>\u00dcST SAYA \u00d6ZELL\u0130\u011e\u0130<\/td>\n<td>LAM\u0130NEL\u0130<\/td>\n<\/tr>\n<tr>\n<td>\u00dcST SAYA KATMANI<\/td>\n<td>\u00c7\u0130FT KATMAN<\/td>\n<\/tr>\n<tr>\n<td>KATMANLAR<\/td>\n<td>\u0130\u00c7 KATMAN HAK\u0130K\u0130 DER\u0130, DI\u015e KATMAN PVC<\/td>\n<\/tr>\n<tr>\n<td>TABANI<\/td>\n<td>POL\u0130\u00dcRETAN<\/td>\n<\/tr>\n<tr>\n<td>\u0130\u00c7 TABANLI\u011eI<\/td>\n<td>TAM ANATOM\u0130K TABAN FUSPETL\u0130<\/td>\n<\/tr>\n<tr>\n<td>YIKANAB\u0130LME<\/td>\n<td>YIKANMAZ<\/td>\n<\/tr>\n<tr>\n<td>S\u0130L\u0130NEB\u0130LME<\/td>\n<td>HAF\u0130F NEML\u0130 BEZLE, PARLATICI S\u00dcNGERLE<\/td>\n<\/tr>\n<tr>\n<td>BOYANAB\u0130LME<\/td>\n<td>BOYAMA GEREKT\u0130RMEZ<\/td>\n<\/tr>\n<tr>\n<td>ANT\u0130 STAT\u0130K \u00d6ZELL\u0130K<\/td>\n<td>YOK<\/td>\n<\/tr>\n<tr>\n<td>STER\u0130L ED\u0130LEB\u0130LME<\/td>\n<td>YALNIZCA ET\u0130LEN OKS\u0130T \u0130LE<\/p>\n<div><\/div>\n<\/td>\n<\/tr>\n<\/tbody>\n<\/table>\n","protected":false},"excerpt":{"rendered":"<p>ByGuru Kad\u0131n Lamine Deri Sabo Terlik<\/p>\n<p>T\u00fcm ByGuru markal\u0131 sabo terlik \u00e7e\u015fitlerimiz 1968 y\u0131l\u0131ndan bu yana sa\u011fl\u0131k \u00e7al\u0131\u015fanlar\u0131n\u0131n istek ve ihtiya\u00e7lar\u0131 do\u011frultusunda \u00f6zenle tasarlan\u0131p \u00fcretilmektedir. Sabo terliklerimiz hakiki lamine deriden imal edilmi\u015f olup ayakta koku ve terleme yapmaz\u00a0boya gerektirmeden\u00a0kolayca silinerek temizlenebilir. Y\u0131rt\u0131lma ve k\u0131r\u0131lmalara kar\u015f\u0131 ekstra dayan\u0131kl\u0131d\u0131r.<\/p>\n<p>Delikli modelimiz aya\u011f\u0131n\u0131z\u0131n hava almas\u0131n\u0131 sa\u011flar<\/p>\n<p>Tam anatomik Bounce i\u00e7 tabanl\u0131\u011f\u0131m\u0131z ba\u015fka hi\u00e7bir terlikte ya\u015fayamayaca\u011f\u0131n\u0131z konforu g\u00fcn boyu size sunar. Bounce i\u00e7 tabanl\u0131\u011f\u0131m\u0131z ayak anatomisine tam uygun olarak tasarlanm\u0131\u015ft\u0131r ad\u0131mlar\u0131n\u0131zda sizi destekleyerek daha rahat ad\u0131m atman\u0131z\u0131 sa\u011flar.<\/p>\n<p>&nbsp;<\/p>\n","protected":false},"featured_media":1217,"template":"","meta":[],"product_brand":[],"product_cat":[145,168],"product_tag":[],"class_list":{"0":"post-1216","1":"product","2":"type-product","3":"status-publish","4":"has-post-thumbnail","6":"product_cat-terlikler","7":"product_cat-anatomik-sabo-terlikler","9":"first","10":"instock","11":"shipping-taxable","12":"product-type-simple"},"_links":{"self":[{"href":"https:\/\/www.aydersan.com\/tr\/wp-json\/wp\/v2\/product\/1216","targetHints":{"allow":["GET"]}}],"collection":[{"href":"https:\/\/www.aydersan.com\/tr\/wp-json\/wp\/v2\/product"}],"about":[{"href":"https:\/\/www.aydersan.com\/tr\/wp-json\/wp\/v2\/types\/product"}],"wp:featuredmedia":[{"embeddable":true,"href":"https:\/\/www.aydersan.com\/tr\/wp-json\/wp\/v2\/media\/1217"}],"wp:attachment":[{"href":"https:\/\/www.aydersan.com\/tr\/wp-json\/wp\/v2\/media?parent=1216"}],"wp:term":[{"taxonomy":"product_brand","embeddable":true,"href":"https:\/\/www.aydersan.com\/tr\/wp-json\/wp\/v2\/product_brand?post=1216"},{"taxonomy":"product_cat","embeddable":true,"href":"https:\/\/www.aydersan.com\/tr\/wp-json\/wp\/v2\/product_cat?post=1216"},{"taxonomy":"product_tag","embeddable":true,"href":"https:\/\/www.aydersan.com\/tr\/wp-json\/wp\/v2\/product_tag?post=1216"}],"curies":[{"name":"wp","href":"https:\/\/api.w.org\/{rel}","templated":true}]}}