{"id":2343,"date":"2024-06-26T11:09:35","date_gmt":"2024-06-26T08:09:35","guid":{"rendered":"http:\/\/wordpress.aydersan.com\/ana-sayfa\/?page_id=2343"},"modified":"2024-12-12T10:03:16","modified_gmt":"2024-12-12T07:03:16","slug":"degerlerimiz","status":"publish","type":"page","link":"https:\/\/www.aydersan.com\/tr\/degerlerimiz\/","title":{"rendered":"De\u011ferlerimiz"},"content":{"rendered":"\t\t<div data-elementor-type=\"wp-page\" data-elementor-id=\"2343\" class=\"elementor elementor-2343\">\n\t\t\t\t<div class=\"elementor-element elementor-element-efbd664 e-flex e-con-boxed wpr-particle-no wpr-jarallax-no wpr-parallax-no wpr-sticky-section-no e-con e-parent\" data-id=\"efbd664\" data-element_type=\"container\" data-settings=\"{&quot;background_background&quot;:&quot;classic&quot;,&quot;shape_divider_bottom&quot;:&quot;waves&quot;}\">\n\t\t\t\t\t<div class=\"e-con-inner\">\n\t\t\t\t<div class=\"elementor-shape elementor-shape-bottom\" aria-hidden=\"true\" data-negative=\"false\">\n\t\t\t<svg xmlns=\"http:\/\/www.w3.org\/2000\/svg\" viewBox=\"0 0 1000 100\" preserveAspectRatio=\"none\">\n\t<path class=\"elementor-shape-fill\" d=\"M421.9,6.5c22.6-2.5,51.5,0.4,75.5,5.3c23.6,4.9,70.9,23.5,100.5,35.7c75.8,32.2,133.7,44.5,192.6,49.7\n\tc23.6,2.1,48.7,3.5,103.4-2.5c54.7-6,106.2-25.6,106.2-25.6V0H0v30.3c0,0,72,32.6,158.4,30.5c39.2-0.7,92.8-6.7,134-22.4\n\tc21.2-8.1,52.2-18.2,79.7-24.2C399.3,7.9,411.6,7.5,421.9,6.5z\"\/>\n<\/svg>\t\t<\/div>\n\t\t\t\t<div class=\"elementor-element elementor-element-1a9d933 elementor-widget elementor-widget-heading\" data-id=\"1a9d933\" data-element_type=\"widget\" data-widget_type=\"heading.default\">\n\t\t\t\t<div class=\"elementor-widget-container\">\n\t\t\t\t\t<h2 class=\"elementor-heading-title elementor-size-default\">De\u011ferlerimiz<\/h2>\t\t\t\t<\/div>\n\t\t\t\t<\/div>\n\t\t\t\t\t<\/div>\n\t\t\t\t<\/div>\n\t\t<div class=\"elementor-element elementor-element-c19dccc e-flex e-con-boxed wpr-particle-no wpr-jarallax-no wpr-parallax-no wpr-sticky-section-no e-con e-parent\" data-id=\"c19dccc\" data-element_type=\"container\">\n\t\t\t\t\t<div class=\"e-con-inner\">\n\t\t<div class=\"elementor-element elementor-element-355e7e0 e-flex e-con-boxed wpr-particle-no wpr-jarallax-no wpr-parallax-no wpr-sticky-section-no e-con e-child\" data-id=\"355e7e0\" data-element_type=\"container\">\n\t\t\t\t\t<div class=\"e-con-inner\">\n\t\t<div class=\"elementor-element elementor-element-445ae76 e-con-full e-flex wpr-particle-no wpr-jarallax-no wpr-parallax-no wpr-sticky-section-no elementor-invisible e-con e-child\" data-id=\"445ae76\" data-element_type=\"container\" data-settings=\"{&quot;animation&quot;:&quot;fadeIn&quot;}\">\n\t\t\t\t<div class=\"elementor-element elementor-element-c62a256 elementor-widget elementor-widget-image\" data-id=\"c62a256\" data-element_type=\"widget\" data-widget_type=\"image.default\">\n\t\t\t\t<div class=\"elementor-widget-container\">\n\t\t\t\t\t\t\t\t\t\t\t\t\t\t\t<img fetchpriority=\"high\" decoding=\"async\" width=\"2048\" height=\"1536\" src=\"https:\/\/www.aydersan.com\/wp-content\/uploads\/2024\/10\/WhatsApp-Image-2024-10-16-at-16.35.07-1.jpeg\" class=\"attachment-full size-full wp-image-575\" alt=\"\" srcset=\"https:\/\/www.aydersan.com\/wp-content\/uploads\/2024\/10\/WhatsApp-Image-2024-10-16-at-16.35.07-1.jpeg 2048w, https:\/\/www.aydersan.com\/wp-content\/uploads\/2024\/10\/WhatsApp-Image-2024-10-16-at-16.35.07-1-300x225.jpeg 300w, https:\/\/www.aydersan.com\/wp-content\/uploads\/2024\/10\/WhatsApp-Image-2024-10-16-at-16.35.07-1-1024x768.jpeg 1024w, https:\/\/www.aydersan.com\/wp-content\/uploads\/2024\/10\/WhatsApp-Image-2024-10-16-at-16.35.07-1-768x576.jpeg 768w, https:\/\/www.aydersan.com\/wp-content\/uploads\/2024\/10\/WhatsApp-Image-2024-10-16-at-16.35.07-1-1536x1152.jpeg 1536w, https:\/\/www.aydersan.com\/wp-content\/uploads\/2024\/10\/WhatsApp-Image-2024-10-16-at-16.35.07-1-600x450.jpeg 600w\" sizes=\"(max-width: 2048px) 100vw, 2048px\" \/>\t\t\t\t\t\t\t\t\t\t\t\t\t\t\t<\/div>\n\t\t\t\t<\/div>\n\t\t\t\t<\/div>\n\t\t<div class=\"elementor-element elementor-element-29f06d5 e-con-full e-flex wpr-particle-no wpr-jarallax-no wpr-parallax-no wpr-sticky-section-no elementor-invisible e-con e-child\" data-id=\"29f06d5\" data-element_type=\"container\" data-settings=\"{&quot;animation&quot;:&quot;slideInRight&quot;}\">\n\t\t\t\t<div class=\"elementor-element elementor-element-72176f3 elementor-widget elementor-widget-heading\" data-id=\"72176f3\" data-element_type=\"widget\" data-widget_type=\"heading.default\">\n\t\t\t\t<div class=\"elementor-widget-container\">\n\t\t\t\t\t<h2 class=\"elementor-heading-title elementor-size-default\">De\u011ferlerimiz<\/h2>\t\t\t\t<\/div>\n\t\t\t\t<\/div>\n\t\t\t\t<div class=\"elementor-element elementor-element-466e379 elementor-widget elementor-widget-text-editor\" data-id=\"466e379\" data-element_type=\"widget\" data-widget_type=\"text-editor.default\">\n\t\t\t\t<div class=\"elementor-widget-container\">\n\t\t\t\t\t\t\t\t\t<p>Aydersan olarak, \u00fcr\u00fcnlerimizin kusursuz ve ekonomik \u015fekilde \u00fcretilmesi, profesyonel bir yakla\u015f\u0131mla sat\u0131\u015fa sunulmas\u0131 ve zaman\u0131nda teslim edilmesi bizim i\u00e7in olduk\u00e7a \u00f6nemlidir. Her alanda kaliteyi hedeflemekle birlikte, m\u00fc\u015fteri memnuniyetini en \u00fcst seviyede tutmak amac\u0131yla belirledi\u011fimiz de\u011ferler do\u011frultusunda faaliyetlerimizi s\u00fcrd\u00fcrmekteyiz. \u00c7\u00fcnk\u00fc Aydersan\u2019da her zaman beklentilerinizin \u00f6tesinde bir deneyim sunmay\u0131 hedefliyoruz.<\/p>\t\t\t\t\t\t\t\t<\/div>\n\t\t\t\t<\/div>\n\t\t\t\t<div class=\"elementor-element elementor-element-ed1df2a elementor-widget elementor-widget-heading\" data-id=\"ed1df2a\" data-element_type=\"widget\" data-widget_type=\"heading.default\">\n\t\t\t\t<div class=\"elementor-widget-container\">\n\t\t\t\t\t<h2 class=\"elementor-heading-title elementor-size-default\">D\u00fcr\u00fcstl\u00fck\n<\/h2>\t\t\t\t<\/div>\n\t\t\t\t<\/div>\n\t\t\t\t<div class=\"elementor-element elementor-element-9c76335 elementor-widget elementor-widget-text-editor\" data-id=\"9c76335\" data-element_type=\"widget\" data-widget_type=\"text-editor.default\">\n\t\t\t\t<div class=\"elementor-widget-container\">\n\t\t\t\t\t\t\t\t\t<p>D\u00fcr\u00fcstl\u00fck, t\u00fcm i\u015f s\u00fcre\u00e7lerimizde temel bir ilkedir. Hem \u00e7al\u0131\u015fanlar\u0131m\u0131z hem de m\u00fc\u015fterilerimizle olan ili\u015fkilerimizi bu de\u011fer \u00fczerine in\u015fa ediyoruz. G\u00fcven ve \u015feffafl\u0131k, i\u015f yap\u0131\u015f bi\u00e7imimizin temel ta\u015flar\u0131n\u0131 olu\u015fturur. Her zaman do\u011fruyu s\u00f6ylemek, g\u00fcvenilir olmak ve her durumda etik standartlara ba\u011fl\u0131 kalmak, Aydersan\u2019\u0131n i\u015f ahlak\u0131n\u0131n en \u00f6nemli bile\u015fenleridir.<\/p>\t\t\t\t\t\t\t\t<\/div>\n\t\t\t\t<\/div>\n\t\t\t\t<div class=\"elementor-element elementor-element-4909e3c elementor-widget elementor-widget-heading\" data-id=\"4909e3c\" data-element_type=\"widget\" data-widget_type=\"heading.default\">\n\t\t\t\t<div class=\"elementor-widget-container\">\n\t\t\t\t\t<h2 class=\"elementor-heading-title elementor-size-default\">Sevgi ve Sayg\u0131\n\n<\/h2>\t\t\t\t<\/div>\n\t\t\t\t<\/div>\n\t\t\t\t<div class=\"elementor-element elementor-element-17e3594 elementor-widget elementor-widget-text-editor\" data-id=\"17e3594\" data-element_type=\"widget\" data-widget_type=\"text-editor.default\">\n\t\t\t\t<div class=\"elementor-widget-container\">\n\t\t\t\t\t\t\t\t\t<p>Aydersan ailesi olarak, i\u015fimizi sadece bir g\u00f6rev olarak de\u011fil, ayn\u0131 zamanda bir tutku olarak yap\u0131yoruz. T\u00fcm \u00e7al\u0131\u015fanlar\u0131m\u0131z, yapt\u0131klar\u0131 i\u015fi severek ger\u00e7ekle\u015ftirir ve her zaman daha iyiye ula\u015fmak i\u00e7in \u00e7aba g\u00f6sterirler. Payda\u015flar\u0131m\u0131za, i\u015f ortaklar\u0131m\u0131za ve m\u00fc\u015fterilerimize kar\u015f\u0131 g\u00f6sterdi\u011fimiz sevgi ve sayg\u0131, i\u015f k\u00fclt\u00fcr\u00fcm\u00fcz\u00fcn bir yans\u0131mas\u0131d\u0131r. \u0130leti\u015fim, g\u00fcven ve empati, ili\u015fkilerimizdeki \u00f6nceliklerimiz aras\u0131nda yer al\u0131r.<\/p>\t\t\t\t\t\t\t\t<\/div>\n\t\t\t\t<\/div>\n\t\t\t\t<\/div>\n\t\t\t\t\t<\/div>\n\t\t\t\t<\/div>\n\t\t<div class=\"elementor-element elementor-element-d54601c e-flex e-con-boxed wpr-particle-no wpr-jarallax-no wpr-parallax-no wpr-sticky-section-no elementor-invisible e-con e-child\" data-id=\"d54601c\" data-element_type=\"container\" data-settings=\"{&quot;animation&quot;:&quot;fadeIn&quot;}\">\n\t\t\t\t\t<div class=\"e-con-inner\">\n\t\t\t\t<div class=\"elementor-element elementor-element-17e5e39 elementor-widget elementor-widget-heading\" data-id=\"17e5e39\" data-element_type=\"widget\" data-widget_type=\"heading.default\">\n\t\t\t\t<div class=\"elementor-widget-container\">\n\t\t\t\t\t<h2 class=\"elementor-heading-title elementor-size-default\">M\u00fc\u015fteri Odakl\u0131 Olmak\n<\/h2>\t\t\t\t<\/div>\n\t\t\t\t<\/div>\n\t\t\t\t<div class=\"elementor-element elementor-element-5270d63 elementor-widget elementor-widget-text-editor\" data-id=\"5270d63\" data-element_type=\"widget\" data-widget_type=\"text-editor.default\">\n\t\t\t\t<div class=\"elementor-widget-container\">\n\t\t\t\t\t\t\t\t\t<p>M\u00fc\u015fteri memnuniyeti, Aydersan\u2019\u0131n ba\u015far\u0131s\u0131n\u0131n anahtar\u0131d\u0131r. Her zaman m\u00fc\u015fterilerimizi birinci s\u0131raya koyar, onlar\u0131n ihtiya\u00e7 ve beklentilerini do\u011fru bir \u015fekilde analiz ederiz. Bu do\u011frultuda, her a\u015famada en iyi hizmeti sunmak i\u00e7in gerekli sorumlulu\u011fu \u00fcstleniriz. Samimi, tutarl\u0131 ve \u00e7\u00f6z\u00fcm odakl\u0131 bir yakla\u015f\u0131m benimseyerek, m\u00fc\u015fteri ili\u015fkilerimizi g\u00fc\u00e7lendiririz. Sadece sat\u0131\u015f sonras\u0131 de\u011fil, her s\u00fcre\u00e7te m\u00fc\u015fteri odakl\u0131 d\u00fc\u015f\u00fcnerek onlar\u0131n memnuniyetini sa\u011flamay\u0131 ama\u00e7lar\u0131z.<\/p><p>Aydersan olarak, bu de\u011ferleri s\u00fcrekli olarak ya\u015fatarak, sekt\u00f6rdeki lider konumumuzu s\u00fcrd\u00fcrmeyi ve m\u00fc\u015fterilerimize her zaman daha fazlas\u0131n\u0131 sunmay\u0131 arzu ediyoruz.<\/p>\t\t\t\t\t\t\t\t<\/div>\n\t\t\t\t<\/div>\n\t\t\t\t\t<\/div>\n\t\t\t\t<\/div>\n\t\t<div class=\"elementor-element elementor-element-3dda4cf e-flex e-con-boxed wpr-particle-no wpr-jarallax-no wpr-parallax-no wpr-sticky-section-no e-con e-child\" data-id=\"3dda4cf\" data-element_type=\"container\">\n\t\t\t\t\t<div class=\"e-con-inner\">\n\t\t<div class=\"elementor-element elementor-element-fd176b2 e-con-full e-flex wpr-particle-no wpr-jarallax-no wpr-parallax-no wpr-sticky-section-no elementor-invisible e-con e-child\" data-id=\"fd176b2\" data-element_type=\"container\" data-settings=\"{&quot;animation&quot;:&quot;slideInLeft&quot;}\">\n\t\t\t\t<div class=\"elementor-element elementor-element-ef7f145 elementor-widget elementor-widget-heading\" data-id=\"ef7f145\" data-element_type=\"widget\" data-widget_type=\"heading.default\">\n\t\t\t\t<div class=\"elementor-widget-container\">\n\t\t\t\t\t<h2 class=\"elementor-heading-title elementor-size-default\">De\u011ferlerimizin Sundu\u011fu Katk\u0131: Aydersan\u2019\u0131n Ba\u015far\u0131ya Giden Yolu\n\n<\/h2>\t\t\t\t<\/div>\n\t\t\t\t<\/div>\n\t\t\t\t<div class=\"elementor-element elementor-element-237e1c6 elementor-widget elementor-widget-text-editor\" data-id=\"237e1c6\" data-element_type=\"widget\" data-widget_type=\"text-editor.default\">\n\t\t\t\t<div class=\"elementor-widget-container\">\n\t\t\t\t\t\t\t\t\t<p>Aydersan olarak belirledi\u011fimiz de\u011ferler, sadece i\u015f yap\u0131\u015f \u015feklimizi de\u011fil, ayn\u0131 zamanda m\u00fc\u015fterilerimize ve toplumumuza sundu\u011fumuz katk\u0131lar\u0131 da \u015fekillendiriyor. Bu de\u011ferler, \u015firketimizin b\u00fcy\u00fcme yolculu\u011funda bizi ba\u015far\u0131ya ta\u015f\u0131yan temel unsurlar aras\u0131nda yer al\u0131yor. Her bir de\u011feri, s\u00fcrekli geli\u015fim ve s\u00fcrd\u00fcr\u00fclebilir ba\u015far\u0131 anlay\u0131\u015f\u0131m\u0131zla harmanlayarak i\u015f s\u00fcre\u00e7lerimize entegre ettik. Bu de\u011ferler, yaln\u0131zca i\u00e7sel motivasyonumuzu de\u011fil, ayn\u0131 zamanda d\u0131\u015far\u0131ya sundu\u011fumuz hizmetin kalitesini de art\u0131rmaktad\u0131r.<\/p>\t\t\t\t\t\t\t\t<\/div>\n\t\t\t\t<\/div>\n\t\t\t\t<div class=\"elementor-element elementor-element-56f6593 elementor-icon-list--layout-traditional elementor-list-item-link-full_width elementor-widget elementor-widget-icon-list\" data-id=\"56f6593\" data-element_type=\"widget\" data-widget_type=\"icon-list.default\">\n\t\t\t\t<div class=\"elementor-widget-container\">\n\t\t\t\t\t\t\t<ul class=\"elementor-icon-list-items\">\n\t\t\t\t\t\t\t<li class=\"elementor-icon-list-item\">\n\t\t\t\t\t\t\t\t\t\t\t<span class=\"elementor-icon-list-icon\">\n\t\t\t\t\t\t\t<svg aria-hidden=\"true\" class=\"e-font-icon-svg e-fas-check-circle\" viewBox=\"0 0 512 512\" xmlns=\"http:\/\/www.w3.org\/2000\/svg\"><path d=\"M504 256c0 136.967-111.033 248-248 248S8 392.967 8 256 119.033 8 256 8s248 111.033 248 248zM227.314 387.314l184-184c6.248-6.248 6.248-16.379 0-22.627l-22.627-22.627c-6.248-6.249-16.379-6.249-22.628 0L216 308.118l-70.059-70.059c-6.248-6.248-16.379-6.248-22.628 0l-22.627 22.627c-6.248 6.248-6.248 16.379 0 22.627l104 104c6.249 6.249 16.379 6.249 22.628.001z\"><\/path><\/svg>\t\t\t\t\t\t<\/span>\n\t\t\t\t\t\t\t\t\t\t<span class=\"elementor-icon-list-text\">G\u00fcven ve \u015eeffafl\u0131k: Temel \u0130\u015f Ahlak\u0131m\u0131z<\/span>\n\t\t\t\t\t\t\t\t\t<\/li>\n\t\t\t\t\t\t\t\t<li class=\"elementor-icon-list-item\">\n\t\t\t\t\t\t\t\t\t\t\t<span class=\"elementor-icon-list-icon\">\n\t\t\t\t\t\t\t<svg aria-hidden=\"true\" class=\"e-font-icon-svg e-fas-check-circle\" viewBox=\"0 0 512 512\" xmlns=\"http:\/\/www.w3.org\/2000\/svg\"><path d=\"M504 256c0 136.967-111.033 248-248 248S8 392.967 8 256 119.033 8 256 8s248 111.033 248 248zM227.314 387.314l184-184c6.248-6.248 6.248-16.379 0-22.627l-22.627-22.627c-6.248-6.249-16.379-6.249-22.628 0L216 308.118l-70.059-70.059c-6.248-6.248-16.379-6.248-22.628 0l-22.627 22.627c-6.248 6.248-6.248 16.379 0 22.627l104 104c6.249 6.249 16.379 6.249 22.628.001z\"><\/path><\/svg>\t\t\t\t\t\t<\/span>\n\t\t\t\t\t\t\t\t\t\t<span class=\"elementor-icon-list-text\">M\u00fckemmeliyet ve S\u00fcrekli \u0130yile\u015ftirme<\/span>\n\t\t\t\t\t\t\t\t\t<\/li>\n\t\t\t\t\t\t\t\t<li class=\"elementor-icon-list-item\">\n\t\t\t\t\t\t\t\t\t\t\t<span class=\"elementor-icon-list-icon\">\n\t\t\t\t\t\t\t<svg aria-hidden=\"true\" class=\"e-font-icon-svg e-fas-check-circle\" viewBox=\"0 0 512 512\" xmlns=\"http:\/\/www.w3.org\/2000\/svg\"><path d=\"M504 256c0 136.967-111.033 248-248 248S8 392.967 8 256 119.033 8 256 8s248 111.033 248 248zM227.314 387.314l184-184c6.248-6.248 6.248-16.379 0-22.627l-22.627-22.627c-6.248-6.249-16.379-6.249-22.628 0L216 308.118l-70.059-70.059c-6.248-6.248-16.379-6.248-22.628 0l-22.627 22.627c-6.248 6.248-6.248 16.379 0 22.627l104 104c6.249 6.249 16.379 6.249 22.628.001z\"><\/path><\/svg>\t\t\t\t\t\t<\/span>\n\t\t\t\t\t\t\t\t\t\t<span class=\"elementor-icon-list-text\">\u00c7al\u0131\u015fan Memnuniyeti ve Motivasyonu<\/span>\n\t\t\t\t\t\t\t\t\t<\/li>\n\t\t\t\t\t\t\t\t<li class=\"elementor-icon-list-item\">\n\t\t\t\t\t\t\t\t\t\t\t<span class=\"elementor-icon-list-icon\">\n\t\t\t\t\t\t\t<svg aria-hidden=\"true\" class=\"e-font-icon-svg e-fas-check-circle\" viewBox=\"0 0 512 512\" xmlns=\"http:\/\/www.w3.org\/2000\/svg\"><path d=\"M504 256c0 136.967-111.033 248-248 248S8 392.967 8 256 119.033 8 256 8s248 111.033 248 248zM227.314 387.314l184-184c6.248-6.248 6.248-16.379 0-22.627l-22.627-22.627c-6.248-6.249-16.379-6.249-22.628 0L216 308.118l-70.059-70.059c-6.248-6.248-16.379-6.248-22.628 0l-22.627 22.627c-6.248 6.248-6.248 16.379 0 22.627l104 104c6.249 6.249 16.379 6.249 22.628.001z\"><\/path><\/svg>\t\t\t\t\t\t<\/span>\n\t\t\t\t\t\t\t\t\t\t<span class=\"elementor-icon-list-text\">Sosyal Sorumluluk ve Topluma Katk\u0131<\/span>\n\t\t\t\t\t\t\t\t\t<\/li>\n\t\t\t\t\t\t\t\t<li class=\"elementor-icon-list-item\">\n\t\t\t\t\t\t\t\t\t\t\t<span class=\"elementor-icon-list-icon\">\n\t\t\t\t\t\t\t<svg aria-hidden=\"true\" class=\"e-font-icon-svg e-fas-check-circle\" viewBox=\"0 0 512 512\" xmlns=\"http:\/\/www.w3.org\/2000\/svg\"><path d=\"M504 256c0 136.967-111.033 248-248 248S8 392.967 8 256 119.033 8 256 8s248 111.033 248 248zM227.314 387.314l184-184c6.248-6.248 6.248-16.379 0-22.627l-22.627-22.627c-6.248-6.249-16.379-6.249-22.628 0L216 308.118l-70.059-70.059c-6.248-6.248-16.379-6.248-22.628 0l-22.627 22.627c-6.248 6.248-6.248 16.379 0 22.627l104 104c6.249 6.249 16.379 6.249 22.628.001z\"><\/path><\/svg>\t\t\t\t\t\t<\/span>\n\t\t\t\t\t\t\t\t\t\t<span class=\"elementor-icon-list-text\">M\u00fc\u015fteri Memnuniyeti: Her Zaman Birinci \u00d6nceli\u011fimiz<\/span>\n\t\t\t\t\t\t\t\t\t<\/li>\n\t\t\t\t\t\t\t\t<li class=\"elementor-icon-list-item\">\n\t\t\t\t\t\t\t\t\t\t\t<span class=\"elementor-icon-list-icon\">\n\t\t\t\t\t\t\t<svg aria-hidden=\"true\" class=\"e-font-icon-svg e-fas-check-circle\" viewBox=\"0 0 512 512\" xmlns=\"http:\/\/www.w3.org\/2000\/svg\"><path d=\"M504 256c0 136.967-111.033 248-248 248S8 392.967 8 256 119.033 8 256 8s248 111.033 248 248zM227.314 387.314l184-184c6.248-6.248 6.248-16.379 0-22.627l-22.627-22.627c-6.248-6.249-16.379-6.249-22.628 0L216 308.118l-70.059-70.059c-6.248-6.248-16.379-6.248-22.628 0l-22.627 22.627c-6.248 6.248-6.248 16.379 0 22.627l104 104c6.249 6.249 16.379 6.249 22.628.001z\"><\/path><\/svg>\t\t\t\t\t\t<\/span>\n\t\t\t\t\t\t\t\t\t\t<span class=\"elementor-icon-list-text\">\u0130novasyon ve Teknolojik Yat\u0131r\u0131mlar<\/span>\n\t\t\t\t\t\t\t\t\t<\/li>\n\t\t\t\t\t\t<\/ul>\n\t\t\t\t\t\t<\/div>\n\t\t\t\t<\/div>\n\t\t\t\t<div class=\"elementor-element elementor-element-6667c82 elementor-widget elementor-widget-text-editor\" data-id=\"6667c82\" data-element_type=\"widget\" data-widget_type=\"text-editor.default\">\n\t\t\t\t<div class=\"elementor-widget-container\">\n\t\t\t\t\t\t\t\t\t<div class=\"flex max-w-full flex-col flex-grow\"><div class=\"min-h-8 text-message flex w-full flex-col items-end gap-2 whitespace-normal break-words [.text-message+&amp;]:mt-5\" dir=\"auto\" data-message-author-role=\"assistant\" data-message-id=\"47b29701-f449-4d74-a99e-b1efef60ba2f\" data-message-model-slug=\"gpt-4o-mini\"><div class=\"flex w-full flex-col gap-1 empty:hidden first:pt-[3px]\"><div class=\"markdown prose w-full break-words dark:prose-invert light\"><p>Aydersan olarak, de\u011ferlerimize ba\u011fl\u0131 kalarak hem i\u00e7 hem de d\u0131\u015f payda\u015flar\u0131m\u0131za her zaman en iyi hizmeti sunmay\u0131 ama\u00e7l\u0131yoruz.<\/p><\/div><\/div><\/div><\/div>\t\t\t\t\t\t\t\t<\/div>\n\t\t\t\t<\/div>\n\t\t\t\t<\/div>\n\t\t<div class=\"elementor-element elementor-element-2e78a03 e-con-full e-flex wpr-particle-no wpr-jarallax-no wpr-parallax-no wpr-sticky-section-no elementor-invisible e-con e-child\" data-id=\"2e78a03\" data-element_type=\"container\" data-settings=\"{&quot;animation&quot;:&quot;fadeIn&quot;}\">\n\t\t\t\t<div class=\"elementor-element elementor-element-5260a5e elementor-widget elementor-widget-image\" data-id=\"5260a5e\" data-element_type=\"widget\" data-widget_type=\"image.default\">\n\t\t\t\t<div class=\"elementor-widget-container\">\n\t\t\t\t\t\t\t\t\t\t\t\t\t\t\t<img decoding=\"async\" width=\"1200\" height=\"1200\" src=\"https:\/\/www.aydersan.com\/wp-content\/uploads\/2024\/10\/basindabiz5.jpg\" class=\"attachment-full size-full wp-image-455\" alt=\"\" srcset=\"https:\/\/www.aydersan.com\/wp-content\/uploads\/2024\/10\/basindabiz5.jpg 1200w, https:\/\/www.aydersan.com\/wp-content\/uploads\/2024\/10\/basindabiz5-300x300.jpg 300w, https:\/\/www.aydersan.com\/wp-content\/uploads\/2024\/10\/basindabiz5-100x100.jpg 100w, https:\/\/www.aydersan.com\/wp-content\/uploads\/2024\/10\/basindabiz5-600x600.jpg 600w, https:\/\/www.aydersan.com\/wp-content\/uploads\/2024\/10\/basindabiz5-1024x1024.jpg 1024w, https:\/\/www.aydersan.com\/wp-content\/uploads\/2024\/10\/basindabiz5-150x150.jpg 150w, https:\/\/www.aydersan.com\/wp-content\/uploads\/2024\/10\/basindabiz5-768x768.jpg 768w, https:\/\/www.aydersan.com\/wp-content\/uploads\/2024\/10\/basindabiz5-230x230.jpg 230w, https:\/\/www.aydersan.com\/wp-content\/uploads\/2024\/10\/basindabiz5-400x400.jpg 400w, https:\/\/www.aydersan.com\/wp-content\/uploads\/2024\/10\/basindabiz5-640x640.jpg 640w\" sizes=\"(max-width: 1200px) 100vw, 1200px\" \/>\t\t\t\t\t\t\t\t\t\t\t\t\t\t\t<\/div>\n\t\t\t\t<\/div>\n\t\t\t\t<\/div>\n\t\t\t\t\t<\/div>\n\t\t\t\t<\/div>\n\t\t\t\t\t<\/div>\n\t\t\t\t<\/div>\n\t\t\t\t<\/div>\n\t\t","protected":false},"excerpt":{"rendered":"<p>De\u011ferlerimiz De\u011ferlerimiz Aydersan olarak, \u00fcr\u00fcnlerimizin kusursuz ve ekonomik \u015fekilde \u00fcretilmesi, profesyonel bir yakla\u015f\u0131mla sat\u0131\u015fa sunulmas\u0131 ve zaman\u0131nda teslim edilmesi bizim i\u00e7in olduk\u00e7a \u00f6nemlidir. Her alanda kaliteyi hedeflemekle birlikte, m\u00fc\u015fteri memnuniyetini en \u00fcst seviyede tutmak amac\u0131yla belirledi\u011fimiz de\u011ferler do\u011frultusunda faaliyetlerimizi s\u00fcrd\u00fcrmekteyiz. \u00c7\u00fcnk\u00fc Aydersan\u2019da her zaman beklentilerinizin \u00f6tesinde bir deneyim sunmay\u0131 hedefliyoruz. D\u00fcr\u00fcstl\u00fck D\u00fcr\u00fcstl\u00fck, t\u00fcm i\u015f s\u00fcre\u00e7lerimizde temel bir ilkedir. Hem \u00e7al\u0131\u015fanlar\u0131m\u0131z hem de m\u00fc\u015fterilerimizle olan ili\u015fkilerimizi bu de\u011fer \u00fczerine in\u015fa ediyoruz. G\u00fcven ve \u015feffafl\u0131k, i\u015f yap\u0131\u015f bi\u00e7imimizin temel ta\u015flar\u0131n\u0131 olu\u015fturur. Her zaman do\u011fruyu s\u00f6ylemek, g\u00fcvenilir olmak ve her durumda etik standartlara ba\u011fl\u0131 kalmak, Aydersan\u2019\u0131n i\u015f ahlak\u0131n\u0131n en \u00f6nemli bile\u015fenleridir. Sevgi ve Sayg\u0131 Aydersan ailesi olarak, i\u015fimizi sadece bir g\u00f6rev olarak de\u011fil, ayn\u0131 zamanda bir tutku olarak yap\u0131yoruz. T\u00fcm \u00e7al\u0131\u015fanlar\u0131m\u0131z, yapt\u0131klar\u0131 i\u015fi severek ger\u00e7ekle\u015ftirir ve her zaman daha iyiye ula\u015fmak i\u00e7in \u00e7aba g\u00f6sterirler. Payda\u015flar\u0131m\u0131za, i\u015f ortaklar\u0131m\u0131za ve m\u00fc\u015fterilerimize kar\u015f\u0131 g\u00f6sterdi\u011fimiz sevgi ve sayg\u0131, i\u015f k\u00fclt\u00fcr\u00fcm\u00fcz\u00fcn bir yans\u0131mas\u0131d\u0131r. \u0130leti\u015fim, g\u00fcven ve empati, ili\u015fkilerimizdeki \u00f6nceliklerimiz aras\u0131nda yer al\u0131r. M\u00fc\u015fteri Odakl\u0131 Olmak M\u00fc\u015fteri memnuniyeti, Aydersan\u2019\u0131n ba\u015far\u0131s\u0131n\u0131n anahtar\u0131d\u0131r. Her zaman m\u00fc\u015fterilerimizi birinci s\u0131raya koyar, onlar\u0131n ihtiya\u00e7 ve beklentilerini do\u011fru bir \u015fekilde analiz ederiz. Bu do\u011frultuda, her a\u015famada en iyi hizmeti sunmak i\u00e7in gerekli sorumlulu\u011fu \u00fcstleniriz. Samimi, tutarl\u0131 ve \u00e7\u00f6z\u00fcm odakl\u0131 bir yakla\u015f\u0131m benimseyerek, m\u00fc\u015fteri ili\u015fkilerimizi g\u00fc\u00e7lendiririz. Sadece sat\u0131\u015f sonras\u0131 de\u011fil, her s\u00fcre\u00e7te m\u00fc\u015fteri odakl\u0131 d\u00fc\u015f\u00fcnerek onlar\u0131n memnuniyetini sa\u011flamay\u0131 ama\u00e7lar\u0131z. Aydersan olarak, bu de\u011ferleri s\u00fcrekli olarak ya\u015fatarak, sekt\u00f6rdeki lider konumumuzu s\u00fcrd\u00fcrmeyi ve m\u00fc\u015fterilerimize her zaman daha fazlas\u0131n\u0131 sunmay\u0131 arzu ediyoruz. De\u011ferlerimizin Sundu\u011fu Katk\u0131: Aydersan\u2019\u0131n Ba\u015far\u0131ya Giden Yolu Aydersan olarak belirledi\u011fimiz de\u011ferler, sadece i\u015f yap\u0131\u015f \u015feklimizi de\u011fil, ayn\u0131 zamanda m\u00fc\u015fterilerimize ve toplumumuza sundu\u011fumuz katk\u0131lar\u0131 da \u015fekillendiriyor. Bu de\u011ferler, \u015firketimizin b\u00fcy\u00fcme yolculu\u011funda bizi ba\u015far\u0131ya ta\u015f\u0131yan temel unsurlar aras\u0131nda yer al\u0131yor. Her bir de\u011feri, s\u00fcrekli geli\u015fim ve s\u00fcrd\u00fcr\u00fclebilir ba\u015far\u0131 anlay\u0131\u015f\u0131m\u0131zla harmanlayarak i\u015f s\u00fcre\u00e7lerimize entegre ettik. Bu de\u011ferler, yaln\u0131zca i\u00e7sel motivasyonumuzu de\u011fil, ayn\u0131 zamanda d\u0131\u015far\u0131ya sundu\u011fumuz hizmetin kalitesini de art\u0131rmaktad\u0131r. G\u00fcven ve \u015eeffafl\u0131k: Temel \u0130\u015f Ahlak\u0131m\u0131z M\u00fckemmeliyet ve S\u00fcrekli \u0130yile\u015ftirme \u00c7al\u0131\u015fan Memnuniyeti ve Motivasyonu Sosyal Sorumluluk ve Topluma Katk\u0131 M\u00fc\u015fteri Memnuniyeti: Her Zaman Birinci \u00d6nceli\u011fimiz \u0130novasyon ve Teknolojik Yat\u0131r\u0131mlar Aydersan olarak, de\u011ferlerimize ba\u011fl\u0131 kalarak hem i\u00e7 hem de d\u0131\u015f payda\u015flar\u0131m\u0131za her zaman en iyi hizmeti sunmay\u0131 ama\u00e7l\u0131yoruz.<\/p>\n","protected":false},"author":1,"featured_media":0,"parent":0,"menu_order":0,"comment_status":"closed","ping_status":"closed","template":"elementor_canvas","meta":{"footnotes":""},"class_list":["post-2343","page","type-page","status-publish","hentry"],"_links":{"self":[{"href":"https:\/\/www.aydersan.com\/tr\/wp-json\/wp\/v2\/pages\/2343","targetHints":{"allow":["GET"]}}],"collection":[{"href":"https:\/\/www.aydersan.com\/tr\/wp-json\/wp\/v2\/pages"}],"about":[{"href":"https:\/\/www.aydersan.com\/tr\/wp-json\/wp\/v2\/types\/page"}],"author":[{"embeddable":true,"href":"https:\/\/www.aydersan.com\/tr\/wp-json\/wp\/v2\/users\/1"}],"replies":[{"embeddable":true,"href":"https:\/\/www.aydersan.com\/tr\/wp-json\/wp\/v2\/comments?post=2343"}],"version-history":[{"count":0,"href":"https:\/\/www.aydersan.com\/tr\/wp-json\/wp\/v2\/pages\/2343\/revisions"}],"wp:attachment":[{"href":"https:\/\/www.aydersan.com\/tr\/wp-json\/wp\/v2\/media?parent=2343"}],"curies":[{"name":"wp","href":"https:\/\/api.w.org\/{rel}","templated":true}]}}