{"id":1959,"date":"2024-10-25T17:25:26","date_gmt":"2024-10-25T14:25:26","guid":{"rendered":"http:\/\/wordpress.aydersan.com\/ana-sayfa\/?post_type=product&#038;p=1959"},"modified":"2024-12-20T09:33:35","modified_gmt":"2024-12-20T06:33:35","slug":"alci-terligi","status":"publish","type":"product","link":"https:\/\/www.aydersan.com\/en\/product\/alci-terligi\/","title":{"rendered":"Plaster Slipper"},"content":{"rendered":"<h1><strong>Plaster slipper<\/strong><\/h1>\n<p>The plaster slipper is specially designed to provide protection for feet in a cast while walking. It is made from high-quality materials and provides support to the foot's movement while ensuring extra security for the ankle and cast area. <strong>Made of EVA material.<\/strong> This product offers comfort to users with its ultra-light structure. The upper part of it... <strong>features a hook-and-loop fastening system.<\/strong>provides ease of use and can be adjusted to fit perfectly according to foot size.<\/p>\n<h2><strong>What is it and why is it used?<\/strong><\/h2>\n<p>This specially designed slipper helps protect plastered feet during walking. Its light weight and ergonomic structure provide comfort during daily use.<\/p>\n<h2><strong>Key Features<\/strong><\/h2>\n<ul>\n<li>It provides protection for the casted area.<\/li>\n<li>It covers the toes and the top of the cast.<\/li>\n<li>It provides a soft cushioning sensation.<\/li>\n<li>It is ultra-lightweight thanks to the EVA material.<\/li>\n<li>There are size options available to fit different foot sizes.<\/li>\n<li>It features an easy-to-wear hook-and-loop fastening system.<\/li>\n<\/ul>\n<h3><strong>It is produced with Eceform quality.<\/strong><\/h3>\n<p>The products are designed with user comfort in mind. <strong><a href=\"https:\/\/www.eceform.com.tr\/\" target=\"_new\" rel=\"noopener\">Eceform<\/a><\/strong> It is produced with the assurance of Eceform. It stands out with its ergonomic design and durability.<\/p>\n<h3><strong>Categories and Options<\/strong><\/h3>\n<p>To explore detailed product varieties <strong><a href=\"https:\/\/www.aydersan.com\/en\/kategori\/terlikler\/alci-terlikleri\/\" target=\"_new\" rel=\"noopener\">kategori sayfam\u0131z\u0131<\/a><\/strong> You can visit. Models for every need are available.<\/p>","protected":false},"excerpt":{"rendered":"<p>Al\u00e7\u0131 Terli\u011fi Al\u00e7\u0131 terli\u011fi al\u00e7\u0131ya al\u0131nm\u0131\u015f ayaklar\u0131n y\u00fcr\u00fcme esnas\u0131nda koruma sa\u011flamas\u0131 i\u00e7in \u00f6zel olarak tasarlanm\u0131\u015ft\u0131r. Y\u00fcksek kaliteli Eva malzemeden \u00fcretilen bu \u00fcr\u00fcn, ultra hafif yap\u0131s\u0131yla kullan\u0131c\u0131lara konfor sunar. \u00dcst k\u0131sm\u0131ndaki c\u0131rtl\u0131 kilit sistemisayesinde kullan\u0131m kolayl\u0131\u011f\u0131 sa\u011flar ve ayak \u00f6l\u00e7\u00fclerine g\u00f6re ideal \u015fekilde ayarlanabilir. Nedir ve Neden Kullan\u0131l\u0131r? Bu \u00f6zel tasar\u0131m terlik, al\u00e7\u0131ya al\u0131nm\u0131\u015f ayaklar\u0131n y\u00fcr\u00fcme s\u0131ras\u0131nda korunmas\u0131na yard\u0131mc\u0131 olur. Hafifli\u011fi ve ergonomik yap\u0131s\u0131 sayesinde g\u00fcnl\u00fck kullan\u0131mda rahatl\u0131k sa\u011flar. \u00d6ne \u00c7\u0131kan \u00d6zellikler Al\u00e7\u0131l\u0131 b\u00f6lgenin korunmas\u0131n\u0131 sa\u011flar. Ayak parmaklar\u0131n\u0131 ve al\u00e7\u0131 \u00fcst\u00fcn\u00fc kaplar. Yumu\u015fak basma hissi sunar. Eva malzeme sayesinde ultra hafiftir. Ayak \u00f6l\u00e7\u00fcs\u00fcne uygun beden se\u00e7enekleri bulunur. Kolay giyilebilir c\u0131rtl\u0131 kilit sistemi i\u00e7erir. Eceform Kalitesiyle \u00dcretilmi\u015ftir \u00dcr\u00fcnler, kullan\u0131c\u0131 konforunu \u00f6n planda tutan Eceform g\u00fcvencesiyle \u00fcretilmi\u015ftir. Ergonomik yap\u0131s\u0131 ve dayan\u0131kl\u0131l\u0131\u011f\u0131yla \u00f6ne \u00e7\u0131kar. Kategoriler ve Se\u00e7enekler Detayl\u0131 \u00fcr\u00fcn \u00e7e\u015fitlerini ke\u015ffetmek i\u00e7in kategori sayfam\u0131z\u0131 ziyaret edebilirsiniz. Her ihtiyaca uygun modeller mevcuttur.<\/p>","protected":false},"featured_media":1960,"template":"","meta":[],"product_brand":[],"product_cat":[149,178,231],"product_tag":[],"class_list":{"0":"post-1959","1":"product","2":"type-product","3":"status-publish","4":"has-post-thumbnail","6":"product_cat-ayak-saglik-urunleri","7":"product_cat-tabanliklar-ve-topukluklar","8":"product_cat-medikal-ortopedi-urunleri","10":"first","11":"instock","12":"shipping-taxable","13":"product-type-simple"},"_links":{"self":[{"href":"https:\/\/www.aydersan.com\/en\/wp-json\/wp\/v2\/product\/1959","targetHints":{"allow":["GET"]}}],"collection":[{"href":"https:\/\/www.aydersan.com\/en\/wp-json\/wp\/v2\/product"}],"about":[{"href":"https:\/\/www.aydersan.com\/en\/wp-json\/wp\/v2\/types\/product"}],"wp:featuredmedia":[{"embeddable":true,"href":"https:\/\/www.aydersan.com\/en\/wp-json\/wp\/v2\/media\/1960"}],"wp:attachment":[{"href":"https:\/\/www.aydersan.com\/en\/wp-json\/wp\/v2\/media?parent=1959"}],"wp:term":[{"taxonomy":"product_brand","embeddable":true,"href":"https:\/\/www.aydersan.com\/en\/wp-json\/wp\/v2\/product_brand?post=1959"},{"taxonomy":"product_cat","embeddable":true,"href":"https:\/\/www.aydersan.com\/en\/wp-json\/wp\/v2\/product_cat?post=1959"},{"taxonomy":"product_tag","embeddable":true,"href":"https:\/\/www.aydersan.com\/en\/wp-json\/wp\/v2\/product_tag?post=1959"}],"curies":[{"name":"wp","href":"https:\/\/api.w.org\/{rel}","templated":true}]}}