{"id":1954,"date":"2024-10-25T17:22:09","date_gmt":"2024-10-25T14:22:09","guid":{"rendered":"http:\/\/wordpress.aydersan.com\/ana-sayfa\/?post_type=product&#038;p=1954"},"modified":"2024-12-20T09:59:38","modified_gmt":"2024-12-20T06:59:38","slug":"ust-baldir-destegi-neopren","status":"publish","type":"product","link":"https:\/\/www.aydersan.com\/en\/product\/ust-baldir-destegi-neopren\/","title":{"rendered":"Upper Calf Support (Neoprene)"},"content":{"rendered":"<h4><strong>Upper Calf Support Product Features<\/strong><\/h4>\n<ul>\n<li>Provides support to upper calf muscles during sports and helps prevent injuries.<\/li>\n<li>The flexible neoprene fabric maintains muscle temperature to enhance performance.<\/li>\n<li>Fabric composition: 70% Neoprene, 30% Polyester.<\/li>\n<li>Adjustable hook-and-loop straps ensure a perfect fit for the user.<\/li>\n<li>Its lightweight and durable design ensures long-lasting use.<\/li>\n<\/ul>\n<hr \/>\n<h4><strong>Size Selection<\/strong><\/h4>\n<table>\n<thead>\n<tr>\n<th><strong>Size<\/strong><\/th>\n<th>S<\/th>\n<th>M<\/th>\n<th>L<\/th>\n<th>XL<\/th>\n<th>XXL<\/th>\n<\/tr>\n<\/thead>\n<tbody>\n<tr>\n<td><strong>Calf Circumference Measurement<\/strong><\/td>\n<td>35-40 cm<\/td>\n<td>40-45 cm<\/td>\n<td>45-50 cm<\/td>\n<td>50-55 cm<\/td>\n<td>55-60 cm<\/td>\n<\/tr>\n<\/tbody>\n<\/table>\n<hr \/>\n<h4><strong>How to Use?<\/strong><\/h4>\n<ol>\n<li>Make sure the product size matches your measurements.<\/li>\n<li>Wrap snugly but comfortably around the upper calf area.<\/li>\n<li>Secure the product with hook-and-loop straps.<\/li>\n<li>Use the product for a maximum of 4 hours daily, as per doctor's recommendation.<\/li>\n<\/ol>\n<hr \/>\n<h4><strong>Washing Instructions<\/strong><\/h4>\n<ul>\n<li>If present, fasten the Velcro straps.<\/li>\n<li>Remove the plastic supports.<\/li>\n<li>Hand wash below 30\u00b0C and wait until completely dry.<\/li>\n<li>Do not expose to direct sunlight.<\/li>\n<\/ul>\n<hr \/>\n<h4><strong>Precautions<\/strong><\/h4>\n<ul>\n<li><strong>Upper Calf Support<\/strong>, yaln\u0131zca belirlenen kullan\u0131m amac\u0131na uygun \u015fekilde kullan\u0131lmal\u0131d\u0131r.<\/li>\n<li>If you are allergic to latex or rubber, check the material content before use.<\/li>\n<li>It is not heat-resistant. Avoid temperatures above 120\u00b0C.<\/li>\n<\/ul>\n<p>&nbsp;<\/p>\n<p>&nbsp;<\/p>\n<table id=\"table7\" style=\"height: 398px;\" width=\"878\" cellpadding=\"0\" align=\"left\">\n<tbody>\n<tr>\n<td colspan=\"6\">Size Selection<\/td>\n<\/tr>\n<tr>\n<td rowspan=\"2\" align=\"center\" width=\"75\"><img decoding=\"async\" src=\"https:\/\/www.eceform.com.tr\/class\/INNOVAEditor\/assets\/gallery1\/ustbaldir.jpg\" alt=\"\u00dcst Bald\u0131r \u00d6l\u00e7\u00fcs\u00fc\" border=\"0\" \/><\/td>\n<td align=\"center\" width=\"99\">S<\/td>\n<td align=\"center\" width=\"99\">M<\/td>\n<td align=\"center\" width=\"99\">L<\/td>\n<td align=\"center\" width=\"99\">XL<\/td>\n<td align=\"center\" width=\"99\">XXL<\/td>\n<\/tr>\n<tr>\n<td align=\"center\" width=\"99\">48 \/ 52 Cm<\/td>\n<td align=\"center\" width=\"99\">52 \/ 57 Cm<\/td>\n<td align=\"center\" width=\"99\">57 \/ 62 Cm<\/td>\n<td align=\"center\" width=\"99\">62 \/ 70 Cm<\/td>\n<td align=\"center\" width=\"99\">70 \/ 78 Cm<\/td>\n<\/tr>\n<tr>\n<td colspan=\"6\">Product Features<\/td>\n<\/tr>\n<tr>\n<td colspan=\"6\">\n<div>\u00a0\u2022 This product is used when femoral support is required.<\/div>\n<div>\u00a0\u2022 Also provides heat and compression for quadriceps tendon and adductor muscle group lesions.<\/div>\n<div>\u00a0\u2022 Made from 4.2 mm thick neoprene fabric.<\/div>\n<div>\u00a0\u2022 The inner surface of the neoprene fabric is lined with breathable, hypoallergenic fleece.<\/div>\n<div>\u00a0\u2022 The outer surface is covered with elastic jersey fabric.<\/div>\n<div>\u00a0\u2022 Fabric composition: 70% Neoprene, 30% Polyester.<\/div>\n<\/td>\n<\/tr>\n<tr>\n<td colspan=\"6\">Product Application<\/td>\n<\/tr>\n<tr>\n<td colspan=\"6\">\n<address>\u00a0\u2022 Make sure the product size fits your measurements.<\/address>\n<div>\u00a0\u2022 Open the Velcro straps.<\/div>\n<address>\u00a0\u2022 After putting on the product, fasten the Velcro straps.<\/address>\n<\/td>\n<\/tr>\n<tr>\n<td colspan=\"6\">Important Information and Warnings<\/td>\n<\/tr>\n<tr>\n<td colspan=\"6\">\n<address>\u00a0\u2022 This product should be used under a doctor's advice.<\/address>\n<div>\u00a0\u2022 This product is not fire-resistant. It loses its properties at high temperatures. Therefore, do not expose it to heat above 120\u00b0C.<\/div>\n<div>\u00a0 \u00a0 Do not leave.<\/div>\n<div>\u00a0\u2022 If you want to make small modifications to the product for comfort or ease of use, please...<\/div>\n<div>\u00a0 \u00a0 Please seek technical support from your doctor or the company from which you purchased the product.<\/div>\n<div>\u00a0\u2022 This product cannot be used for purposes other than its intended use or combined with another product; only the original<\/div>\n<div>\u00a0 \u00a0 ...it can only be used for its original indications.<\/div>\n<address>\u00a0\u2022 The usage duration of this product should not exceed 4 continuous hours per day unless advised otherwise by a doctor.<\/address>\n<div>\u00a0\u2022 If you are allergic to latex or rubber, please check the product's material content before use.<\/div>\n<div>\u00a0 \u00a0 and in this case, use a garment between the product and your skin that will absorb sweat and moisture.<\/div>\n<address>\u00a0\u2022 MED\u0130FORM may make changes to the product's shape, design, and workmanship without prior notice.<\/address>\n<\/td>\n<\/tr>\n<tr>\n<td colspan=\"6\">Washing Instructions<\/td>\n<\/tr>\n<tr>\n<td colspan=\"6\">\n<p align=\"center\"><img decoding=\"async\" src=\"https:\/\/www.eceform.com.tr\/class\/INNOVAEditor\/assets\/gallery1\/yikama_talimatiJPG.jpg\" alt=\"Washing Instructions\" border=\"0\" \/><\/p>\n<\/td>\n<\/tr>\n<tr>\n<td colspan=\"6\">\n<address>\u00a0\u2022 If present, fasten the Velcro straps.<\/address>\n<address>\u00a0\u2022 Use a laundry bag if possible.<\/address>\n<address>\u00a0\u2022 Hand wash below 30\u00b0C.<\/address>\n<address>\u00a0\u2022 After washing, make sure the product is completely dry before wearing it.<\/address>\n<\/td>\n<\/tr>\n<\/tbody>\n<\/table>\n<p>&nbsp;<\/p>\n<p>&nbsp;<\/p>\n<p>&nbsp;<\/p>\n<p>&nbsp;<\/p>\n<p>&nbsp;<\/p>\n<p>&nbsp;<\/p>\n<p>&nbsp;<\/p>","protected":false},"excerpt":{"rendered":"<p>Upper Calf Support (Neoprene)<\/p>","protected":false},"featured_media":1955,"template":"","meta":[],"product_brand":[],"product_cat":[183,231,147],"product_tag":[],"class_list":{"0":"post-1954","1":"product","2":"type-product","3":"status-publish","4":"has-post-thumbnail","6":"product_cat-dizlikler-dizlikler","7":"product_cat-medikal-ortopedi-urunleri","8":"product_cat-dizlikler","10":"first","11":"instock","12":"shipping-taxable","13":"product-type-simple"},"_links":{"self":[{"href":"https:\/\/www.aydersan.com\/en\/wp-json\/wp\/v2\/product\/1954","targetHints":{"allow":["GET"]}}],"collection":[{"href":"https:\/\/www.aydersan.com\/en\/wp-json\/wp\/v2\/product"}],"about":[{"href":"https:\/\/www.aydersan.com\/en\/wp-json\/wp\/v2\/types\/product"}],"wp:featuredmedia":[{"embeddable":true,"href":"https:\/\/www.aydersan.com\/en\/wp-json\/wp\/v2\/media\/1955"}],"wp:attachment":[{"href":"https:\/\/www.aydersan.com\/en\/wp-json\/wp\/v2\/media?parent=1954"}],"wp:term":[{"taxonomy":"product_brand","embeddable":true,"href":"https:\/\/www.aydersan.com\/en\/wp-json\/wp\/v2\/product_brand?post=1954"},{"taxonomy":"product_cat","embeddable":true,"href":"https:\/\/www.aydersan.com\/en\/wp-json\/wp\/v2\/product_cat?post=1954"},{"taxonomy":"product_tag","embeddable":true,"href":"https:\/\/www.aydersan.com\/en\/wp-json\/wp\/v2\/product_tag?post=1954"}],"curies":[{"name":"wp","href":"https:\/\/api.w.org\/{rel}","templated":true}]}}