{"id":1926,"date":"2024-10-25T17:06:19","date_gmt":"2024-10-25T14:06:19","guid":{"rendered":"http:\/\/wordpress.aydersan.com\/ana-sayfa\/?post_type=product&#038;p=1926"},"modified":"2024-12-10T09:25:09","modified_gmt":"2024-12-10T06:25:09","slug":"humerus-breysi","status":"publish","type":"product","link":"https:\/\/www.aydersan.com\/en\/product\/humerus-breysi\/","title":{"rendered":"Humerus Breysi"},"content":{"rendered":"<h3>Humerus Breysi<\/h3>\n<p>Humerus breysi, \u00fcst kolun (humerus) stabilizasyonunu sa\u011flamak ve yaralanmalar sonras\u0131 iyile\u015fmeyi desteklemek amac\u0131yla tasarlanm\u0131\u015f \u00f6zel bir ortopedik \u00fcr\u00fcnd\u00fcr. \u00d6zellikle kol k\u0131r\u0131klar\u0131, \u00e7\u0131k\u0131klar veya cerrahi m\u00fcdahale sonras\u0131 kullan\u0131m\u0131 \u00f6nerilir.<\/p>\n<h4>Features:<\/h4>\n<ul>\n<li><strong>Stabilizasyon:<\/strong>\u00a0Humerus kemi\u011fini etkili bir \u015fekilde sabitleyerek, hareketi s\u0131n\u0131rlayarak iyile\u015fme s\u00fcrecini h\u0131zland\u0131r\u0131r.<\/li>\n<li><strong>Adjustable Design:<\/strong>\u00a0Kolayca ayarlanabilir yap\u0131s\u0131 sayesinde, kullan\u0131c\u0131n\u0131n ihtiyac\u0131na g\u00f6re konforlu bir uyum sa\u011flar.<\/li>\n<li><strong>Breathable material:<\/strong>\u00a0Hava ge\u00e7irgen kuma\u015f\u0131, uzun s\u00fcreli kullan\u0131mlarda konfor sunar ve terlemeyi \u00f6nler.<\/li>\n<li><strong>Lightweight and Comfortable:<\/strong>\u00a0Hafif yap\u0131s\u0131, g\u00fcnl\u00fck aktivitelerde rahats\u0131zl\u0131k vermez ve kullan\u0131c\u0131ya konfor sa\u011flar.<\/li>\n<li><strong>Easy to Use:<\/strong>\u00a0Simple fastening mechanisms make it easier to use.<\/li>\n<\/ul>\n<h4>Usage Areas:<\/h4>\n<ul>\n<li><strong>Rehabilitation:<\/strong>\u00a0Humerus yaralanmalar\u0131 veya cerrahi m\u00fcdahaleler sonras\u0131 destek sa\u011flar.<\/li>\n<li><strong>Pain Management:<\/strong>\u00a0\u00dcst kol b\u00f6lgesindeki a\u011fr\u0131y\u0131 hafifletir ve iyile\u015fmeyi te\u015fvik eder.<\/li>\n<li><strong>Daily Use:<\/strong>\u00a0\u00dcst kol hareketlerini k\u0131s\u0131tlayarak d\u00fczg\u00fcn bir iyile\u015fme s\u00fcreci sa\u011flar.<\/li>\n<\/ul>\n<p>Humerus breysi, \u00fcst kol sa\u011fl\u0131\u011f\u0131n\u0131za \u00f6nem veren herkes i\u00e7in m\u00fckemmel bir tercihtir. Yaralanma sonras\u0131 destek sa\u011flamak ve iyile\u015fme s\u00fcrecinizi h\u0131zland\u0131rmak i\u00e7in bu \u00fcr\u00fcn\u00fc denemeyi d\u00fc\u015f\u00fcnebilirsiniz!<\/p>","protected":false},"excerpt":{"rendered":"<p>Humerus breysi, \u00fcst kolun (humerus) stabilizasyonunu sa\u011flamak ve yaralanmalar sonras\u0131 iyile\u015fmeyi desteklemek amac\u0131yla tasarlanm\u0131\u015f \u00f6zel bir ortopedik \u00fcr\u00fcnd\u00fcr. \u00d6zellikle kol k\u0131r\u0131klar\u0131, \u00e7\u0131k\u0131klar veya cerrahi m\u00fcdahale sonras\u0131 kullan\u0131m\u0131 \u00f6nerilir.<\/p>","protected":false},"featured_media":1929,"template":"","meta":[],"product_brand":[],"product_cat":[152,231],"product_tag":[],"class_list":{"0":"post-1926","1":"product","2":"type-product","3":"status-publish","4":"has-post-thumbnail","6":"product_cat-kol-ve-omuz-sabitleyiciler","7":"product_cat-medikal-ortopedi-urunleri","9":"first","10":"instock","11":"shipping-taxable","12":"product-type-simple"},"_links":{"self":[{"href":"https:\/\/www.aydersan.com\/en\/wp-json\/wp\/v2\/product\/1926","targetHints":{"allow":["GET"]}}],"collection":[{"href":"https:\/\/www.aydersan.com\/en\/wp-json\/wp\/v2\/product"}],"about":[{"href":"https:\/\/www.aydersan.com\/en\/wp-json\/wp\/v2\/types\/product"}],"wp:featuredmedia":[{"embeddable":true,"href":"https:\/\/www.aydersan.com\/en\/wp-json\/wp\/v2\/media\/1929"}],"wp:attachment":[{"href":"https:\/\/www.aydersan.com\/en\/wp-json\/wp\/v2\/media?parent=1926"}],"wp:term":[{"taxonomy":"product_brand","embeddable":true,"href":"https:\/\/www.aydersan.com\/en\/wp-json\/wp\/v2\/product_brand?post=1926"},{"taxonomy":"product_cat","embeddable":true,"href":"https:\/\/www.aydersan.com\/en\/wp-json\/wp\/v2\/product_cat?post=1926"},{"taxonomy":"product_tag","embeddable":true,"href":"https:\/\/www.aydersan.com\/en\/wp-json\/wp\/v2\/product_tag?post=1926"}],"curies":[{"name":"wp","href":"https:\/\/api.w.org\/{rel}","templated":true}]}}