{"id":1880,"date":"2024-10-25T16:14:47","date_gmt":"2024-10-25T13:14:47","guid":{"rendered":"http:\/\/wordpress.aydersan.com\/ana-sayfa\/?post_type=product&#038;p=1880"},"modified":"2024-12-10T09:15:37","modified_gmt":"2024-12-10T06:15:37","slug":"orme-silikon-destekli-ayak-bilekligi","status":"publish","type":"product","link":"https:\/\/www.aydersan.com\/en\/product\/orme-silikon-destekli-ayak-bilekligi\/","title":{"rendered":"Knitting Silicone-Backed Strap Ankle Support"},"content":{"rendered":"<h3>\u00dcr\u00fcn A\u00e7\u0131klamas\u0131: \u00d6rme Silikon Destekli Ayak Bilekli\u011fi<\/h3>\n<p><strong>Product Description:<\/strong>\u00a0\u00d6rme silikon destekli ayak bilekli\u011fi, hem konfor hem de koruma sunan \u00f6zel bir tasar\u0131md\u0131r. Silikon destekleri sayesinde bilek b\u00f6lgesinde ekstra stabilite sa\u011flar, g\u00fcnl\u00fck aktivitelerde ve spor yaparken g\u00fcvenli bir hareket alan\u0131 sunar.<\/p>\n<p><strong>Features:<\/strong><\/p>\n<ul>\n<li><strong>Silicone Support :<\/strong>\u00a0Bilek ve malleol b\u00f6lgesine ek destek sa\u011flayarak yaralanma riskini azalt\u0131r.<\/li>\n<li><strong>Flexible Knitted Fabric:<\/strong>\u00a0Yumu\u015fak, esnek yap\u0131s\u0131 ile rahat bir giyim deneyimi sunar.<\/li>\n<li><strong>Breathable:<\/strong>\u00a0Hava alabilen kuma\u015f\u0131, terlemeyi \u00f6nleyerek g\u00fcn boyu konfor sa\u011flar.<\/li>\n<li><strong>\u015e\u0131k ve Modern Tasar\u0131m:<\/strong>\u00a0D\u00fcz ve zarif g\u00f6r\u00fcn\u00fcm\u00fcyle farkl\u0131 k\u0131yafetlerle kombinlenebilir.<\/li>\n<\/ul>\n<p><strong>Usage Areas:<\/strong><\/p>\n<ul>\n<li>Spor aktiviteleri (basketbol, ko\u015fu, yoga vb.)<\/li>\n<li>G\u00fcnl\u00fck ya\u015famda hareket \u00f6zg\u00fcrl\u00fc\u011f\u00fc sa\u011flamak<\/li>\n<li>Additional support during rehabilitation processes<\/li>\n<\/ul>\n<p><strong>Target Audience:<\/strong>\u00a0Suitable for athletes, individuals at risk of injury, and anyone seeking comfortable support.<\/p>","protected":false},"excerpt":{"rendered":"<p><strong>Product Description:<\/strong>\u00a0\u00d6rme silikon destekli ayak bilekli\u011fi, hem konfor hem de koruma sunan \u00f6zel bir tasar\u0131md\u0131r. Silikon destekleri sayesinde bilek b\u00f6lgesinde ekstra stabilite sa\u011flar, g\u00fcnl\u00fck aktivitelerde ve spor yaparken g\u00fcvenli bir hareket alan\u0131 sunar.<\/p>","protected":false},"featured_media":1881,"template":"","meta":[],"product_brand":[],"product_cat":[148,184,231],"product_tag":[],"class_list":{"0":"post-1880","1":"product","2":"type-product","3":"status-publish","4":"has-post-thumbnail","6":"product_cat-ayak-bileklikleri-ve-ortezleri","7":"product_cat-ayak-bilegi-ortezleri","8":"product_cat-medikal-ortopedi-urunleri","10":"first","11":"instock","12":"shipping-taxable","13":"product-type-simple"},"_links":{"self":[{"href":"https:\/\/www.aydersan.com\/en\/wp-json\/wp\/v2\/product\/1880","targetHints":{"allow":["GET"]}}],"collection":[{"href":"https:\/\/www.aydersan.com\/en\/wp-json\/wp\/v2\/product"}],"about":[{"href":"https:\/\/www.aydersan.com\/en\/wp-json\/wp\/v2\/types\/product"}],"wp:featuredmedia":[{"embeddable":true,"href":"https:\/\/www.aydersan.com\/en\/wp-json\/wp\/v2\/media\/1881"}],"wp:attachment":[{"href":"https:\/\/www.aydersan.com\/en\/wp-json\/wp\/v2\/media?parent=1880"}],"wp:term":[{"taxonomy":"product_brand","embeddable":true,"href":"https:\/\/www.aydersan.com\/en\/wp-json\/wp\/v2\/product_brand?post=1880"},{"taxonomy":"product_cat","embeddable":true,"href":"https:\/\/www.aydersan.com\/en\/wp-json\/wp\/v2\/product_cat?post=1880"},{"taxonomy":"product_tag","embeddable":true,"href":"https:\/\/www.aydersan.com\/en\/wp-json\/wp\/v2\/product_tag?post=1880"}],"curies":[{"name":"wp","href":"https:\/\/api.w.org\/{rel}","templated":true}]}}