{"id":1764,"date":"2024-10-25T12:45:31","date_gmt":"2024-10-25T09:45:31","guid":{"rendered":"http:\/\/wordpress.aydersan.com\/ana-sayfa\/?post_type=product&#038;p=1764"},"modified":"2024-12-10T09:17:48","modified_gmt":"2024-12-10T06:17:48","slug":"silikon-tabanlik-tam-boy","status":"publish","type":"product","link":"https:\/\/www.aydersan.com\/en\/product\/silikon-tabanlik-tam-boy\/","title":{"rendered":"Silicone Insoles \u2013 Full Size"},"content":{"rendered":"<table id=\"table9\" cellpadding=\"0\" align=\"left\">\n<tbody>\n<tr>\n<td>Product Features<\/td>\n<\/tr>\n<tr>\n<td>\n<div>\u00a0\u2022 Bu tabanl\u0131klar ayak taban\u0131na anatomik destek sa\u011flayarak bas\u0131nc\u0131n ayak taban\u0131na e\u015fit da\u011f\u0131lmas\u0131n\u0131<\/div>\n<div>\u00a0 \u00a0 m\u00fcmk\u00fcn k\u0131lar.<\/div>\n<div>\u00a0\u2022 \u00dcr\u00fcn\u00fcn ayr\u0131ca rahatlat\u0131c\u0131 bir etkisi de vard\u0131r.<\/div>\n<div>\u00a0\u2022 Made from high-quality silicone material.<\/div>\n<\/td>\n<\/tr>\n<tr>\n<td>Product Application<\/td>\n<\/tr>\n<tr>\n<td>\n<address>\u00a0\u2022 Make sure the product size fits your measurements.<\/address>\n<div>\u00a0\u2022 Ayakkab\u0131n\u0131z\u0131n i\u00e7ine yerle\u015ftiriniz.<\/div>\n<\/td>\n<\/tr>\n<tr>\n<td>Important Information and Warnings<\/td>\n<\/tr>\n<tr>\n<td>\n<address>\u00a0\u2022 This product is not fire-resistant. It loses its properties at high temperatures. Therefore, do not expose it to heat above 120\u00b0C.<\/address>\n<div>\u00a0 \u00a0 Do not leave.<\/div>\n<div>\u00a0\u2022 If you want to make small modifications to the product for comfort or ease of use, please...<\/div>\n<div>\u00a0 \u00a0 Please seek technical support from your doctor or the company from which you purchased the product.<\/div>\n<div>\u00a0\u2022 This product cannot be used for purposes other than its intended use or combined with another product; only the original<\/div>\n<div>\u00a0 \u00a0 ...it can only be used for its original indications.<\/div>\n<address>\u00a0\u2022 If you are allergic to latex or rubber, please check the product's material content before use.<\/address>\n<div>\u00a0 \u00a0 and in this case, use a garment between the product and your skin that will absorb sweat and moisture.<\/div>\n<address>\u00a0\u2022 MED\u0130FORM may make changes to the product's shape, design, and workmanship without prior notice.<\/address>\n<\/td>\n<\/tr>\n<tr>\n<td>Washing Instructions<\/td>\n<\/tr>\n<tr>\n<td>\n<p align=\"center\"><img decoding=\"async\" src=\"https:\/\/www.eceform.com.tr\/class\/INNOVAEditor\/assets\/gallery1\/yikama_talimatiJPG.jpg\" alt=\"Washing Instructions\" border=\"0\" \/><\/p>\n<\/td>\n<\/tr>\n<tr>\n<td>\n<div>\u00a0\u2022 Remove the product from inside the shoe.<\/div>\n<div>\u00a0\u2022 Hand wash below 30\u00b0C.<\/div>\n<address>\u00a0\u2022 After washing, make sure the product is completely dry before wearing it.<\/address>\n<\/td>\n<\/tr>\n<\/tbody>\n<\/table>","protected":false},"excerpt":{"rendered":"<p>Silicone Insoles \u2013 Full Size<\/p>","protected":false},"featured_media":1765,"template":"","meta":[],"product_brand":[],"product_cat":[149,178,231],"product_tag":[],"class_list":{"0":"post-1764","1":"product","2":"type-product","3":"status-publish","4":"has-post-thumbnail","6":"product_cat-ayak-saglik-urunleri","7":"product_cat-tabanliklar-ve-topukluklar","8":"product_cat-medikal-ortopedi-urunleri","10":"first","11":"instock","12":"shipping-taxable","13":"product-type-simple"},"_links":{"self":[{"href":"https:\/\/www.aydersan.com\/en\/wp-json\/wp\/v2\/product\/1764","targetHints":{"allow":["GET"]}}],"collection":[{"href":"https:\/\/www.aydersan.com\/en\/wp-json\/wp\/v2\/product"}],"about":[{"href":"https:\/\/www.aydersan.com\/en\/wp-json\/wp\/v2\/types\/product"}],"wp:featuredmedia":[{"embeddable":true,"href":"https:\/\/www.aydersan.com\/en\/wp-json\/wp\/v2\/media\/1765"}],"wp:attachment":[{"href":"https:\/\/www.aydersan.com\/en\/wp-json\/wp\/v2\/media?parent=1764"}],"wp:term":[{"taxonomy":"product_brand","embeddable":true,"href":"https:\/\/www.aydersan.com\/en\/wp-json\/wp\/v2\/product_brand?post=1764"},{"taxonomy":"product_cat","embeddable":true,"href":"https:\/\/www.aydersan.com\/en\/wp-json\/wp\/v2\/product_cat?post=1764"},{"taxonomy":"product_tag","embeddable":true,"href":"https:\/\/www.aydersan.com\/en\/wp-json\/wp\/v2\/product_tag?post=1764"}],"curies":[{"name":"wp","href":"https:\/\/api.w.org\/{rel}","templated":true}]}}