{"id":1758,"date":"2024-10-25T12:40:07","date_gmt":"2024-10-25T09:40:07","guid":{"rendered":"http:\/\/wordpress.aydersan.com\/ana-sayfa\/?post_type=product&#038;p=1758"},"modified":"2024-12-10T09:17:49","modified_gmt":"2024-12-10T06:17:49","slug":"hallux-valgus-icin-basparmak-ayirici-silikon-seperator","status":"publish","type":"product","link":"https:\/\/www.aydersan.com\/en\/product\/hallux-valgus-icin-basparmak-ayirici-silikon-seperator\/","title":{"rendered":"Hallux Valgus i\u00e7in Ba\u015fparmak Ay\u0131r\u0131c\u0131 &#8211; Silikon Seperator"},"content":{"rendered":"<table id=\"table9\" style=\"height: 564px;\" width=\"778\" cellpadding=\"0\" align=\"left\">\n<tbody>\n<tr>\n<td>Product Features<\/td>\n<\/tr>\n<tr>\n<td>\n<div>\u00a0These silicone separators help relieve Hallux Valgus discomfort by preventing toe friction inside shoes.<\/div>\n<div>\u00a0 \u00a0 They are designed to keep toes in a natural position and prevent overlapping.<\/div>\n<div>\u00a0\u2022 Made from high-quality silicone material.<\/div>\n<\/td>\n<\/tr>\n<tr>\n<td>Product Application<\/td>\n<\/tr>\n<tr>\n<td>\n<address>\u00a0\u2022 Make sure the product size fits your measurements.<\/address>\n<div>\u00a0\u2022 Place the product between your toes.<\/div>\n<div>\u00a0\u2022 Put on your shoes.<\/div>\n<\/td>\n<\/tr>\n<tr>\n<td>Important Information and Warnings<\/td>\n<\/tr>\n<tr>\n<td>\n<address>\u00a0\u2022 This product is not fire-resistant. It loses its properties at high temperatures. Therefore, do not expose it to heat above 120\u00b0C.<\/address>\n<div>\u00a0 \u00a0 Do not leave.<\/div>\n<div>\u00a0\u2022 If you want to make small modifications to the product for comfort or ease of use, please...<\/div>\n<div>\u00a0 \u00a0 Please seek technical support from your doctor or the company from which you purchased the product.<\/div>\n<div>\u00a0\u2022 This product cannot be used for purposes other than its intended use or combined with another product; only the original<\/div>\n<div>\u00a0 \u00a0 ...it can only be used for its original indications.<\/div>\n<address>\u00a0\u2022 If you are allergic to latex or rubber, please check the product's material content before use.<\/address>\n<div>\u00a0 \u00a0 and in this case, use a garment between the product and your skin that will absorb sweat and moisture.<\/div>\n<address>\u00a0\u2022 MED\u0130FORM may make changes to the product's shape, design, and workmanship without prior notice.<\/address>\n<\/td>\n<\/tr>\n<tr>\n<td>Washing Instructions<\/td>\n<\/tr>\n<tr>\n<td>\n<p align=\"center\"><img decoding=\"async\" src=\"https:\/\/www.eceform.com.tr\/class\/INNOVAEditor\/assets\/gallery1\/yikama_talimatiJPG.jpg\" alt=\"Washing Instructions\" border=\"0\" \/><\/p>\n<\/td>\n<\/tr>\n<tr>\n<td>\n<div>\u00a0\u2022 Remove the product from between your toes.<\/div>\n<div>\u00a0\u2022 Hand wash below 30\u00b0C.<\/div>\n<address>\u00a0\u2022 After washing, make sure the product is completely dry before wearing it.<\/address>\n<\/td>\n<\/tr>\n<\/tbody>\n<\/table>","protected":false},"excerpt":{"rendered":"<p>\u00dcr\u00fcn \u00d6zellikleri \u00a0\u2022 Bu silikon seperat\u00f6rler Hallux Valgus rahats\u0131zl\u0131klar\u0131nda, ayak parmaklar\u0131n\u0131n ayakkab\u0131 i\u00e7inde \u00a0 \u00a0 do\u011fal pozisyonda kalmas\u0131 ve birbirinin \u00fczerine ge\u00e7mesinin \u00f6nlenmesi amac\u0131yla tasarlanm\u0131\u015ft\u0131r. \u00a0\u2022 Kaliteli silikon malzemeden \u00fcretilmi\u015ftir. \u00dcr\u00fcn\u00fcn Uygulanmas\u0131 \u00a0\u2022 \u00dcr\u00fcn bedeninin \u00f6l\u00e7\u00fcn\u00fcze uygun oldu\u011fundan emin olunuz. \u00a0\u2022 \u00dcr\u00fcn\u00fc parmaklar\u0131n\u0131z\u0131n aras\u0131na yerle\u015ftiriniz. \u00a0\u2022 Ayakkab\u0131n\u0131z\u0131 giyiniz. \u00d6nemli Bilgiler ve Uyar\u0131lar \u00a0\u2022\u00a0Bu \u00fcr\u00fcn yanmaz de\u011fildir. Y\u00fcksek \u0131s\u0131da \u00f6zelli\u011fini yitirir. Bu y\u00fczden 120&#8217;C \u00fczerinde \u0131s\u0131ya maruz \u00a0 \u00a0 b\u0131rakmay\u0131n\u0131z. \u00a0\u2022 \u00dcr\u00fcn \u00fczerinde konfor ya da kullan\u0131m kolayl\u0131\u011f\u0131 ad\u0131na k\u00fc\u00e7\u00fck de\u011fi\u015fiklikler yapmak isterseniz l\u00fctfen \u00a0 \u00a0 doktorunuzdan ya da \u00fcr\u00fcn\u00fc\u00a0 ald\u0131\u011f\u0131n\u0131z firmadan teknik destek al\u0131n\u0131z. \u00a0\u2022 Bu \u00fcr\u00fcn kullan\u0131m amac\u0131 d\u0131\u015f\u0131nda kullan\u0131lamaz veya ba\u015fka \u00fcr\u00fcnle kombine edilemez, sadece orjinal \u00a0 \u00a0 endikasyonlar\u0131 i\u00e7in kullan\u0131labilir. \u00a0\u2022\u00a0Latex ve lasti\u011fe kar\u015f\u0131 alerjiniz varsa kullanmadan \u00f6nce \u00fcr\u00fcn\u00fcn materyal muhteviyat\u0131n\u0131 kontrol ediniz \u00a0 \u00a0 ve bu durumda \u00fcr\u00fcnle\u00a0 cildiniz aras\u0131nda teri ve nemi alacak bir giysi kullan\u0131n\u0131z. \u00a0\u2022 MED\u0130FORM \u00fcr\u00fcn \u015fekil, tasar\u0131m ve i\u015f\u00e7ili\u011finde \u00f6nceden bilgi vermeden de\u011fi\u015fiklik yapabilir. Y\u0131kama Talimat\u0131 \u00a0\u2022 \u00dcr\u00fcn\u00fc parma\u011f\u0131n\u0131z\u0131n aras\u0131ndan \u00e7\u0131kart\u0131n\u0131z. \u00a0\u2022 30\u00b0C&#8217;nin alt\u0131nda elde y\u0131kay\u0131n\u0131z. \u00a0\u2022 Y\u0131kand\u0131ktan sonra \u00fcr\u00fcn\u00fcn tamamen kurudu\u011funa emin olduktan sonra tak\u0131n\u0131z.<\/p>","protected":false},"featured_media":1759,"template":"","meta":[],"product_brand":[],"product_cat":[149,179,231],"product_tag":[],"class_list":{"0":"post-1758","1":"product","2":"type-product","3":"status-publish","4":"has-post-thumbnail","6":"product_cat-ayak-saglik-urunleri","7":"product_cat-hallux-valgus-destekleri","8":"product_cat-medikal-ortopedi-urunleri","10":"first","11":"instock","12":"shipping-taxable","13":"product-type-simple"},"_links":{"self":[{"href":"https:\/\/www.aydersan.com\/en\/wp-json\/wp\/v2\/product\/1758","targetHints":{"allow":["GET"]}}],"collection":[{"href":"https:\/\/www.aydersan.com\/en\/wp-json\/wp\/v2\/product"}],"about":[{"href":"https:\/\/www.aydersan.com\/en\/wp-json\/wp\/v2\/types\/product"}],"wp:featuredmedia":[{"embeddable":true,"href":"https:\/\/www.aydersan.com\/en\/wp-json\/wp\/v2\/media\/1759"}],"wp:attachment":[{"href":"https:\/\/www.aydersan.com\/en\/wp-json\/wp\/v2\/media?parent=1758"}],"wp:term":[{"taxonomy":"product_brand","embeddable":true,"href":"https:\/\/www.aydersan.com\/en\/wp-json\/wp\/v2\/product_brand?post=1758"},{"taxonomy":"product_cat","embeddable":true,"href":"https:\/\/www.aydersan.com\/en\/wp-json\/wp\/v2\/product_cat?post=1758"},{"taxonomy":"product_tag","embeddable":true,"href":"https:\/\/www.aydersan.com\/en\/wp-json\/wp\/v2\/product_tag?post=1758"}],"curies":[{"name":"wp","href":"https:\/\/api.w.org\/{rel}","templated":true}]}}