{"id":1753,"date":"2024-10-25T12:36:53","date_gmt":"2024-10-25T09:36:53","guid":{"rendered":"http:\/\/wordpress.aydersan.com\/ana-sayfa\/?post_type=product&#038;p=1753"},"modified":"2024-12-10T09:15:41","modified_gmt":"2024-12-10T06:15:41","slug":"malleol-destekli-ayak-bilekligi-silikon-destekli-tek-beden","status":"publish","type":"product","link":"https:\/\/www.aydersan.com\/en\/product\/malleol-destekli-ayak-bilekligi-silikon-destekli-tek-beden\/","title":{"rendered":"Malleol Destekli Ayak Bilekli\u011fi &#8211; Silikon Destekli (Tek Beden)"},"content":{"rendered":"<table id=\"table5\" style=\"height: 629px;\" width=\"919\" cellpadding=\"0\" align=\"left\">\n<tbody>\n<tr>\n<td>Size Selection<\/td>\n<\/tr>\n<tr>\n<td align=\"center\" width=\"570\">\n<p align=\"left\">\u00a0\u2022 This product is suitable for all sizes.<\/p>\n<\/td>\n<\/tr>\n<tr>\n<td>Product Features<\/td>\n<\/tr>\n<tr>\n<td>\n<div>\u00a0\u2022 In cases of edema, soft tissue lesions, arthritis, and osteoarthritis, mild support for the ankle...<\/div>\n<div>\u00a0 \u00a0 in sprains, it provides continuous compression to reduce post-sprain swelling.<\/div>\n<div>\u00a0\u2022 Protects the malleolus area of sprained ankles.<\/div>\n<div>\u00a0\u2022 Protects the malleolus area of sprained ankles.<\/div>\n<div>\u00a0\u2022 Made of 3 mm thick material with specially designed air pores, featuring elastic jersey on both inner and outer surfaces.<\/div>\n<div>\u00a0 \u00a0 It is made from laminated neoprene fabric with elastic jersey laminated on both the inner and outer surfaces.<\/div>\n<div>\u00a0\u2022 Neoprene fabric composition: \"Synthetic Rubber\" \u2013 70% Polyester, 30%.<\/div>\n<\/td>\n<\/tr>\n<tr>\n<td>Product Application<\/td>\n<\/tr>\n<tr>\n<td>\n<address>\u00a0\u2022 Make sure the product size fits your measurements.<\/address>\n<address>\u00a0\u2022 Open the Velcro straps.<\/address>\n<address>\u00a0\u2022 Make sure the heel is left exposed.<\/address>\n<address>\u00a0\u2022 After applying the product, fasten the Velcro straps.<\/address>\n<\/td>\n<\/tr>\n<tr>\n<td>Important Information and Warnings<\/td>\n<\/tr>\n<tr>\n<td>\n<address>\u00a0\u2022 This product should be used under a doctor's advice.<\/address>\n<div>\u00a0\u2022 This product is not fire-resistant. It loses its properties at high temperatures. Therefore, do not expose it to heat above 120\u00b0C.<\/div>\n<div>\u00a0 \u00a0 Do not leave.<\/div>\n<div>\u00a0\u2022 If you want to make small modifications to the product for comfort or ease of use, please...<\/div>\n<div>\u00a0 \u00a0 Please seek technical support from your doctor or the company from which you purchased the product.<\/div>\n<div>\u00a0\u2022 This product cannot be used for purposes other than its intended use or combined with another product; only the original<\/div>\n<div>\u00a0 \u00a0 ...it can only be used for its original indications.<\/div>\n<address>\u00a0\u2022 The usage duration of this product should not exceed 4 continuous hours per day unless advised otherwise by a doctor.<\/address>\n<div>\u00a0\u2022 If you are allergic to latex or rubber, please check the product's material content before use.<\/div>\n<div>\u00a0 \u00a0 and in this case, use a garment between the product and your skin that will absorb sweat and moisture.<\/div>\n<address>\u00a0\u2022 MED\u0130FORM may make changes to the product's shape, design, and workmanship without prior notice.<\/address>\n<\/td>\n<\/tr>\n<tr>\n<td>Washing Instructions<\/td>\n<\/tr>\n<tr>\n<td>\n<p align=\"center\"><img decoding=\"async\" src=\"https:\/\/www.eceform.com.tr\/class\/INNOVAEditor\/assets\/gallery1\/yikama_talimatiJPG.jpg\" alt=\"Washing Instructions\" border=\"0\" \/><\/p>\n<\/td>\n<\/tr>\n<tr>\n<td>\n<address>\u00a0\u2022 If present, fasten the Velcro straps.<\/address>\n<address>\u00a0\u2022 Remove the detachable plastic supports.<\/address>\n<address>\u00a0\u2022 Use a laundry bag if possible.<\/address>\n<address>\u00a0\u2022 Hand wash below 30\u00b0C.<\/address>\n<address>\u00a0\u2022 After washing, make sure the product is completely dry before wearing it.<\/address>\n<\/td>\n<\/tr>\n<\/tbody>\n<\/table>","protected":false},"excerpt":{"rendered":"<p>Beden Se\u00e7imi \u00a0\u2022 Bu \u00fcr\u00fcn t\u00fcm bedenler i\u00e7in uygundur. \u00dcr\u00fcn \u00d6zellikleri \u00a0\u2022\u00a0\u00d6dem, yumu\u015fak doku lezyonlar\u0131, artrit ve osteoartrit durumlarda, ayak bile\u011finin hafif dereceli \u00a0 \u00a0 burkulmalar\u0131nda burkulma sonras\u0131 \u00f6demi da\u011f\u0131tmak amac\u0131yla s\u00fcrekli\u00a0 kompres\u00a0sa\u011flar. \u00a0\u2022\u00a0Burkulmu\u015f bileklerin malleol b\u00f6lgesini korur. \u00a0\u2022\u00a0\u00dcr\u00fcnle birlikte gelen extra bandaj, ayak bile\u011fine extra destek sa\u011flar. \u00a0\u2022 3 mm kal\u0131nl\u0131\u011f\u0131nda \u00f6zel dizayn edilmi\u015f hava g\u00f6zeneklerine sahip, i\u00e7 ve d\u0131\u015f y\u00fczeyine elastik jarse \u00a0 \u00a0 kuma\u015f lamine edilmi\u015f neopren kuma\u015ftan imal edilmi\u015ftir. \u00a0\u2022 Neopren kuma\u015f muhteviyat\u0131; &#8220;Yapay Kau\u00e7uk&#8221; % 70 Polyester % 30 dur. \u00dcr\u00fcn\u00fcn Uygulanmas\u0131 \u00a0\u2022 \u00dcr\u00fcn bedeninin \u00f6l\u00e7\u00fcn\u00fcze uygun oldu\u011fundan emin olunuz. \u00a0\u2022 C\u0131rt bantlar\u0131n\u0131 a\u00e7\u0131n\u0131z. \u00a0\u2022 Topu\u011fun a\u00e7\u0131kta b\u0131rak\u0131ld\u0131\u011f\u0131ndan emin olunuz. \u00a0\u2022 \u00dcr\u00fcn\u00fc uygulad\u0131ktan sonra c\u0131rt bantlar\u0131n\u0131 kapat\u0131n\u0131z. \u00d6nemli Bilgiler ve Uyar\u0131lar \u00a0\u2022 Bu \u00fcr\u00fcn doktor tavsiyesi ile kullan\u0131l\u0131r. \u00a0\u2022 Bu \u00fcr\u00fcn yanmaz de\u011fildir. Y\u00fcksek \u0131s\u0131da \u00f6zelli\u011fini yitirir. Bu y\u00fczden 120&#8217;C \u00fczerinde \u0131s\u0131ya maruz \u00a0 \u00a0 b\u0131rakmay\u0131n\u0131z. \u00a0\u2022 \u00dcr\u00fcn \u00fczerinde konfor ya da kullan\u0131m kolayl\u0131\u011f\u0131 ad\u0131na k\u00fc\u00e7\u00fck de\u011fi\u015fiklikler yapmak isterseniz l\u00fctfen \u00a0 \u00a0 doktorunuzdan ya da \u00fcr\u00fcn\u00fc\u00a0 ald\u0131\u011f\u0131n\u0131z firmadan teknik destek al\u0131n\u0131z. \u00a0\u2022 Bu \u00fcr\u00fcn kullan\u0131m amac\u0131 d\u0131\u015f\u0131nda kullan\u0131lamaz veya ba\u015fka \u00fcr\u00fcnle kombine edilemez, sadece orjinal \u00a0 \u00a0 endikasyonlar\u0131 i\u00e7in kullan\u0131labilir. \u00a0\u2022 Bu \u00fcr\u00fcn\u00fcn kullan\u0131m s\u00fcresi doktor tavsiyesi d\u0131\u015f\u0131nda\u00a0g\u00fcn i\u00e7inde aral\u0131ks\u0131z 4\u00a0saati ge\u00e7memelidir. \u00a0\u2022 Latex ve lasti\u011fe kar\u015f\u0131 alerjiniz varsa kullanmadan \u00f6nce \u00fcr\u00fcn\u00fcn materyal muhteviyat\u0131n\u0131 kontrol ediniz \u00a0 \u00a0 ve bu durumda \u00fcr\u00fcnle\u00a0 cildiniz aras\u0131nda teri ve nemi alacak bir giysi kullan\u0131n\u0131z. \u00a0\u2022 MED\u0130FORM \u00fcr\u00fcn \u015fekil, tasar\u0131m ve i\u015f\u00e7ili\u011finde \u00f6nceden bilgi vermeden de\u011fi\u015fiklik yapabilir. Y\u0131kama Talimat\u0131 \u00a0\u2022 Var ise c\u0131rt bantlar\u0131n\u0131 kapat\u0131n\u0131z. \u00a0\u2022 \u00c7\u0131kar\u0131labilir plastik destekleri \u00e7\u0131kart\u0131n\u0131z. \u00a0\u2022 M\u00fcmk\u00fcnse y\u0131kama \u00e7antas\u0131n\u0131 kullan\u0131n\u0131z. \u00a0\u2022 30\u00b0C&#8217;nin alt\u0131nda elde y\u0131kay\u0131n\u0131z. \u00a0\u2022 Y\u0131kand\u0131ktan sonra \u00fcr\u00fcn\u00fcn tamamen kurudu\u011funa emin olduktan sonra tak\u0131n\u0131z.<\/p>","protected":false},"featured_media":1754,"template":"","meta":[],"product_brand":[],"product_cat":[148,177,231],"product_tag":[],"class_list":{"0":"post-1753","1":"product","2":"type-product","3":"status-publish","4":"has-post-thumbnail","6":"product_cat-ayak-bileklikleri-ve-ortezleri","7":"product_cat-ayak-bileklikleri","8":"product_cat-medikal-ortopedi-urunleri","10":"first","11":"instock","12":"shipping-taxable","13":"product-type-simple"},"_links":{"self":[{"href":"https:\/\/www.aydersan.com\/en\/wp-json\/wp\/v2\/product\/1753","targetHints":{"allow":["GET"]}}],"collection":[{"href":"https:\/\/www.aydersan.com\/en\/wp-json\/wp\/v2\/product"}],"about":[{"href":"https:\/\/www.aydersan.com\/en\/wp-json\/wp\/v2\/types\/product"}],"wp:featuredmedia":[{"embeddable":true,"href":"https:\/\/www.aydersan.com\/en\/wp-json\/wp\/v2\/media\/1754"}],"wp:attachment":[{"href":"https:\/\/www.aydersan.com\/en\/wp-json\/wp\/v2\/media?parent=1753"}],"wp:term":[{"taxonomy":"product_brand","embeddable":true,"href":"https:\/\/www.aydersan.com\/en\/wp-json\/wp\/v2\/product_brand?post=1753"},{"taxonomy":"product_cat","embeddable":true,"href":"https:\/\/www.aydersan.com\/en\/wp-json\/wp\/v2\/product_cat?post=1753"},{"taxonomy":"product_tag","embeddable":true,"href":"https:\/\/www.aydersan.com\/en\/wp-json\/wp\/v2\/product_tag?post=1753"}],"curies":[{"name":"wp","href":"https:\/\/api.w.org\/{rel}","templated":true}]}}