{"id":1743,"date":"2024-10-25T12:29:20","date_gmt":"2024-10-25T09:29:20","guid":{"rendered":"http:\/\/wordpress.aydersan.com\/ana-sayfa\/?post_type=product&#038;p=1743"},"modified":"2024-12-10T09:15:43","modified_gmt":"2024-12-10T06:15:43","slug":"malleol-destekli-ayak-bilekligi","status":"publish","type":"product","link":"https:\/\/www.aydersan.com\/en\/product\/malleol-destekli-ayak-bilekligi\/","title":{"rendered":"Ankle Brace with Malleolus Support"},"content":{"rendered":"<table id=\"table3\" style=\"height: 654px;\" width=\"925\" cellpadding=\"0\" align=\"left\">\n<tbody>\n<tr>\n<td colspan=\"6\">Size Selection<\/td>\n<\/tr>\n<tr>\n<td rowspan=\"2\" align=\"center\" width=\"75\"><img decoding=\"async\" src=\"https:\/\/www.eceform.com.tr\/class\/INNOVAEditor\/assets\/gallery1\/ayak_bilegi7566.jpg\" alt=\"Ayak Bile\u011fi \u00d6l\u00e7\u00fcs\u00fc\" align=\"center\" border=\"0\" \/><\/td>\n<td align=\"center\" width=\"99\">S<\/td>\n<td align=\"center\" width=\"99\">M<\/td>\n<td align=\"center\" width=\"99\">L<\/td>\n<td align=\"center\" width=\"99\">XL<\/td>\n<td align=\"center\" width=\"99\">XXL<\/td>\n<\/tr>\n<tr>\n<td align=\"center\" width=\"99\">24\/26 Cm<\/td>\n<td align=\"center\" width=\"99\">26\/28 Cm<\/td>\n<td align=\"center\" width=\"99\">28\/31 Cm<\/td>\n<td align=\"center\" width=\"99\">31\/34 Cm<\/td>\n<td align=\"center\" width=\"99\">34\/37 Cm<\/td>\n<\/tr>\n<tr>\n<td colspan=\"6\">Product Features<\/td>\n<\/tr>\n<tr>\n<td colspan=\"6\">\n<div>\u00a0\u2022 In cases of edema, soft tissue lesions, arthritis, and osteoarthritis, mild support for the ankle...<\/div>\n<div>\u00a0 \u00a0 in sprains, it provides continuous compression to reduce post-sprain swelling.<\/div>\n<div>\u00a0\u2022 Protects the malleolus area of sprained ankles.<\/div>\n<div>\u00a0\u2022 Protects the malleolus area of sprained ankles.<\/div>\n<div>\u00a0\u2022 Made of 3 mm thick material with specially designed air pores, featuring elastic jersey on both inner and outer surfaces.<\/div>\n<div>\u00a0 \u00a0 It is made from laminated neoprene fabric with elastic jersey laminated on both the inner and outer surfaces.<\/div>\n<div>\u00a0\u2022 Neoprene fabric composition: \"Synthetic Rubber\" \u2013 70% Polyester, 30%.<\/div>\n<\/td>\n<\/tr>\n<tr>\n<td colspan=\"6\">Product Application<\/td>\n<\/tr>\n<tr>\n<td colspan=\"6\">\n<address>\u00a0\u2022 Make sure the product size fits your measurements.<\/address>\n<address>\u00a0\u2022 Open the Velcro straps.<\/address>\n<address>\u00a0\u2022 Make sure the heel is left exposed.<\/address>\n<address>\u00a0\u2022 After applying the product, fasten the Velcro straps.<\/address>\n<\/td>\n<\/tr>\n<tr>\n<td colspan=\"6\">Important Information and Warnings<\/td>\n<\/tr>\n<tr>\n<td colspan=\"6\">\n<address>\u00a0\u2022 This product should be used under a doctor's advice.<\/address>\n<div>\u00a0\u2022 This product is not fire-resistant. It loses its properties at high temperatures. Therefore, do not expose it to heat above 120\u00b0C.<\/div>\n<div>\u00a0 \u00a0 Do not leave.<\/div>\n<div>\u00a0\u2022 If you want to make small modifications to the product for comfort or ease of use, please...<\/div>\n<div>\u00a0 \u00a0 Please seek technical support from your doctor or the company from which you purchased the product.<\/div>\n<div>\u00a0\u2022 This product cannot be used for purposes other than its intended use or combined with another product; only the original<\/div>\n<div>\u00a0 \u00a0 ...it can only be used for its original indications.<\/div>\n<address>\u00a0\u2022 The usage duration of this product should not exceed 4 continuous hours per day unless advised otherwise by a doctor.<\/address>\n<div>\u00a0\u2022 If you are allergic to latex or rubber, please check the product's material content before use.<\/div>\n<div>\u00a0 \u00a0 and in this case, use a garment between the product and your skin that will absorb sweat and moisture.<\/div>\n<address>\u00a0\u2022 MED\u0130FORM may make changes to the product's shape, design, and workmanship without prior notice.<\/address>\n<\/td>\n<\/tr>\n<tr>\n<td colspan=\"6\">Washing Instructions<\/td>\n<\/tr>\n<tr>\n<td colspan=\"6\">\n<p align=\"center\"><img decoding=\"async\" src=\"https:\/\/www.eceform.com.tr\/class\/INNOVAEditor\/assets\/gallery1\/yikama_talimatiJPG.jpg\" alt=\"Washing Instructions\" border=\"0\" \/><\/p>\n<\/td>\n<\/tr>\n<tr>\n<td colspan=\"6\">\n<address>\u00a0\u2022 If present, fasten the Velcro straps.<\/address>\n<address>\u00a0\u2022 Remove the detachable plastic supports.<\/address>\n<address>\u00a0\u2022 Use a laundry bag if possible.<\/address>\n<address>\u00a0\u2022 Hand wash below 30\u00b0C.<\/address>\n<address>\u00a0\u2022 After washing, make sure the product is completely dry before wearing it.<\/address>\n<\/td>\n<\/tr>\n<\/tbody>\n<\/table>","protected":false},"excerpt":{"rendered":"<p>Ankle Brace with Malleolus Support<\/p>","protected":false},"featured_media":1744,"template":"","meta":[],"product_brand":[],"product_cat":[148,177,231],"product_tag":[],"class_list":{"0":"post-1743","1":"product","2":"type-product","3":"status-publish","4":"has-post-thumbnail","6":"product_cat-ayak-bileklikleri-ve-ortezleri","7":"product_cat-ayak-bileklikleri","8":"product_cat-medikal-ortopedi-urunleri","10":"first","11":"instock","12":"shipping-taxable","13":"product-type-simple"},"_links":{"self":[{"href":"https:\/\/www.aydersan.com\/en\/wp-json\/wp\/v2\/product\/1743","targetHints":{"allow":["GET"]}}],"collection":[{"href":"https:\/\/www.aydersan.com\/en\/wp-json\/wp\/v2\/product"}],"about":[{"href":"https:\/\/www.aydersan.com\/en\/wp-json\/wp\/v2\/types\/product"}],"wp:featuredmedia":[{"embeddable":true,"href":"https:\/\/www.aydersan.com\/en\/wp-json\/wp\/v2\/media\/1744"}],"wp:attachment":[{"href":"https:\/\/www.aydersan.com\/en\/wp-json\/wp\/v2\/media?parent=1743"}],"wp:term":[{"taxonomy":"product_brand","embeddable":true,"href":"https:\/\/www.aydersan.com\/en\/wp-json\/wp\/v2\/product_brand?post=1743"},{"taxonomy":"product_cat","embeddable":true,"href":"https:\/\/www.aydersan.com\/en\/wp-json\/wp\/v2\/product_cat?post=1743"},{"taxonomy":"product_tag","embeddable":true,"href":"https:\/\/www.aydersan.com\/en\/wp-json\/wp\/v2\/product_tag?post=1743"}],"curies":[{"name":"wp","href":"https:\/\/api.w.org\/{rel}","templated":true}]}}