{"id":1714,"date":"2024-10-25T10:59:14","date_gmt":"2024-10-25T07:59:14","guid":{"rendered":"http:\/\/wordpress.aydersan.com\/ana-sayfa\/?post_type=product&#038;p=1714"},"modified":"2024-12-10T09:22:39","modified_gmt":"2024-12-10T06:22:39","slug":"tenisci-dirsekligi","status":"publish","type":"product","link":"https:\/\/www.aydersan.com\/en\/product\/tenisci-dirsekligi\/","title":{"rendered":"Tennis Elbow Brace"},"content":{"rendered":"<table id=\"table7\" style=\"height: 805px;\" width=\"915\" cellpadding=\"0\" align=\"left\">\n<tbody>\n<tr>\n<td colspan=\"6\">Size Selection<\/td>\n<\/tr>\n<tr>\n<td rowspan=\"2\" align=\"center\" width=\"75\"><img decoding=\"async\" src=\"https:\/\/www.eceform.com.tr\/class\/INNOVAEditor\/assets\/gallery1\/diz7585.jpg\" alt=\"Dirsek \u00d6l\u00e7\u00fcs\u00fc\" border=\"0\" \/><\/td>\n<td align=\"center\" width=\"99\">S<\/td>\n<td align=\"center\" width=\"99\">M<\/td>\n<td align=\"center\" width=\"99\">L<\/td>\n<td align=\"center\" width=\"99\">XL<\/td>\n<td align=\"center\" width=\"99\">XXL<\/td>\n<\/tr>\n<tr>\n<td align=\"center\" width=\"99\">22 \/ 25 Cm<\/td>\n<td align=\"center\" width=\"99\">25 \/ 28 Cm<\/td>\n<td align=\"center\" width=\"99\">28 \/ 31 Cm<\/td>\n<td align=\"center\" width=\"99\">31 \/ 34 Cm<\/td>\n<td align=\"center\" width=\"99\">34 \/ 37 Cm<\/td>\n<\/tr>\n<tr>\n<td colspan=\"6\">Product Features<\/td>\n<\/tr>\n<tr>\n<td colspan=\"6\">\n<div>\u00a0\u2022 This product is designed to provide protection, compression, warmth, and support to elbow joints.<\/div>\n<div>\u00a0\u2022 In tennis elbow syndrome,<\/div>\n<div>\u00a0\u2022 It is used in epicondylitis treatment.<\/div>\n<div>\u00a0\u2022 Made from 4.2 mm thick neoprene fabric.<\/div>\n<div>\u00a0\u2022 The inner surface of the neoprene fabric is lined with breathable, hypoallergenic fleece.<\/div>\n<div>\u00a0\u2022 The outer surface is covered with elastic jersey fabric.<\/div>\n<div>\u00a0\u2022 Fabric composition: 70% Neoprene, 30% Polyester.<\/div>\n<\/td>\n<\/tr>\n<tr>\n<td colspan=\"6\">Product Application<\/td>\n<\/tr>\n<tr>\n<td colspan=\"6\">\n<address>\u00a0\u2022 Make sure the product size fits your measurements.<\/address>\n<div>\u00a0\u2022 Open the Velcro straps.<\/div>\n<address>\u00a0\u2022 After putting on the product, fasten the Velcro straps.<\/address>\n<\/td>\n<\/tr>\n<tr>\n<td colspan=\"6\">Important Information and Warnings<\/td>\n<\/tr>\n<tr>\n<td colspan=\"6\">\n<address>\u00a0\u2022 This product should be used under a doctor's advice.<\/address>\n<div>\u00a0\u2022 This product is not fire-resistant. It loses its properties at high temperatures. Therefore, do not expose it to heat above 120\u00b0C.<\/div>\n<div>\u00a0 \u00a0 Do not leave.<\/div>\n<div>\u00a0\u2022 If you want to make small modifications to the product for comfort or ease of use, please...<\/div>\n<div>\u00a0 \u00a0 Please seek technical support from your doctor or the company from which you purchased the product.<\/div>\n<div>\u00a0\u2022 This product cannot be used for purposes other than its intended use or combined with another product; only the original<\/div>\n<div>\u00a0 \u00a0 ...it can only be used for its original indications.<\/div>\n<address>\u00a0\u2022 The usage duration of this product should not exceed 4 continuous hours per day unless advised otherwise by a doctor.<\/address>\n<div>\u00a0\u2022 If you are allergic to latex or rubber, please check the product's material content before use.<\/div>\n<div>\u00a0 \u00a0 and in this case, use a garment between the product and your skin that will absorb sweat and moisture.<\/div>\n<address>\u00a0\u2022 MED\u0130FORM may make changes to the product's shape, design, and workmanship without prior notice.<\/address>\n<\/td>\n<\/tr>\n<tr>\n<td colspan=\"6\">Washing Instructions<\/td>\n<\/tr>\n<tr>\n<td colspan=\"6\">\n<p align=\"center\"><img decoding=\"async\" src=\"https:\/\/www.eceform.com.tr\/class\/INNOVAEditor\/assets\/gallery1\/yikama_talimatiJPG.jpg\" alt=\"Washing Instructions\" border=\"0\" \/><\/p>\n<\/td>\n<\/tr>\n<tr>\n<td colspan=\"6\">\n<address>\u00a0\u2022 If present, fasten the Velcro straps.<\/address>\n<address>\u00a0\u2022 Use a laundry bag if possible.<\/address>\n<address>\u00a0\u2022 Hand wash below 30\u00b0C.<\/address>\n<address>\u00a0\u2022 After washing, make sure the product is completely dry before wearing it.<\/address>\n<\/td>\n<\/tr>\n<\/tbody>\n<\/table>","protected":false},"excerpt":{"rendered":"<p>Tennis Elbow Brace<\/p>","protected":false},"featured_media":1716,"template":"","meta":[],"product_brand":[],"product_cat":[146,174,231],"product_tag":[],"class_list":{"0":"post-1714","1":"product","2":"type-product","3":"status-publish","4":"has-post-thumbnail","6":"product_cat-dirseklik-ve-el-bilek-atelleri","7":"product_cat-dirseklikler","8":"product_cat-medikal-ortopedi-urunleri","10":"first","11":"instock","12":"shipping-taxable","13":"product-type-simple"},"_links":{"self":[{"href":"https:\/\/www.aydersan.com\/en\/wp-json\/wp\/v2\/product\/1714","targetHints":{"allow":["GET"]}}],"collection":[{"href":"https:\/\/www.aydersan.com\/en\/wp-json\/wp\/v2\/product"}],"about":[{"href":"https:\/\/www.aydersan.com\/en\/wp-json\/wp\/v2\/types\/product"}],"wp:featuredmedia":[{"embeddable":true,"href":"https:\/\/www.aydersan.com\/en\/wp-json\/wp\/v2\/media\/1716"}],"wp:attachment":[{"href":"https:\/\/www.aydersan.com\/en\/wp-json\/wp\/v2\/media?parent=1714"}],"wp:term":[{"taxonomy":"product_brand","embeddable":true,"href":"https:\/\/www.aydersan.com\/en\/wp-json\/wp\/v2\/product_brand?post=1714"},{"taxonomy":"product_cat","embeddable":true,"href":"https:\/\/www.aydersan.com\/en\/wp-json\/wp\/v2\/product_cat?post=1714"},{"taxonomy":"product_tag","embeddable":true,"href":"https:\/\/www.aydersan.com\/en\/wp-json\/wp\/v2\/product_tag?post=1714"}],"curies":[{"name":"wp","href":"https:\/\/api.w.org\/{rel}","templated":true}]}}