{"id":1713,"date":"2024-10-25T10:57:19","date_gmt":"2024-10-25T07:57:19","guid":{"rendered":"http:\/\/wordpress.aydersan.com\/ana-sayfa\/?post_type=product&#038;p=1713"},"modified":"2024-12-10T09:22:39","modified_gmt":"2024-12-10T06:22:39","slug":"universal-el-bilek-splinti-ateli-tek-beden","status":"publish","type":"product","link":"https:\/\/www.aydersan.com\/en\/product\/universal-el-bilek-splinti-ateli-tek-beden\/","title":{"rendered":"Universal El Bilek Splinti &#8211; Ateli (Tek Beden)"},"content":{"rendered":"<p>&#8221;<\/p>\n<table id=\"table4\">\n<tbody>\n<tr>\n<td><\/td>\n<td>\n<table id=\"table5\" style=\"height: 535px;\" width=\"1035\" cellpadding=\"0\" align=\"left\">\n<tbody>\n<tr>\n<td colspan=\"6\">Size Selection<\/td>\n<\/tr>\n<tr>\n<td rowspan=\"2\" align=\"center\" width=\"75\"><img decoding=\"async\" src=\"https:\/\/www.eceform.com.tr\/class\/INNOVAEditor\/assets\/gallery1\/elbilegi7580.jpg\" alt=\"El Bilek \u00d6l\u00e7\u00fcs\u00fc\" border=\"0\" \/><\/td>\n<td align=\"center\" width=\"99\">S<\/td>\n<td align=\"center\" width=\"99\">M<\/td>\n<td align=\"center\" width=\"99\">L<\/td>\n<td align=\"center\" width=\"99\">XL<\/td>\n<td align=\"center\" width=\"99\">XXL<\/td>\n<\/tr>\n<tr>\n<td align=\"center\" width=\"99\">15 \/ 17 Cm<\/td>\n<td align=\"center\" width=\"99\">17 \/ 19 Cm<\/td>\n<td align=\"center\" width=\"99\">19 \/ 21 Cm<\/td>\n<td align=\"center\" width=\"99\">21 \/ 23 Cm<\/td>\n<td align=\"center\" width=\"99\">23 \/ 25 Cm<\/td>\n<\/tr>\n<tr>\n<td colspan=\"6\">Product Features<\/td>\n<\/tr>\n<tr>\n<td colspan=\"6\">\n<div>\u00a0This product comes in 2 sizes: (S, M, L) and (XL, XXL). It is universal (no right\/left distinction).<\/div>\n<div>\u00a0\u2022 Used for wrist stabilization in conditions like carpal tunnel syndrome and tendonitis.<\/div>\n<div>\u00a0\u2022 The aluminum plate inside ensures wrist stabilization.<\/div>\n<div>\u00a0\u2022 It is made from woven fabric with elastic thread.<\/div>\n<div>\u00a0\u2022 The fabric composition is 20% Cotton, 55% Polyviscon, and 25% Elastane.<\/div>\n<\/td>\n<\/tr>\n<tr>\n<td colspan=\"6\">Product Application<\/td>\n<\/tr>\n<tr>\n<td colspan=\"6\">\n<address>\u00a0\u2022 Make sure the product size fits your measurements.<\/address>\n<div>\u00a0\u2022 Open the hook and loop fasteners and apply the product.<\/div>\n<address>\u00a0\u2022 Close the hook and loop fasteners.<\/address>\n<\/td>\n<\/tr>\n<tr>\n<td colspan=\"6\">Important Information and Warnings<\/td>\n<\/tr>\n<tr>\n<td colspan=\"6\">\n<address>\u00a0\u2022 This product should be used under a doctor's advice.<\/address>\n<div>\u00a0\u2022 This product is not fire-resistant. It loses its properties at high temperatures. Therefore, do not expose it to heat above 120\u00b0C.<\/div>\n<div>\u00a0 \u00a0 Do not leave.<\/div>\n<div>\u00a0\u2022 If you want to make small modifications to the product for comfort or ease of use, please...<\/div>\n<div>\u00a0 \u00a0 Please seek technical support from your doctor or the company from which you purchased the product.<\/div>\n<div>\u00a0\u2022 This product cannot be used for purposes other than its intended use or combined with another product; only the original<\/div>\n<div>\u00a0 \u00a0 ...it can only be used for its original indications.<\/div>\n<address>\u00a0The usage duration of this product should not exceed 8 continuous hours per day without a doctor's recommendation.<\/address>\n<div>\u00a0\u2022 If you are allergic to latex or rubber, please check the product's material content before use.<\/div>\n<div>\u00a0 \u00a0 and in this case, use a garment between the product and your skin that will absorb sweat and moisture.<\/div>\n<address>\u00a0\u2022 MED\u0130FORM may make changes to the product's shape, design, and workmanship without prior notice.<\/address>\n<\/td>\n<\/tr>\n<tr>\n<td colspan=\"6\">Washing Instructions<\/td>\n<\/tr>\n<tr>\n<td colspan=\"6\">\n<p align=\"center\"><img decoding=\"async\" src=\"https:\/\/www.eceform.com.tr\/class\/INNOVAEditor\/assets\/gallery1\/yikama_talimatiJPG.jpg\" alt=\"Washing Instructions\" border=\"0\" \/><\/p>\n<\/td>\n<\/tr>\n<tr>\n<td colspan=\"6\">\n<address>\u00a0\u2022 If present, fasten the Velcro straps.<\/address>\n<address>\u00a0\u2022 Remove the detachable plastic supports.<\/address>\n<address>\u00a0\u2022 Use a laundry bag if possible.<\/address>\n<address>\u00a0\u2022 Hand wash below 30\u00b0C.<\/address>\n<address>\u00a0\u2022 After washing, make sure the product is completely dry before wearing it.<\/address>\n<\/td>\n<\/tr>\n<\/tbody>\n<\/table>\n<\/td>\n<\/tr>\n<\/tbody>\n<\/table>","protected":false},"excerpt":{"rendered":"<p>Universal El Bilek Splinti &#8211; Ateli (Tek Beden)<\/p>","protected":false},"featured_media":1715,"template":"","meta":[],"product_brand":[],"product_cat":[146,172,231],"product_tag":[],"class_list":{"0":"post-1713","1":"product","2":"type-product","3":"status-publish","4":"has-post-thumbnail","6":"product_cat-dirseklik-ve-el-bilek-atelleri","7":"product_cat-el-bileklikleri","8":"product_cat-medikal-ortopedi-urunleri","10":"first","11":"instock","12":"shipping-taxable","13":"product-type-simple"},"_links":{"self":[{"href":"https:\/\/www.aydersan.com\/en\/wp-json\/wp\/v2\/product\/1713","targetHints":{"allow":["GET"]}}],"collection":[{"href":"https:\/\/www.aydersan.com\/en\/wp-json\/wp\/v2\/product"}],"about":[{"href":"https:\/\/www.aydersan.com\/en\/wp-json\/wp\/v2\/types\/product"}],"wp:featuredmedia":[{"embeddable":true,"href":"https:\/\/www.aydersan.com\/en\/wp-json\/wp\/v2\/media\/1715"}],"wp:attachment":[{"href":"https:\/\/www.aydersan.com\/en\/wp-json\/wp\/v2\/media?parent=1713"}],"wp:term":[{"taxonomy":"product_brand","embeddable":true,"href":"https:\/\/www.aydersan.com\/en\/wp-json\/wp\/v2\/product_brand?post=1713"},{"taxonomy":"product_cat","embeddable":true,"href":"https:\/\/www.aydersan.com\/en\/wp-json\/wp\/v2\/product_cat?post=1713"},{"taxonomy":"product_tag","embeddable":true,"href":"https:\/\/www.aydersan.com\/en\/wp-json\/wp\/v2\/product_tag?post=1713"}],"curies":[{"name":"wp","href":"https:\/\/api.w.org\/{rel}","templated":true}]}}