{"id":1695,"date":"2024-10-24T17:38:19","date_gmt":"2024-10-24T14:38:19","guid":{"rendered":"http:\/\/wordpress.aydersan.com\/ana-sayfa\/?post_type=product&#038;p=1695"},"modified":"2024-12-10T09:22:43","modified_gmt":"2024-12-10T06:22:43","slug":"dinamik-el-splinti-ateli","status":"publish","type":"product","link":"https:\/\/www.aydersan.com\/en\/product\/dinamik-el-splinti-ateli\/","title":{"rendered":"Dynamic Hand Splint \u2013 Splint"},"content":{"rendered":"<table id=\"table7\" style=\"height: 900px;\" width=\"869\" cellpadding=\"0\" align=\"left\">\n<tbody>\n<tr>\n<td colspan=\"3\">Size Selection<\/td>\n<\/tr>\n<tr>\n<td rowspan=\"2\" align=\"center\" width=\"75\"><img decoding=\"async\" src=\"https:\/\/www.eceform.com.tr\/class\/INNOVAEditor\/assets\/gallery1\/elbilegi7580.jpg\" alt=\"El Bilek \u00d6l\u00e7\u00fcs\u00fc\" border=\"0\" \/><\/td>\n<td align=\"center\" width=\"248\">\u00a0SIZE 1<\/td>\n<td align=\"center\" width=\"247\">SIZE 2<\/td>\n<\/tr>\n<tr>\n<td align=\"center\" width=\"248\">15 \/ 19 Cm<\/td>\n<td align=\"center\" width=\"247\">20 \/ 24 Cm<\/td>\n<\/tr>\n<tr>\n<td colspan=\"3\">Product Features<\/td>\n<\/tr>\n<tr>\n<td colspan=\"3\">\n<div>\u00a0\u2022 Bu \u00fcr\u00fcn bir cerrahi m\u00fcdahale sonras\u0131 hareketleri k\u0131s\u0131tlanan el parmaklar\u0131n\u0131n egzersizinde kullan\u0131lmak<\/div>\n<div>\u00a0 \u00a0 It is designed for this purpose.<\/div>\n<div>\u00a0\u2022 Bu \u00fcr\u00fcn ayr\u0131ca, parmak eklemleri ile ba\u011flant\u0131l\u0131 kas, tendon ve ligamentlerin olabildi\u011fince \u00e7abuk bir<\/div>\n<div>\u00a0 \u00a0 \u015fekilde rehabilite edilmesine yard\u0131mc\u0131 olur.<\/div>\n<div>\n<div>\u00a0It is covered with a special fabric laminated with fleeced sponge and reinforced with Velcro straps.<\/div>\n<\/div>\n<\/td>\n<\/tr>\n<tr>\n<td colspan=\"3\">Product Application<\/td>\n<\/tr>\n<tr>\n<td colspan=\"3\">\n<address>\u00a0\u2022 Make sure the product size fits your measurements.<\/address>\n<div>\u00a0\u2022 Open the hook and loop fasteners and apply the product.<\/div>\n<address>\u00a0\u2022 Close the hook and loop fasteners.<\/address>\n<\/td>\n<\/tr>\n<tr>\n<td colspan=\"3\">Important Information and Warnings<\/td>\n<\/tr>\n<tr>\n<td colspan=\"3\">\n<address>\u00a0\u2022 This product should be used under a doctor's advice.<\/address>\n<div>\u00a0\u2022 This product is not fire-resistant. It loses its properties at high temperatures. Therefore, do not expose it to heat above 120\u00b0C.<\/div>\n<div>\u00a0 \u00a0 Do not leave.<\/div>\n<div>\u00a0\u2022 If you want to make small modifications to the product for comfort or ease of use, please...<\/div>\n<div>\u00a0 \u00a0 Please seek technical support from your doctor or the company from which you purchased the product.<\/div>\n<div>\u00a0\u2022 This product cannot be used for purposes other than its intended use or combined with another product; only the original<\/div>\n<div>\u00a0 \u00a0 ...it can only be used for its original indications.<\/div>\n<address>\u00a0The usage duration of this product should not exceed 8 continuous hours per day without a doctor's recommendation.<\/address>\n<div>\u00a0\u2022 If you are allergic to latex or rubber, please check the product's material content before use.<\/div>\n<div>\u00a0 \u00a0 and in this case, use a garment between the product and your skin that will absorb sweat and moisture.<\/div>\n<address>\u00a0\u2022 MED\u0130FORM may make changes to the product's shape, design, and workmanship without prior notice.<\/address>\n<\/td>\n<\/tr>\n<tr>\n<td colspan=\"3\">Washing Instructions<\/td>\n<\/tr>\n<tr>\n<td colspan=\"3\">\n<p align=\"center\"><img decoding=\"async\" src=\"https:\/\/www.eceform.com.tr\/class\/INNOVAEditor\/assets\/gallery1\/yikama_talimatiJPG.jpg\" alt=\"Washing Instructions\" border=\"0\" \/><\/p>\n<\/td>\n<\/tr>\n<tr>\n<td colspan=\"3\">\n<address>\u00a0\u2022 If present, fasten the Velcro straps.<\/address>\n<address>\u00a0\u2022 Use a laundry bag if possible.<\/address>\n<address>\u00a0\u2022 Hand wash below 30\u00b0C.<\/address>\n<address>\u00a0\u2022 After washing, make sure the product is completely dry before wearing it.<\/address>\n<\/td>\n<\/tr>\n<\/tbody>\n<\/table>","protected":false},"excerpt":{"rendered":"<p>Beden Se\u00e7imi \u00a0SIZE 1 SIZE 2 15 \/ 19 Cm 20 \/ 24 Cm \u00dcr\u00fcn \u00d6zellikleri \u00a0\u2022 Bu \u00fcr\u00fcn bir cerrahi m\u00fcdahale sonras\u0131 hareketleri k\u0131s\u0131tlanan el parmaklar\u0131n\u0131n egzersizinde kullan\u0131lmak \u00a0 \u00a0 \u00fczere tasarlanm\u0131\u015ft\u0131r. \u00a0\u2022 Bu \u00fcr\u00fcn ayr\u0131ca, parmak eklemleri ile ba\u011flant\u0131l\u0131 kas, tendon ve ligamentlerin olabildi\u011fince \u00e7abuk bir \u00a0 \u00a0 \u015fekilde rehabilite edilmesine yard\u0131mc\u0131 olur. \u00a0\u2022 \u015eardonlu s\u00fcnger lamine edilmi\u015f \u00f6zel kuma\u015f ile kaplanm\u0131\u015f ve c\u0131rtlar ile desteklenmi\u015ftir. \u00dcr\u00fcn\u00fcn Uygulanmas\u0131 \u00a0\u2022 \u00dcr\u00fcn bedeninin \u00f6l\u00e7\u00fcn\u00fcze uygun oldu\u011fundan emin olunuz. \u00a0\u2022 C\u0131rt bantlar\u0131 a\u00e7\u0131n\u0131z ve \u00fcr\u00fcn\u00fc uygulay\u0131n\u0131z. \u00a0\u2022 C\u0131rt bantlar\u0131 kapat\u0131n\u0131z. \u00d6nemli Bilgiler ve Uyar\u0131lar \u00a0\u2022 Bu \u00fcr\u00fcn doktor tavsiyesi ile kullan\u0131l\u0131r. \u00a0\u2022 Bu \u00fcr\u00fcn yanmaz de\u011fildir. Y\u00fcksek \u0131s\u0131da \u00f6zelli\u011fini yitirir. Bu y\u00fczden 120&#8217;C \u00fczerinde \u0131s\u0131ya maruz \u00a0 \u00a0 b\u0131rakmay\u0131n\u0131z. \u00a0\u2022 \u00dcr\u00fcn \u00fczerinde konfor ya da kullan\u0131m kolayl\u0131\u011f\u0131 ad\u0131na k\u00fc\u00e7\u00fck de\u011fi\u015fiklikler yapmak isterseniz l\u00fctfen \u00a0 \u00a0 doktorunuzdan ya da \u00fcr\u00fcn\u00fc\u00a0 ald\u0131\u011f\u0131n\u0131z firmadan teknik destek al\u0131n\u0131z. \u00a0\u2022 Bu \u00fcr\u00fcn kullan\u0131m amac\u0131 d\u0131\u015f\u0131nda kullan\u0131lamaz veya ba\u015fka \u00fcr\u00fcnle kombine edilemez, sadece orjinal \u00a0 \u00a0 endikasyonlar\u0131 i\u00e7in kullan\u0131labilir. \u00a0\u2022 Bu \u00fcr\u00fcn\u00fcn kullan\u0131m s\u00fcresi doktor tavsiyesi d\u0131\u015f\u0131nda\u00a0g\u00fcn i\u00e7inde aral\u0131ks\u0131z 8\u00a0saati ge\u00e7memelidir. \u00a0\u2022 Latex ve lasti\u011fe kar\u015f\u0131 alerjiniz varsa kullanmadan \u00f6nce \u00fcr\u00fcn\u00fcn materyal muhteviyat\u0131n\u0131 kontrol ediniz \u00a0 \u00a0 ve bu durumda \u00fcr\u00fcnle\u00a0 cildiniz aras\u0131nda teri ve nemi alacak bir giysi kullan\u0131n\u0131z. \u00a0\u2022 MED\u0130FORM \u00fcr\u00fcn \u015fekil, tasar\u0131m ve i\u015f\u00e7ili\u011finde \u00f6nceden bilgi vermeden de\u011fi\u015fiklik yapabilir. Y\u0131kama Talimat\u0131 \u00a0\u2022 Var ise c\u0131rt bantlar\u0131n\u0131 kapat\u0131n\u0131z. \u00a0\u2022 M\u00fcmk\u00fcnse y\u0131kama \u00e7antas\u0131n\u0131 kullan\u0131n\u0131z. \u00a0\u2022 30\u00b0C&#8217;nin alt\u0131nda elde y\u0131kay\u0131n\u0131z. \u00a0\u2022 Y\u0131kand\u0131ktan sonra \u00fcr\u00fcn\u00fcn tamamen kurudu\u011funa emin olduktan sonra tak\u0131n\u0131z.<\/p>","protected":false},"featured_media":1696,"template":"","meta":[],"product_brand":[],"product_cat":[146,175,231],"product_tag":[],"class_list":{"0":"post-1695","1":"product","2":"type-product","3":"status-publish","4":"has-post-thumbnail","6":"product_cat-dirseklik-ve-el-bilek-atelleri","7":"product_cat-termoplastik-elbilek-destekleri","8":"product_cat-medikal-ortopedi-urunleri","10":"first","11":"instock","12":"shipping-taxable","13":"product-type-simple"},"_links":{"self":[{"href":"https:\/\/www.aydersan.com\/en\/wp-json\/wp\/v2\/product\/1695","targetHints":{"allow":["GET"]}}],"collection":[{"href":"https:\/\/www.aydersan.com\/en\/wp-json\/wp\/v2\/product"}],"about":[{"href":"https:\/\/www.aydersan.com\/en\/wp-json\/wp\/v2\/types\/product"}],"wp:featuredmedia":[{"embeddable":true,"href":"https:\/\/www.aydersan.com\/en\/wp-json\/wp\/v2\/media\/1696"}],"wp:attachment":[{"href":"https:\/\/www.aydersan.com\/en\/wp-json\/wp\/v2\/media?parent=1695"}],"wp:term":[{"taxonomy":"product_brand","embeddable":true,"href":"https:\/\/www.aydersan.com\/en\/wp-json\/wp\/v2\/product_brand?post=1695"},{"taxonomy":"product_cat","embeddable":true,"href":"https:\/\/www.aydersan.com\/en\/wp-json\/wp\/v2\/product_cat?post=1695"},{"taxonomy":"product_tag","embeddable":true,"href":"https:\/\/www.aydersan.com\/en\/wp-json\/wp\/v2\/product_tag?post=1695"}],"curies":[{"name":"wp","href":"https:\/\/api.w.org\/{rel}","templated":true}]}}