{"id":1690,"date":"2024-10-24T17:35:26","date_gmt":"2024-10-24T14:35:26","guid":{"rendered":"http:\/\/wordpress.aydersan.com\/ana-sayfa\/?post_type=product&#038;p=1690"},"modified":"2024-12-10T09:22:43","modified_gmt":"2024-12-10T06:22:43","slug":"statik-dequerwain-splinti-sert","status":"publish","type":"product","link":"https:\/\/www.aydersan.com\/en\/product\/statik-dequerwain-splinti-sert\/","title":{"rendered":"Dequerwain Static Splint \u2013 This Hard"},"content":{"rendered":"<table id=\"table7\" style=\"height: 737px;\" width=\"815\" cellpadding=\"0\" align=\"left\">\n<tbody>\n<tr>\n<td colspan=\"3\">Size Selection<\/td>\n<\/tr>\n<tr>\n<td rowspan=\"2\" align=\"center\" width=\"75\"><img decoding=\"async\" src=\"https:\/\/www.eceform.com.tr\/class\/INNOVAEditor\/assets\/gallery1\/elbilegi7580.jpg\" alt=\"El Bilek \u00d6l\u00e7\u00fcs\u00fc\" border=\"0\" \/><\/td>\n<td align=\"center\" width=\"248\">\u00a0SIZE 1<\/td>\n<td align=\"center\" width=\"247\">SIZE 2<\/td>\n<\/tr>\n<tr>\n<td align=\"center\" width=\"248\">\u00a015 \/ 19 Cm<\/td>\n<td align=\"center\" width=\"247\">20 \/ 24 Cm<\/td>\n<\/tr>\n<tr>\n<td colspan=\"3\">Product Features<\/td>\n<\/tr>\n<tr>\n<td colspan=\"3\">\n<div>\u00a0\u2022 El bile\u011fini 30 derece dorsifleksiyonda ve normal fleksiyonda tutarak istirahat pozisyonu sa\u011flar.<\/div>\n<div>\u00a0\u2022 Romatoid, artrit ve k\u0131r\u0131klarda da etkin bir \u015fekilde kullan\u0131l\u0131r.<\/div>\n<div>\n<div>\u00a0It is covered with a special fabric laminated with fleeced sponge and reinforced with Velcro straps.<\/div>\n<\/div>\n<\/td>\n<\/tr>\n<tr>\n<td colspan=\"3\">Product Application<\/td>\n<\/tr>\n<tr>\n<td colspan=\"3\">\n<address>\u00a0\u2022 Make sure the product size fits your measurements.<\/address>\n<div>\u00a0\u2022 Open the hook and loop fasteners and apply the product.<\/div>\n<address>\u00a0\u2022 Close the hook and loop fasteners.<\/address>\n<\/td>\n<\/tr>\n<tr>\n<td colspan=\"3\">Important Information and Warnings<\/td>\n<\/tr>\n<tr>\n<td colspan=\"3\">\n<address>\u00a0\u2022 This product should be used under a doctor's advice.<\/address>\n<div>\u00a0\u2022 This product is not fire-resistant. It loses its properties at high temperatures. Therefore, do not expose it to heat above 120\u00b0C.<\/div>\n<div>\u00a0 \u00a0 Do not leave.<\/div>\n<div>\u00a0\u2022 If you want to make small modifications to the product for comfort or ease of use, please...<\/div>\n<div>\u00a0 \u00a0 Please seek technical support from your doctor or the company from which you purchased the product.<\/div>\n<div>\u00a0\u2022 This product cannot be used for purposes other than its intended use or combined with another product; only the original<\/div>\n<div>\u00a0 \u00a0 ...it can only be used for its original indications.<\/div>\n<address>\u00a0The usage duration of this product should not exceed 8 continuous hours per day without a doctor's recommendation.<\/address>\n<div>\u00a0\u2022 If you are allergic to latex or rubber, please check the product's material content before use.<\/div>\n<div>\u00a0 \u00a0 and in this case, use a garment between the product and your skin that will absorb sweat and moisture.<\/div>\n<address>\u00a0\u2022 MED\u0130FORM may make changes to the product's shape, design, and workmanship without prior notice.<\/address>\n<\/td>\n<\/tr>\n<tr>\n<td colspan=\"3\">Washing Instructions<\/td>\n<\/tr>\n<tr>\n<td colspan=\"3\">\n<p align=\"center\"><img decoding=\"async\" src=\"https:\/\/www.eceform.com.tr\/class\/INNOVAEditor\/assets\/gallery1\/yikama_talimatiJPG.jpg\" alt=\"Washing Instructions\" border=\"0\" \/><\/p>\n<\/td>\n<\/tr>\n<tr>\n<td colspan=\"3\">\n<address>\u00a0\u2022 If present, fasten the Velcro straps.<\/address>\n<address>\u00a0\u2022 Use a laundry bag if possible.<\/address>\n<address>\u00a0\u2022 Hand wash below 30\u00b0C.<\/address>\n<address>\u00a0\u2022 Ensure the product is completely dry after washing before wearing it.<\/address>\n<\/td>\n<\/tr>\n<\/tbody>\n<\/table>","protected":false},"excerpt":{"rendered":"<p>Dequerwain Static Splint \u2013 This Hard<\/p>","protected":false},"featured_media":1691,"template":"","meta":[],"product_brand":[],"product_cat":[146,175,231],"product_tag":[],"class_list":{"0":"post-1690","1":"product","2":"type-product","3":"status-publish","4":"has-post-thumbnail","6":"product_cat-dirseklik-ve-el-bilek-atelleri","7":"product_cat-termoplastik-elbilek-destekleri","8":"product_cat-medikal-ortopedi-urunleri","10":"first","11":"instock","12":"shipping-taxable","13":"product-type-simple"},"_links":{"self":[{"href":"https:\/\/www.aydersan.com\/en\/wp-json\/wp\/v2\/product\/1690","targetHints":{"allow":["GET"]}}],"collection":[{"href":"https:\/\/www.aydersan.com\/en\/wp-json\/wp\/v2\/product"}],"about":[{"href":"https:\/\/www.aydersan.com\/en\/wp-json\/wp\/v2\/types\/product"}],"wp:featuredmedia":[{"embeddable":true,"href":"https:\/\/www.aydersan.com\/en\/wp-json\/wp\/v2\/media\/1691"}],"wp:attachment":[{"href":"https:\/\/www.aydersan.com\/en\/wp-json\/wp\/v2\/media?parent=1690"}],"wp:term":[{"taxonomy":"product_brand","embeddable":true,"href":"https:\/\/www.aydersan.com\/en\/wp-json\/wp\/v2\/product_brand?post=1690"},{"taxonomy":"product_cat","embeddable":true,"href":"https:\/\/www.aydersan.com\/en\/wp-json\/wp\/v2\/product_cat?post=1690"},{"taxonomy":"product_tag","embeddable":true,"href":"https:\/\/www.aydersan.com\/en\/wp-json\/wp\/v2\/product_tag?post=1690"}],"curies":[{"name":"wp","href":"https:\/\/api.w.org\/{rel}","templated":true}]}}