{"id":1393,"date":"2024-10-22T17:48:11","date_gmt":"2024-10-22T14:48:11","guid":{"rendered":"http:\/\/wordpress.aydersan.com\/ana-sayfa\/?post_type=product&#038;p=1393"},"modified":"2024-11-27T16:18:25","modified_gmt":"2024-11-27T13:18:25","slug":"prodexy-kadin-ic-tabanligi-degisebilir-tam-anatomik-gunluk-terlik-5","status":"publish","type":"product","link":"https:\/\/www.aydersan.com\/en\/product\/prodexy-kadin-ic-tabanligi-degisebilir-tam-anatomik-gunluk-terlik-5\/","title":{"rendered":"Prodexy Women's Replaceable Insole Fully Anatomical Daily Slipper"},"content":{"rendered":"<p><b>Prodexy<\/b> brand daily slippers are designed to provide the user with maximum comfort. Our <b>Prodexy<\/b> daily slippers, produced entirely in automated systems to minimize human error, ensure flawless production in every pair with the quality control systems we provide in production. All our <b>Prodexy<\/b> brand products are domestically produced.<\/p>\n<p>Upper: Made from high-quality materials, Prodexy daily slippers are water-resistant thanks to their special upper construction. They are suitable for use at the beach and seaside. Reinforced inner stitching is used to ensure extra durability and full protection.<\/p>\n<p>Insole: Our Bubble Comfort Plus fuspet technology features a fully anatomical design that ensures even distribution of body weight, helping to prevent hunching caused by poor posture. The orthopedic arch support and insole design with hundreds of air bubbles provide maximum comfort and a gentle massaging effect with every step, helping to reduce end-of-day fatigue.<\/p>\n<p>De\u011fi\u015ftirebilir \u0130\u00e7 Tabanl\u0131k:\u00a0Prodexy g\u00fcnl\u00fck terliklerimizin i\u00e7 tabanl\u0131\u011f\u0131 de\u011fi\u015ftirebilir olarak tasarland\u0131.\u00a0Prodexy\u00a0terliklerimizin i\u00e7 tabanl\u0131klar\u0131n\u0131 ister farkl\u0131 renk se\u00e7enekleri ister aya\u011f\u0131n\u0131za \u00f6zel yap\u0131m tabanl\u0131klar\u0131n\u0131zla de\u011fi\u015ftirerek kullanabilirsiniz.<\/p>\n<p>Taban:\u00a0Tam otomasyon \u00fcretim parkurunda enjeksiyon sistemde \u00fcretilen tabanlar\u0131m\u0131z do\u011fada \u00e7\u00f6z\u00fcnebilir poli\u00fcretan malzemeden \u00fcretilmi\u015ftir. Hafif ve dayan\u0131kl\u0131 yap\u0131s\u0131yla aya\u011f\u0131n\u0131z\u0131 yormaz, uzun kullan\u0131m \u00f6mr\u00fcne sahiptir. Enjeksiyon sistemde \u00fcretilenterliklerimizde yap\u0131\u015ft\u0131rma i\u015flemi el de\u011fmeden otomatik bilgisayarl\u0131 makinelerde yap\u0131l\u0131r.<\/p>\n<p>&nbsp;<\/p>\n<p>Product Usage Guide:<\/p>\n<p>\u00b7 Do not wash your Prodexy slippers by hand or machine. Do not clean them with chemical substances.<\/p>\n<p>\u00b7 Please do not place wet or damp Prodexy products under radiators or near stoves. Do not attempt to dry them with fast dryers. Instead, gently pat them dry with a clean cloth and allow them to air dry naturally.<\/p>\n<p>\u00b7 Our products are covered by a 6-month warranty against sole breakage, workmanship, and material defects.<\/p>\n<p>\u00b7 Wear and tear caused by impacts, collisions, friction, and tearing during use are not covered by the warranty.<\/p>","protected":false},"excerpt":{"rendered":"<p><b>Prodexy<\/b> brand daily slippers are designed to provide the user with maximum comfort. Our <b>Prodexy<\/b> daily slippers, produced entirely in automated systems to minimize human error, ensure flawless production in every pair with the quality control systems we provide in production. All our <b>Prodexy<\/b> brand products are domestically produced.<\/p>","protected":false},"featured_media":1394,"template":"","meta":[],"product_brand":[],"product_cat":[145,169],"product_tag":[],"class_list":{"0":"post-1393","1":"product","2":"type-product","3":"status-publish","4":"has-post-thumbnail","6":"product_cat-terlikler","7":"product_cat-gunluk-terlikler","9":"first","10":"instock","11":"shipping-taxable","12":"product-type-simple"},"_links":{"self":[{"href":"https:\/\/www.aydersan.com\/en\/wp-json\/wp\/v2\/product\/1393","targetHints":{"allow":["GET"]}}],"collection":[{"href":"https:\/\/www.aydersan.com\/en\/wp-json\/wp\/v2\/product"}],"about":[{"href":"https:\/\/www.aydersan.com\/en\/wp-json\/wp\/v2\/types\/product"}],"wp:featuredmedia":[{"embeddable":true,"href":"https:\/\/www.aydersan.com\/en\/wp-json\/wp\/v2\/media\/1394"}],"wp:attachment":[{"href":"https:\/\/www.aydersan.com\/en\/wp-json\/wp\/v2\/media?parent=1393"}],"wp:term":[{"taxonomy":"product_brand","embeddable":true,"href":"https:\/\/www.aydersan.com\/en\/wp-json\/wp\/v2\/product_brand?post=1393"},{"taxonomy":"product_cat","embeddable":true,"href":"https:\/\/www.aydersan.com\/en\/wp-json\/wp\/v2\/product_cat?post=1393"},{"taxonomy":"product_tag","embeddable":true,"href":"https:\/\/www.aydersan.com\/en\/wp-json\/wp\/v2\/product_tag?post=1393"}],"curies":[{"name":"wp","href":"https:\/\/api.w.org\/{rel}","templated":true}]}}