{"id":1285,"date":"2024-10-22T15:35:29","date_gmt":"2024-10-22T12:35:29","guid":{"rendered":"http:\/\/wordpress.aydersan.com\/ana-sayfa\/?post_type=product&#038;p=1285"},"modified":"2024-11-27T12:43:34","modified_gmt":"2024-11-27T09:43:34","slug":"prodexy-delikli-yuksek-topuk-beyaz-bayan-sabo","status":"publish","type":"product","link":"https:\/\/www.aydersan.com\/en\/product\/prodexy-delikli-yuksek-topuk-beyaz-bayan-sabo\/","title":{"rendered":"Prodexy Perforated High Heel White Ladies' Clog"},"content":{"rendered":"<p>Our Sabo Slippers are an extremely orthopedic and anatomically designed slipper model. This slipper model adapts to the shape of your foot over time, providing an extremely ergonomic fit. It also features a closed toe design that protects your feet.<\/p>\n<p>-The closed-toe design features micro-perforations that allow breathability in the toe area, preventing the formation of harmful bacteria.<\/p>\n<p>\u2013 Specially designed sabo slippers provide protection and comfort with their unique inner structure, leather insole, anatomically shaped heel, and closed-toe design. They do not tire the feet, keep them warm and dry, and thanks to their antibacterial structure, they help prevent foot problems such as eczema and fungus.<\/p>\n<p>\u2013 Foot discomforts in humans are generally viral and bacterial in origin. This not only causes unpleasant foot odor but also invites various skin conditions.<\/p>\n<p>\u2013 Each of your feet contains over 250,000 sweat glands. These glands contribute to the formation of bacteria, and if proper foot hygiene is not maintained or your feet are not ventilated, bacteria can easily develop. This can lead to a wide range of foot-related problems.<\/p>\n<p>\u2013 These slippers help prevent varicose veins, a common issue that frequently occurs in the feet.<\/p>\n<p>\u2013 With its ergonomic design and superior features, it offers the best usability for those who work on their feet and move actively for long hours.<\/p>\n<p>-G\u0131da ve sa\u011fl\u0131k sekt\u00f6r\u00fc gibi ayakta ve hareketli bir \u00e7al\u0131\u015fma gerektiren sekt\u00f6rlerde sabo terlikler tercih edilir. \u0130\u015f sahipleri personeli i\u00e7in toptan\u00a0sabo terlik\u00a0al\u0131m\u0131 sa\u011flayarak sa\u011fl\u0131kl\u0131 bir i\u015f ya\u015fam\u0131 hedeflerler.<\/p>\n<p>\u2013 Our personnel clogs, produced in accordance with quality standards, are made from strong and durable materials, making them highly long-lasting.<\/p>","protected":false},"excerpt":{"rendered":"<p>Our clogs are an extremely orthopedic and anatomically compatible slipper model.<\/p>\n<p>This slipper model molds to the shape of your foot with use, presenting an extremely ergonomic appearance.<\/p>\n<p>It also features a closed front portion that protects your feet.<\/p>","protected":false},"featured_media":1286,"template":"","meta":[],"product_brand":[],"product_cat":[145,168],"product_tag":[],"class_list":{"0":"post-1285","1":"product","2":"type-product","3":"status-publish","4":"has-post-thumbnail","6":"product_cat-terlikler","7":"product_cat-anatomik-sabo-terlikler","9":"first","10":"instock","11":"shipping-taxable","12":"product-type-simple"},"_links":{"self":[{"href":"https:\/\/www.aydersan.com\/en\/wp-json\/wp\/v2\/product\/1285","targetHints":{"allow":["GET"]}}],"collection":[{"href":"https:\/\/www.aydersan.com\/en\/wp-json\/wp\/v2\/product"}],"about":[{"href":"https:\/\/www.aydersan.com\/en\/wp-json\/wp\/v2\/types\/product"}],"wp:featuredmedia":[{"embeddable":true,"href":"https:\/\/www.aydersan.com\/en\/wp-json\/wp\/v2\/media\/1286"}],"wp:attachment":[{"href":"https:\/\/www.aydersan.com\/en\/wp-json\/wp\/v2\/media?parent=1285"}],"wp:term":[{"taxonomy":"product_brand","embeddable":true,"href":"https:\/\/www.aydersan.com\/en\/wp-json\/wp\/v2\/product_brand?post=1285"},{"taxonomy":"product_cat","embeddable":true,"href":"https:\/\/www.aydersan.com\/en\/wp-json\/wp\/v2\/product_cat?post=1285"},{"taxonomy":"product_tag","embeddable":true,"href":"https:\/\/www.aydersan.com\/en\/wp-json\/wp\/v2\/product_tag?post=1285"}],"curies":[{"name":"wp","href":"https:\/\/api.w.org\/{rel}","templated":true}]}}