{"id":2331,"date":"2024-06-26T11:09:35","date_gmt":"2024-06-26T08:09:35","guid":{"rendered":"http:\/\/wordpress.aydersan.com\/ana-sayfa\/?page_id=2331"},"modified":"2024-12-12T09:52:33","modified_gmt":"2024-12-12T06:52:33","slug":"argeveuretim","status":"publish","type":"page","link":"https:\/\/www.aydersan.com\/en\/argeveuretim\/","title":{"rendered":"R &amp; D and production"},"content":{"rendered":"<div data-elementor-type=\"wp-page\" data-elementor-id=\"2331\" class=\"elementor elementor-2331\">\n\t\t\t\t<div class=\"elementor-element elementor-element-efbd664 e-flex e-con-boxed wpr-particle-no wpr-jarallax-no wpr-parallax-no wpr-sticky-section-no e-con e-parent\" data-id=\"efbd664\" data-element_type=\"container\" data-settings=\"{&quot;background_background&quot;:&quot;classic&quot;,&quot;shape_divider_bottom&quot;:&quot;waves&quot;}\">\n\t\t\t\t\t<div class=\"e-con-inner\">\n\t\t\t\t<div class=\"elementor-shape elementor-shape-bottom\" aria-hidden=\"true\" data-negative=\"false\">\n\t\t\t<svg xmlns=\"http:\/\/www.w3.org\/2000\/svg\" viewbox=\"0 0 1000 100\" preserveaspectratio=\"none\">\n\t<path class=\"elementor-shape-fill\" d=\"M421.9,6.5c22.6-2.5,51.5,0.4,75.5,5.3c23.6,4.9,70.9,23.5,100.5,35.7c75.8,32.2,133.7,44.5,192.6,49.7\tc23.6,2.1,48.7,3.5,103.4-2.5c54.7-6,106.2-25.6,106.2-25.6V0H0v30.3c0,0,72,32.6,158.4,30.5c39.2-0.7,92.8-6.7,134-22.4\tc21.2-8.1,52.2-18.2,79.7-24.2C399.3,7.9,411.6,7.5,421.9,6.5z\"\/>\n<\/svg>\t\t<\/div>\n\t\t\t\t<div class=\"elementor-element elementor-element-1a9d933 elementor-widget elementor-widget-heading\" data-id=\"1a9d933\" data-element_type=\"widget\" data-widget_type=\"heading.default\">\n\t\t\t\t<div class=\"elementor-widget-container\">\n\t\t\t\t\t<h2 class=\"elementor-heading-title elementor-size-default\">R &amp; D and production<\/h2>\t\t\t\t<\/div>\n\t\t\t\t<\/div>\n\t\t\t\t\t<\/div>\n\t\t\t\t<\/div>\n\t\t<div class=\"elementor-element elementor-element-c19dccc e-flex e-con-boxed wpr-particle-no wpr-jarallax-no wpr-parallax-no wpr-sticky-section-no e-con e-parent\" data-id=\"c19dccc\" data-element_type=\"container\">\n\t\t\t\t\t<div class=\"e-con-inner\">\n\t\t<div class=\"elementor-element elementor-element-355e7e0 e-flex e-con-boxed wpr-particle-no wpr-jarallax-no wpr-parallax-no wpr-sticky-section-no e-con e-child\" data-id=\"355e7e0\" data-element_type=\"container\">\n\t\t\t\t\t<div class=\"e-con-inner\">\n\t\t<div class=\"elementor-element elementor-element-445ae76 e-con-full e-flex wpr-particle-no wpr-jarallax-no wpr-parallax-no wpr-sticky-section-no elementor-invisible e-con e-child\" data-id=\"445ae76\" data-element_type=\"container\" data-settings=\"{&quot;animation&quot;:&quot;fadeIn&quot;}\">\n\t\t\t\t<div class=\"elementor-element elementor-element-14511be elementor-widget elementor-widget-image\" data-id=\"14511be\" data-element_type=\"widget\" data-widget_type=\"image.default\">\n\t\t\t\t<div class=\"elementor-widget-container\">\n\t\t\t\t\t\t\t\t\t\t\t\t\t\t\t<img fetchpriority=\"high\" decoding=\"async\" width=\"1200\" height=\"1200\" src=\"https:\/\/www.aydersan.com\/wp-content\/uploads\/2024\/10\/ONE-K301.jpg\" class=\"attachment-full size-full wp-image-1912\" alt=\"\" srcset=\"https:\/\/www.aydersan.com\/wp-content\/uploads\/2024\/10\/ONE-K301.jpg 1200w, https:\/\/www.aydersan.com\/wp-content\/uploads\/2024\/10\/ONE-K301-300x300.jpg 300w, https:\/\/www.aydersan.com\/wp-content\/uploads\/2024\/10\/ONE-K301-1024x1024.jpg 1024w, https:\/\/www.aydersan.com\/wp-content\/uploads\/2024\/10\/ONE-K301-150x150.jpg 150w, https:\/\/www.aydersan.com\/wp-content\/uploads\/2024\/10\/ONE-K301-768x768.jpg 768w, https:\/\/www.aydersan.com\/wp-content\/uploads\/2024\/10\/ONE-K301-230x230.jpg 230w, https:\/\/www.aydersan.com\/wp-content\/uploads\/2024\/10\/ONE-K301-400x400.jpg 400w, https:\/\/www.aydersan.com\/wp-content\/uploads\/2024\/10\/ONE-K301-600x600.jpg 600w, https:\/\/www.aydersan.com\/wp-content\/uploads\/2024\/10\/ONE-K301-640x640.jpg 640w, https:\/\/www.aydersan.com\/wp-content\/uploads\/2024\/10\/ONE-K301-100x100.jpg 100w\" sizes=\"(max-width: 1200px) 100vw, 1200px\" \/>\t\t\t\t\t\t\t\t\t\t\t\t\t\t\t<\/div>\n\t\t\t\t<\/div>\n\t\t\t\t<\/div>\n\t\t<div class=\"elementor-element elementor-element-29f06d5 e-con-full e-flex wpr-particle-no wpr-jarallax-no wpr-parallax-no wpr-sticky-section-no elementor-invisible e-con e-child\" data-id=\"29f06d5\" data-element_type=\"container\" data-settings=\"{&quot;animation&quot;:&quot;slideInRight&quot;}\">\n\t\t\t\t<div class=\"elementor-element elementor-element-72176f3 elementor-widget elementor-widget-heading\" data-id=\"72176f3\" data-element_type=\"widget\" data-widget_type=\"heading.default\">\n\t\t\t\t<div class=\"elementor-widget-container\">\n\t\t\t\t\t<h2 class=\"elementor-heading-title elementor-size-default\"><span class=\"elementor-heading-title elementor-size-default elementor-inline-editing pen\" data-elementor-setting-key=\"title\" data-pen-placeholder=\"Buraya Yaz\u0131n...\" style=\"font-weight: 500;line-height: 1.2em;font-size: 35px\">R &amp; D and design: continuous innovation and development<\/span><\/h2>\t\t\t\t<\/div>\n\t\t\t\t<\/div>\n\t\t\t\t<div class=\"elementor-element elementor-element-466e379 elementor-widget elementor-widget-text-editor\" data-id=\"466e379\" data-element_type=\"widget\" data-widget_type=\"text-editor.default\">\n\t\t\t\t<div class=\"elementor-widget-container\">\n\t\t\t\t\t\t\t\t\t<p>Aydersan , and follows the technological developments since its inception and has a structure that can quickly meet the demands of its customers in the future. Produces products aiming at increasing customer satisfaction, accordingly, also in R &amp; D and its design department.<\/p><p>Aydersan in design and development processes, the definition of the products to be designed and developed after the presentation to the Consumer until all activities are carefully planned and controlled. Customer demands for all design and development activities as well as sectoral and technological developments are followed closely. In this way, Aydersan , the most recent and the most appropriate methods to produce high quality products, always developing.<\/p>\t\t\t\t\t\t\t\t<\/div>\n\t\t\t\t<\/div>\n\t\t\t\t<\/div>\n\t\t\t\t\t<\/div>\n\t\t\t\t<\/div>\n\t\t<div class=\"elementor-element elementor-element-d54601c e-flex e-con-boxed wpr-particle-no wpr-jarallax-no wpr-parallax-no wpr-sticky-section-no elementor-invisible e-con e-child\" data-id=\"d54601c\" data-element_type=\"container\" data-settings=\"{&quot;animation&quot;:&quot;fadeIn&quot;}\">\n\t\t\t\t\t<div class=\"e-con-inner\">\n\t\t\t\t<div class=\"elementor-element elementor-element-17e5e39 elementor-widget elementor-widget-heading\" data-id=\"17e5e39\" data-element_type=\"widget\" data-widget_type=\"heading.default\">\n\t\t\t\t<div class=\"elementor-widget-container\">\n\t\t\t\t\t<h2 class=\"elementor-heading-title elementor-size-default\">Production: quality, productivity and technological investments<\/h2>\t\t\t\t<\/div>\n\t\t\t\t<\/div>\n\t\t\t\t<div class=\"elementor-element elementor-element-5270d63 elementor-widget elementor-widget-text-editor\" data-id=\"5270d63\" data-element_type=\"widget\" data-widget_type=\"text-editor.default\">\n\t\t\t\t<div class=\"elementor-widget-container\">\n\t\t\t\t\t\t\t\t\t<p>With manufacturing operations in aydersan, experienced and professional staff, along with the customers needs in the most efficient manner and without limits is carried out. Aydersan polyurethane injection system that provided the production facilities with automation in computer-based model of a molding system uses.<\/p><p>Always keeping quality in production process in the forefront, in the name of quality control will reduce the quality aydersa meticulously to avoid any situation that improve processes and how these processes operate. Aydersan met at the most economical level of customer expectations and strategic objectives of quality control mechanisms to ensure that it is continuously working.<\/p>\t\t\t\t\t\t\t\t<\/div>\n\t\t\t\t<\/div>\n\t\t\t\t\t<\/div>\n\t\t\t\t<\/div>\n\t\t<div class=\"elementor-element elementor-element-3dda4cf e-flex e-con-boxed wpr-particle-no wpr-jarallax-no wpr-parallax-no wpr-sticky-section-no e-con e-child\" data-id=\"3dda4cf\" data-element_type=\"container\">\n\t\t\t\t\t<div class=\"e-con-inner\">\n\t\t<div class=\"elementor-element elementor-element-fd176b2 e-con-full e-flex wpr-particle-no wpr-jarallax-no wpr-parallax-no wpr-sticky-section-no elementor-invisible e-con e-child\" data-id=\"fd176b2\" data-element_type=\"container\" data-settings=\"{&quot;animation&quot;:&quot;slideInLeft&quot;}\">\n\t\t\t\t<div class=\"elementor-element elementor-element-ef7f145 elementor-widget elementor-widget-heading\" data-id=\"ef7f145\" data-element_type=\"widget\" data-widget_type=\"heading.default\">\n\t\t\t\t<div class=\"elementor-widget-container\">\n\t\t\t\t\t<h2 class=\"elementor-heading-title elementor-size-default\">Total Quality Management: On The Basis Of Excellence<\/h2>\t\t\t\t<\/div>\n\t\t\t\t<\/div>\n\t\t\t\t<div class=\"elementor-element elementor-element-237e1c6 elementor-widget elementor-widget-text-editor\" data-id=\"237e1c6\" data-element_type=\"widget\" data-widget_type=\"text-editor.default\">\n\t\t\t\t<div class=\"elementor-widget-container\">\n\t\t\t\t\t\t\t\t\t<p>Aydersan has adopted the Total Quality Management System the quality system as the focal point and allows you to encourage all employees to participate in. Who cares about customer satisfaction, long-term success that can benefit the community and aimed at an understanding with aydersa is implementing this management model.<\/p><p>Aydersan conceptual and technological developments in the sector in the light of constantly renewing and variety of product design, is committed to providing the highest quality service always. Product variety, quality are increased so as to make sustainable, and sales channels are kept up to date. Aydersa in this way, high-quality, stable and continues to serve in a competitive manner.<\/p>\t\t\t\t\t\t\t\t<\/div>\n\t\t\t\t<\/div>\n\t\t\t\t<div class=\"elementor-element elementor-element-56f6593 elementor-icon-list--layout-traditional elementor-list-item-link-full_width elementor-widget elementor-widget-icon-list\" data-id=\"56f6593\" data-element_type=\"widget\" data-widget_type=\"icon-list.default\">\n\t\t\t\t<div class=\"elementor-widget-container\">\n\t\t\t\t\t\t\t<ul class=\"elementor-icon-list-items\">\n\t\t\t\t\t\t\t<li class=\"elementor-icon-list-item\">\n\t\t\t\t\t\t\t\t\t\t\t<span class=\"elementor-icon-list-icon\">\n\t\t\t\t\t\t\t<svg aria-hidden=\"true\" class=\"e-font-icon-svg e-fas-check-circle\" viewbox=\"0 0 512 512\" xmlns=\"http:\/\/www.w3.org\/2000\/svg\"><path d=\"M504 256c0 136.967-111.033 248-248 248S8 392.967 8 256 119.033 8 256 8s248 111.033 248 248zM227.314 387.314l184-184c6.248-6.248 6.248-16.379 0-22.627l-22.627-22.627c-6.248-6.249-16.379-6.249-22.628 0L216 308.118l-70.059-70.059c-6.248-6.248-16.379-6.248-22.628 0l-22.627 22.627c-6.248 6.248-6.248 16.379 0 22.627l104 104c6.249 6.249 16.379 6.249 22.628.001z\"><\/path><\/svg>\t\t\t\t\t\t<\/span>\n\t\t\t\t\t\t\t\t\t\t<span class=\"elementor-icon-list-text\">Strengthening Of Quality Control Processes<\/span>\n\t\t\t\t\t\t\t\t\t<\/li>\n\t\t\t\t\t\t\t\t<li class=\"elementor-icon-list-item\">\n\t\t\t\t\t\t\t\t\t\t\t<span class=\"elementor-icon-list-icon\">\n\t\t\t\t\t\t\t<svg aria-hidden=\"true\" class=\"e-font-icon-svg e-fas-check-circle\" viewbox=\"0 0 512 512\" xmlns=\"http:\/\/www.w3.org\/2000\/svg\"><path d=\"M504 256c0 136.967-111.033 248-248 248S8 392.967 8 256 119.033 8 256 8s248 111.033 248 248zM227.314 387.314l184-184c6.248-6.248 6.248-16.379 0-22.627l-22.627-22.627c-6.248-6.249-16.379-6.249-22.628 0L216 308.118l-70.059-70.059c-6.248-6.248-16.379-6.248-22.628 0l-22.627 22.627c-6.248 6.248-6.248 16.379 0 22.627l104 104c6.249 6.249 16.379 6.249 22.628.001z\"><\/path><\/svg>\t\t\t\t\t\t<\/span>\n\t\t\t\t\t\t\t\t\t\t<span class=\"elementor-icon-list-text\">Employee involvement and training programs<\/span>\n\t\t\t\t\t\t\t\t\t<\/li>\n\t\t\t\t\t\t\t\t<li class=\"elementor-icon-list-item\">\n\t\t\t\t\t\t\t\t\t\t\t<span class=\"elementor-icon-list-icon\">\n\t\t\t\t\t\t\t<svg aria-hidden=\"true\" class=\"e-font-icon-svg e-fas-check-circle\" viewbox=\"0 0 512 512\" xmlns=\"http:\/\/www.w3.org\/2000\/svg\"><path d=\"M504 256c0 136.967-111.033 248-248 248S8 392.967 8 256 119.033 8 256 8s248 111.033 248 248zM227.314 387.314l184-184c6.248-6.248 6.248-16.379 0-22.627l-22.627-22.627c-6.248-6.249-16.379-6.249-22.628 0L216 308.118l-70.059-70.059c-6.248-6.248-16.379-6.248-22.628 0l-22.627 22.627c-6.248 6.248-6.248 16.379 0 22.627l104 104c6.249 6.249 16.379 6.249 22.628.001z\"><\/path><\/svg>\t\t\t\t\t\t<\/span>\n\t\t\t\t\t\t\t\t\t\t<span class=\"elementor-icon-list-text\">Integrating Customer Feedback<\/span>\n\t\t\t\t\t\t\t\t\t<\/li>\n\t\t\t\t\t\t\t\t<li class=\"elementor-icon-list-item\">\n\t\t\t\t\t\t\t\t\t\t\t<span class=\"elementor-icon-list-icon\">\n\t\t\t\t\t\t\t<svg aria-hidden=\"true\" class=\"e-font-icon-svg e-fas-check-circle\" viewbox=\"0 0 512 512\" xmlns=\"http:\/\/www.w3.org\/2000\/svg\"><path d=\"M504 256c0 136.967-111.033 248-248 248S8 392.967 8 256 119.033 8 256 8s248 111.033 248 248zM227.314 387.314l184-184c6.248-6.248 6.248-16.379 0-22.627l-22.627-22.627c-6.248-6.249-16.379-6.249-22.628 0L216 308.118l-70.059-70.059c-6.248-6.248-16.379-6.248-22.628 0l-22.627 22.627c-6.248 6.248-6.248 16.379 0 22.627l104 104c6.249 6.249 16.379 6.249 22.628.001z\"><\/path><\/svg>\t\t\t\t\t\t<\/span>\n\t\t\t\t\t\t\t\t\t\t<span class=\"elementor-icon-list-text\">A Culture Of Continuous Improvement<\/span>\n\t\t\t\t\t\t\t\t\t<\/li>\n\t\t\t\t\t\t\t\t<li class=\"elementor-icon-list-item\">\n\t\t\t\t\t\t\t\t\t\t\t<span class=\"elementor-icon-list-icon\">\n\t\t\t\t\t\t\t<svg aria-hidden=\"true\" class=\"e-font-icon-svg e-fas-check-circle\" viewbox=\"0 0 512 512\" xmlns=\"http:\/\/www.w3.org\/2000\/svg\"><path d=\"M504 256c0 136.967-111.033 248-248 248S8 392.967 8 256 119.033 8 256 8s248 111.033 248 248zM227.314 387.314l184-184c6.248-6.248 6.248-16.379 0-22.627l-22.627-22.627c-6.248-6.249-16.379-6.249-22.628 0L216 308.118l-70.059-70.059c-6.248-6.248-16.379-6.248-22.628 0l-22.627 22.627c-6.248 6.248-6.248 16.379 0 22.627l104 104c6.249 6.249 16.379 6.249 22.628.001z\"><\/path><\/svg>\t\t\t\t\t\t<\/span>\n\t\t\t\t\t\t\t\t\t\t<span class=\"elementor-icon-list-text\">Data-driven decision making and performance monitoring<\/span>\n\t\t\t\t\t\t\t\t\t<\/li>\n\t\t\t\t\t\t\t\t<li class=\"elementor-icon-list-item\">\n\t\t\t\t\t\t\t\t\t\t\t<span class=\"elementor-icon-list-icon\">\n\t\t\t\t\t\t\t<svg aria-hidden=\"true\" class=\"e-font-icon-svg e-fas-check-circle\" viewbox=\"0 0 512 512\" xmlns=\"http:\/\/www.w3.org\/2000\/svg\"><path d=\"M504 256c0 136.967-111.033 248-248 248S8 392.967 8 256 119.033 8 256 8s248 111.033 248 248zM227.314 387.314l184-184c6.248-6.248 6.248-16.379 0-22.627l-22.627-22.627c-6.248-6.249-16.379-6.249-22.628 0L216 308.118l-70.059-70.059c-6.248-6.248-16.379-6.248-22.628 0l-22.627 22.627c-6.248 6.248-6.248 16.379 0 22.627l104 104c6.249 6.249 16.379 6.249 22.628.001z\"><\/path><\/svg>\t\t\t\t\t\t<\/span>\n\t\t\t\t\t\t\t\t\t\t<span class=\"elementor-icon-list-text\">Certification and compliance with international standards<\/span>\n\t\t\t\t\t\t\t\t\t<\/li>\n\t\t\t\t\t\t<\/ul>\n\t\t\t\t\t\t<\/div>\n\t\t\t\t<\/div>\n\t\t\t\t<div class=\"elementor-element elementor-element-6667c82 elementor-widget elementor-widget-text-editor\" data-id=\"6667c82\" data-element_type=\"widget\" data-widget_type=\"text-editor.default\">\n\t\t\t\t<div class=\"elementor-widget-container\">\n\t\t\t\t\t\t\t\t\t<p>By prioritizing the quality in every process with the aim of aydersan of excellence, sustainable guarantees success.<\/p>\t\t\t\t\t\t\t\t<\/div>\n\t\t\t\t<\/div>\n\t\t\t\t<\/div>\n\t\t<div class=\"elementor-element elementor-element-2e78a03 e-con-full e-flex wpr-particle-no wpr-jarallax-no wpr-parallax-no wpr-sticky-section-no elementor-invisible e-con e-child\" data-id=\"2e78a03\" data-element_type=\"container\" data-settings=\"{&quot;animation&quot;:&quot;fadeIn&quot;}\">\n\t\t\t\t<div class=\"elementor-element elementor-element-1a8de45 elementor-widget elementor-widget-image\" data-id=\"1a8de45\" data-element_type=\"widget\" data-widget_type=\"image.default\">\n\t\t\t\t<div class=\"elementor-widget-container\">\n\t\t\t\t\t\t\t\t\t\t\t\t\t\t\t<img decoding=\"async\" width=\"800\" height=\"800\" src=\"https:\/\/www.aydersan.com\/wp-content\/uploads\/2024\/06\/3011.png\" class=\"attachment-full size-full wp-image-2245\" alt=\"\" srcset=\"https:\/\/www.aydersan.com\/wp-content\/uploads\/2024\/06\/3011.png 800w, https:\/\/www.aydersan.com\/wp-content\/uploads\/2024\/06\/3011-300x300.png 300w, https:\/\/www.aydersan.com\/wp-content\/uploads\/2024\/06\/3011-150x150.png 150w, https:\/\/www.aydersan.com\/wp-content\/uploads\/2024\/06\/3011-768x768.png 768w\" sizes=\"(max-width: 800px) 100vw, 800px\" \/>\t\t\t\t\t\t\t\t\t\t\t\t\t\t\t<\/div>\n\t\t\t\t<\/div>\n\t\t\t\t<\/div>\n\t\t\t\t\t<\/div>\n\t\t\t\t<\/div>\n\t\t\t\t\t<\/div>\n\t\t\t\t<\/div>\n\t\t\t\t<\/div>","protected":false},"excerpt":{"rendered":"<p>Arge ve \u00dcretim Ar-Ge ve Tasar\u0131m: S\u00fcrekli Yenilik ve Geli\u015fim Aydersan, kuruldu\u011fu g\u00fcnden bu yana teknolojik geli\u015fmeleri s\u00fcrekli takip etmekte ve m\u00fc\u015fterilerinin taleplerini gelecekte dahi h\u0131zl\u0131 bir \u015fekilde kar\u015f\u0131layabilecek yap\u0131ya sahiptir. M\u00fc\u015fteri memnuniyetini art\u0131rmay\u0131 hedefleyen \u00fcr\u00fcnler \u00fcretmekte, ayr\u0131ca buna uygun Ar-Ge ve Tasar\u0131m Departman\u0131na sahip olmaktad\u0131r. Aydersan\u2019da tasar\u0131m ve geli\u015ftirme s\u00fcre\u00e7leri, tasarlanacak ve geli\u015ftirilecek \u00fcr\u00fcnlerin belirlenmesinden sonra, t\u00fcketiciye sunumuna kadar t\u00fcm faaliyetler titizlikle planlanmakta ve kontrol edilmektedir. T\u00fcm tasar\u0131m ve geli\u015ftirme faaliyetleri i\u00e7in m\u00fc\u015fteri talepleri yan\u0131 s\u0131ra sekt\u00f6rel ve teknolojik geli\u015fmeler yak\u0131ndan takip edilmektedir. Bu sayede Aydersan, her zaman en g\u00fcncel ve kaliteli \u00fcr\u00fcnleri \u00fcretmek i\u00e7in en uygun y\u00f6ntemleri geli\u015ftirmektedir. \u00dcretim: Kalite, Verimlilik ve Teknolojik Yat\u0131r\u0131mlar Aydersan\u2019da \u00fcretim faaliyetleri, deneyimli ve profesyonel \u00e7al\u0131\u015fanlar ile birlikte, m\u00fc\u015fterilerinin istek ve ihtiya\u00e7lar\u0131n\u0131 s\u0131n\u0131r tan\u0131maks\u0131z\u0131n en verimli \u015fekilde ger\u00e7ekle\u015ftirilmektedir. Poli\u00fcretan enjeksiyon sistemi ile otomasyonu sa\u011flam\u0131\u015f olan Aydersan, \u00fcretim tesislerinde bilgisayar tabanl\u0131 model kal\u0131plama sistemini etkin olarak kullanmaktad\u0131r. \u00dcretim s\u00fcre\u00e7lerinde kalitenin her zaman \u00f6n planda tutulmas\u0131 ad\u0131na, Aydersan, kaliteyi azaltacak herhangi bir durum olu\u015fmamas\u0131 i\u00e7in Kalite Kontrol s\u00fcre\u00e7lerini geli\u015ftirmekte ve bu s\u00fcre\u00e7leri titizlikle i\u015flemektedir. M\u00fc\u015fteri beklentilerinin ve Aydersan\u2019\u0131n stratejik ama\u00e7lar\u0131n\u0131n en ekonomik seviyede kar\u015f\u0131lanabilmesi i\u00e7in kalite kontrol mekanizmalar\u0131 s\u00fcrekli olarak \u00e7al\u0131\u015fmaktad\u0131r. Toplam Kalite Y\u00f6netimi: M\u00fckemmeliyetin Temelinde Aydersan, kalite odak noktas\u0131 olarak Toplam Kalite Y\u00f6netimi sistemini benimsemi\u015f ve t\u00fcm \u00e7al\u0131\u015fanlar\u0131n\u0131n bu sisteme kat\u0131l\u0131m\u0131n\u0131 sa\u011flamaktad\u0131r. M\u00fc\u015fteri memnuniyetini \u00f6nemseyen, uzun vadeli ba\u015far\u0131y\u0131 hedefleyen ve topluma yarar sa\u011flayabilen bir anlay\u0131\u015fla, Aydersan bu y\u00f6netim modelini uygulamaktad\u0131r. Aydersan, sekt\u00f6rdeki tasar\u0131msal ve teknolojik geli\u015fmeleri \u0131\u015f\u0131\u011f\u0131nda, \u00fcr\u00fcn tasar\u0131m\u0131n\u0131 ve \u00e7e\u015fitlili\u011fini s\u00fcrekli yenileyerek, her zaman en kaliteli hizmeti sunmay\u0131 ama\u00e7lamaktad\u0131r. \u00dcr\u00fcn \u00e7e\u015fitlili\u011fi, kaliteyi s\u00fcrd\u00fcr\u00fclebilir k\u0131lacak \u015fekilde art\u0131r\u0131lmakta ve sat\u0131\u015f kanallar\u0131 g\u00fcncel tutulmaktad\u0131r. Bu \u015fekilde Aydersan, kaliteli, istikrarl\u0131 ve rekabet\u00e7i bir \u015fekilde hizmet vermeye devam etmektedir. Kalite Kontrol S\u00fcre\u00e7lerinin G\u00fc\u00e7lendirilmesi \u00c7al\u0131\u015fan Kat\u0131l\u0131m\u0131 ve E\u011fitim Programlar\u0131 M\u00fc\u015fteri Geri Bildirimlerinin Entegre Edilmesi S\u00fcrekli \u0130yile\u015ftirme K\u00fclt\u00fcr\u00fc Veri Odakl\u0131 Karar Verme ve Performans \u0130zleme Sertifikasyon ve Uluslararas\u0131 Standartlara Uyum Aydersan\u2019\u0131n m\u00fckemmeliyet hedefiyle her s\u00fcre\u00e7te kaliteyi \u00f6n planda tutarak, s\u00fcrd\u00fcr\u00fclebilir ba\u015far\u0131y\u0131 garantiler.<\/p>","protected":false},"author":1,"featured_media":0,"parent":0,"menu_order":0,"comment_status":"closed","ping_status":"closed","template":"elementor_canvas","meta":{"footnotes":""},"class_list":["post-2331","page","type-page","status-publish","hentry"],"_links":{"self":[{"href":"https:\/\/www.aydersan.com\/en\/wp-json\/wp\/v2\/pages\/2331","targetHints":{"allow":["GET"]}}],"collection":[{"href":"https:\/\/www.aydersan.com\/en\/wp-json\/wp\/v2\/pages"}],"about":[{"href":"https:\/\/www.aydersan.com\/en\/wp-json\/wp\/v2\/types\/page"}],"author":[{"embeddable":true,"href":"https:\/\/www.aydersan.com\/en\/wp-json\/wp\/v2\/users\/1"}],"replies":[{"embeddable":true,"href":"https:\/\/www.aydersan.com\/en\/wp-json\/wp\/v2\/comments?post=2331"}],"version-history":[{"count":0,"href":"https:\/\/www.aydersan.com\/en\/wp-json\/wp\/v2\/pages\/2331\/revisions"}],"wp:attachment":[{"href":"https:\/\/www.aydersan.com\/en\/wp-json\/wp\/v2\/media?parent=2331"}],"curies":[{"name":"wp","href":"https:\/\/api.w.org\/{rel}","templated":true}]}}