{"id":1780,"date":"2024-10-25T13:48:20","date_gmt":"2024-10-25T10:48:20","guid":{"rendered":"http:\/\/wordpress.aydersan.com\/ana-sayfa\/?post_type=product&#038;p=1780"},"modified":"2024-12-10T09:28:36","modified_gmt":"2024-12-10T06:28:36","slug":"fitik-bagi-ciftli","status":"publish","type":"product","link":"http:\/\/www.aydersan.com\/tr\/urun\/fitik-bagi-ciftli\/","title":{"rendered":"F\u0131t\u0131k Ba\u011f\u0131 &#8211; \u00c7iftli"},"content":{"rendered":"<table id=\"table7\" style=\"height: 487px;\" width=\"832\" cellpadding=\"0\" align=\"left\">\n<tbody>\n<tr>\n<td>Beden Se\u00e7imi<\/td>\n<\/tr>\n<tr>\n<td align=\"center\" width=\"570\">\n<p align=\"left\">\u00a0Bu \u00fcr\u00fcn t\u00fcm bedenler i\u00e7in uygun \u00f6zellikte ve standartta olup tek bedendir.<\/p>\n<\/td>\n<\/tr>\n<tr>\n<td>\u00dcr\u00fcn \u00d6zellikleri<\/td>\n<\/tr>\n<tr>\n<td>\n<div>\u00a0\u2022 Bu \u00fcr\u00fcn kas\u0131k f\u0131t\u0131\u011f\u0131na yumu\u015fak destek sa\u011flamas\u0131 amac\u0131yla tasarlanm\u0131\u015ft\u0131r.<\/div>\n<div>\u00a0\u2022 \u0130ki adet pedi vard\u0131r.<\/div>\n<div>\u00a0\u2022\u00a0Elastik misinal\u0131 dokuma kuma\u015ftan imal edilmi\u015ftir.<\/div>\n<div>\u00a0\u2022 Kuma\u015f muhteviyat\u0131; % 20 Pamuk, % 55 Poliviscon, % 25 Elastan d\u0131r.<\/div>\n<\/td>\n<\/tr>\n<tr>\n<td>\u00dcr\u00fcn\u00fcn Uygulanmas\u0131<\/td>\n<\/tr>\n<tr>\n<td>\n<address>\u00a0\u2022 \u00dcr\u00fcn bedeninin \u00f6l\u00e7\u00fcn\u00fcze uygun oldu\u011fundan emin olunuz.<\/address>\n<div>\u00a0\u2022 C\u0131rt bantlar\u0131 a\u00e7\u0131n\u0131z ve \u00fcr\u00fcn\u00fc uygulay\u0131n\u0131z.<\/div>\n<address>\u00a0\u2022 C\u0131rt bantlar\u0131 kapat\u0131n\u0131z.<\/address>\n<\/td>\n<\/tr>\n<tr>\n<td>\u00d6nemli Bilgiler ve Uyar\u0131lar<\/td>\n<\/tr>\n<tr>\n<td>\n<address>\u00a0\u2022 Bu \u00fcr\u00fcn doktor tavsiyesi ile kullan\u0131l\u0131r.<\/address>\n<div>\u00a0\u2022 Bu \u00fcr\u00fcn yanmaz de\u011fildir. Y\u00fcksek \u0131s\u0131da \u00f6zelli\u011fini yitirir. Bu y\u00fczden 120&#8217;C \u00fczerinde \u0131s\u0131ya maruz<\/div>\n<div>\u00a0 \u00a0 b\u0131rakmay\u0131n\u0131z.<\/div>\n<div>\u00a0\u2022 \u00dcr\u00fcn \u00fczerinde konfor ya da kullan\u0131m kolayl\u0131\u011f\u0131 ad\u0131na k\u00fc\u00e7\u00fck de\u011fi\u015fiklikler yapmak isterseniz l\u00fctfen<\/div>\n<div>\u00a0 \u00a0 doktorunuzdan ya da \u00fcr\u00fcn\u00fc\u00a0 ald\u0131\u011f\u0131n\u0131z firmadan teknik destek al\u0131n\u0131z.<\/div>\n<div>\u00a0\u2022 Bu \u00fcr\u00fcn kullan\u0131m amac\u0131 d\u0131\u015f\u0131nda kullan\u0131lamaz veya ba\u015fka \u00fcr\u00fcnle kombine edilemez, sadece orjinal<\/div>\n<div>\u00a0 \u00a0 endikasyonlar\u0131 i\u00e7in kullan\u0131labilir.<\/div>\n<div>\u00a0\u2022 Latex ve lasti\u011fe kar\u015f\u0131 alerjiniz varsa kullanmadan \u00f6nce \u00fcr\u00fcn\u00fcn materyal muhteviyat\u0131n\u0131 kontrol ediniz<\/div>\n<div>\u00a0 \u00a0 ve bu durumda \u00fcr\u00fcnle\u00a0 cildiniz aras\u0131nda teri ve nemi alacak bir giysi kullan\u0131n\u0131z.<\/div>\n<address>\u00a0\u2022 MED\u0130FORM \u00fcr\u00fcn \u015fekil, tasar\u0131m ve i\u015f\u00e7ili\u011finde \u00f6nceden bilgi vermeden de\u011fi\u015fiklik yapabilir.<\/address>\n<\/td>\n<\/tr>\n<tr>\n<td>Y\u0131kama Talimat\u0131<\/td>\n<\/tr>\n<tr>\n<td>\n<p align=\"center\"><img decoding=\"async\" src=\"https:\/\/www.eceform.com.tr\/class\/INNOVAEditor\/assets\/gallery1\/yikama_talimatiJPG.jpg\" alt=\"Y\u0131kama Talimat\u0131\" border=\"0\" \/><\/p>\n<\/td>\n<\/tr>\n<tr>\n<td>\n<address>\u00a0\u2022 M\u00fcmk\u00fcnse y\u0131kama \u00e7antas\u0131n\u0131 kullan\u0131n\u0131z.<\/address>\n<address>\u00a0\u2022 40\u00b0C&#8217;nin alt\u0131nda elde ya da makinede y\u0131kay\u0131n\u0131z.<\/address>\n<address>\u00a0\u2022 Y\u0131kand\u0131ktan sonra \u00fcr\u00fcn\u00fcn tamamen kurudu\u011funa emin olduktan sonra tak\u0131n\u0131z.<\/address>\n<\/td>\n<\/tr>\n<\/tbody>\n<\/table>\n","protected":false},"excerpt":{"rendered":"<p>F\u0131t\u0131k Ba\u011f\u0131 &#8211; \u00c7iftli<\/p>\n","protected":false},"featured_media":1781,"template":"","meta":[],"product_brand":[],"product_cat":[156,182,231],"product_tag":[],"class_list":{"0":"post-1780","1":"product","2":"type-product","3":"status-publish","4":"has-post-thumbnail","6":"product_cat-rehabilitasyon-ve-ortopedi-urunleri","7":"product_cat-diger-ortepedi-urunleri","8":"product_cat-medikal-ortopedi-urunleri","10":"first","11":"instock","12":"shipping-taxable","13":"product-type-simple"},"_links":{"self":[{"href":"http:\/\/www.aydersan.com\/tr\/wp-json\/wp\/v2\/product\/1780","targetHints":{"allow":["GET"]}}],"collection":[{"href":"http:\/\/www.aydersan.com\/tr\/wp-json\/wp\/v2\/product"}],"about":[{"href":"http:\/\/www.aydersan.com\/tr\/wp-json\/wp\/v2\/types\/product"}],"wp:featuredmedia":[{"embeddable":true,"href":"http:\/\/www.aydersan.com\/tr\/wp-json\/wp\/v2\/media\/1781"}],"wp:attachment":[{"href":"http:\/\/www.aydersan.com\/tr\/wp-json\/wp\/v2\/media?parent=1780"}],"wp:term":[{"taxonomy":"product_brand","embeddable":true,"href":"http:\/\/www.aydersan.com\/tr\/wp-json\/wp\/v2\/product_brand?post=1780"},{"taxonomy":"product_cat","embeddable":true,"href":"http:\/\/www.aydersan.com\/tr\/wp-json\/wp\/v2\/product_cat?post=1780"},{"taxonomy":"product_tag","embeddable":true,"href":"http:\/\/www.aydersan.com\/tr\/wp-json\/wp\/v2\/product_tag?post=1780"}],"curies":[{"name":"wp","href":"https:\/\/api.w.org\/{rel}","templated":true}]}}